{"id":28368,"date":"2023-10-05T14:26:57","date_gmt":"2023-10-05T14:26:57","guid":{"rendered":"https:\/\/store.evolve-fitness.eu\/product\/evolve-soporte-para-cuerda-cinturon\/"},"modified":"2024-03-13T23:30:29","modified_gmt":"2024-03-13T23:30:29","slug":"evolve-soporte-para-cuerda-cinturon","status":"publish","type":"product","link":"https:\/\/store.evolve-fitness.eu\/es\/producto\/evolve-soporte-para-cuerda-cinturon\/","title":{"rendered":"Evolve Soporte para cuerda \/ cintur\u00f3n"},"content":{"rendered":"","protected":false},"excerpt":{"rendered":"<p>Libera tu potencial de entrenamiento con el soporte para cuerda\/cintur\u00f3n Evolve, un componente clave del sistema de equipamiento Evolve. Dise\u00f1ado para ser vers\u00e1til, este soporte modular se integra perfectamente en tus entrenamientos funcionales, de CrossFit, en grupo o individuales. Su adaptabilidad le permite crear un equipo personalizado, ampliando sus opciones de entrenamiento y funcionalidad. Mejora tu forma f\u00edsica hoy mismo con este accesorio imprescindible. Precio por pieza.<\/p>\n","protected":false},"featured_media":28374,"template":"","meta":{"_acf_changed":false,"inline_featured_image":false},"product_cat":[432,574,648,651],"product_tag":[],"class_list":{"0":"post-28368","1":"product","2":"type-product","3":"status-publish","4":"has-post-thumbnail","6":"product_cat-pagina-de-inicio","7":"product_cat-transversal-y-funcional","8":"product_cat-componentes-de-la-plataforma","9":"product_cat-accesorios","11":"first","12":"instock","13":"shipping-taxable","14":"purchasable","15":"product-type-simple"},"acf":[],"_links":{"self":[{"href":"https:\/\/store.evolve-fitness.eu\/es\/wp-json\/wp\/v2\/product\/28368","targetHints":{"allow":["GET"]}}],"collection":[{"href":"https:\/\/store.evolve-fitness.eu\/es\/wp-json\/wp\/v2\/product"}],"about":[{"href":"https:\/\/store.evolve-fitness.eu\/es\/wp-json\/wp\/v2\/types\/product"}],"wp:featuredmedia":[{"embeddable":true,"href":"https:\/\/store.evolve-fitness.eu\/es\/wp-json\/wp\/v2\/media\/28374"}],"wp:attachment":[{"href":"https:\/\/store.evolve-fitness.eu\/es\/wp-json\/wp\/v2\/media?parent=28368"}],"wp:term":[{"taxonomy":"product_cat","embeddable":true,"href":"https:\/\/store.evolve-fitness.eu\/es\/wp-json\/wp\/v2\/product_cat?post=28368"},{"taxonomy":"product_tag","embeddable":true,"href":"https:\/\/store.evolve-fitness.eu\/es\/wp-json\/wp\/v2\/product_tag?post=28368"}],"curies":[{"name":"wp","href":"https:\/\/api.w.org\/{rel}","templated":true}]}}