{"id":28238,"date":"2023-10-04T13:54:10","date_gmt":"2023-10-04T13:54:10","guid":{"rendered":"https:\/\/store.evolve-fitness.eu\/product\/barra-de-inmersion-evolve\/"},"modified":"2024-08-06T12:55:37","modified_gmt":"2024-08-06T12:55:37","slug":"barra-de-inmersion-evolve","status":"publish","type":"product","link":"https:\/\/store.evolve-fitness.eu\/es\/producto\/barra-de-inmersion-evolve\/","title":{"rendered":"Barra de inmersi\u00f3n Evolve"},"content":{"rendered":"","protected":false},"excerpt":{"rendered":"<p>La barra de inmersi\u00f3n Evolve es un equipo de fitness vers\u00e1til dise\u00f1ado para mejorar tus entrenamientos funcionales, sesiones de CrossFit, entrenamientos en grupo o rutinas de fitness individuales.<br \/>\nSu dise\u00f1o modular te permite personalizar el equipo seg\u00fan tus necesidades espec\u00edficas y a\u00f1adir f\u00e1cilmente una pl\u00e9tora de accesorios, mejorando su funcionalidad al m\u00e1ximo.<br \/>\nPrep\u00e1rate para evolucionar en tu viaje de fitness con este excepcional equipo.   Precio por pieza.  <\/p>\n","protected":false},"featured_media":28242,"template":"","meta":{"_acf_changed":false,"inline_featured_image":false},"product_cat":[432,574,648,651],"product_tag":[],"class_list":{"0":"post-28238","1":"product","2":"type-product","3":"status-publish","4":"has-post-thumbnail","6":"product_cat-pagina-de-inicio","7":"product_cat-transversal-y-funcional","8":"product_cat-componentes-de-la-plataforma","9":"product_cat-accesorios","11":"first","12":"instock","13":"shipping-taxable","14":"purchasable","15":"product-type-simple"},"acf":[],"_links":{"self":[{"href":"https:\/\/store.evolve-fitness.eu\/es\/wp-json\/wp\/v2\/product\/28238","targetHints":{"allow":["GET"]}}],"collection":[{"href":"https:\/\/store.evolve-fitness.eu\/es\/wp-json\/wp\/v2\/product"}],"about":[{"href":"https:\/\/store.evolve-fitness.eu\/es\/wp-json\/wp\/v2\/types\/product"}],"wp:featuredmedia":[{"embeddable":true,"href":"https:\/\/store.evolve-fitness.eu\/es\/wp-json\/wp\/v2\/media\/28242"}],"wp:attachment":[{"href":"https:\/\/store.evolve-fitness.eu\/es\/wp-json\/wp\/v2\/media?parent=28238"}],"wp:term":[{"taxonomy":"product_cat","embeddable":true,"href":"https:\/\/store.evolve-fitness.eu\/es\/wp-json\/wp\/v2\/product_cat?post=28238"},{"taxonomy":"product_tag","embeddable":true,"href":"https:\/\/store.evolve-fitness.eu\/es\/wp-json\/wp\/v2\/product_tag?post=28238"}],"curies":[{"name":"wp","href":"https:\/\/api.w.org\/{rel}","templated":true}]}}