{"id":28109,"date":"2023-10-04T13:45:54","date_gmt":"2023-10-04T13:45:54","guid":{"rendered":"https:\/\/store.evolve-fitness.eu\/product\/evolucionar-mina-terrestre\/"},"modified":"2024-03-13T23:28:10","modified_gmt":"2024-03-13T23:28:10","slug":"evolucionar-mina-terrestre","status":"publish","type":"product","link":"https:\/\/store.evolve-fitness.eu\/es\/producto\/evolucionar-mina-terrestre\/","title":{"rendered":"Evolucionar mina terrestre"},"content":{"rendered":"","protected":false},"excerpt":{"rendered":"<p>Ampl\u00ede sus opciones de entrenamiento con el accesorio Evolve Land Mine. Dise\u00f1ado para integrarse perfectamente con los equipos Evolve, este vers\u00e1til accesorio mejora el fitness funcional, el crossfit, los entrenamientos en grupo o el entrenamiento individual. Su dise\u00f1o modular le permite personalizar su equipo para adaptarlo a sus necesidades espec\u00edficas y acoplar sin esfuerzo diversos accesorios. Eleve su experiencia de entrenamiento con la mina terrestre Evolve, disponible a un atractivo precio por pieza.<\/p>\n","protected":false},"featured_media":28125,"template":"","meta":{"_acf_changed":false,"inline_featured_image":false},"product_cat":[432,574,648,651],"product_tag":[],"class_list":{"0":"post-28109","1":"product","2":"type-product","3":"status-publish","4":"has-post-thumbnail","6":"product_cat-pagina-de-inicio","7":"product_cat-transversal-y-funcional","8":"product_cat-componentes-de-la-plataforma","9":"product_cat-accesorios","11":"first","12":"instock","13":"shipping-taxable","14":"purchasable","15":"product-type-simple"},"acf":[],"_links":{"self":[{"href":"https:\/\/store.evolve-fitness.eu\/es\/wp-json\/wp\/v2\/product\/28109","targetHints":{"allow":["GET"]}}],"collection":[{"href":"https:\/\/store.evolve-fitness.eu\/es\/wp-json\/wp\/v2\/product"}],"about":[{"href":"https:\/\/store.evolve-fitness.eu\/es\/wp-json\/wp\/v2\/types\/product"}],"wp:featuredmedia":[{"embeddable":true,"href":"https:\/\/store.evolve-fitness.eu\/es\/wp-json\/wp\/v2\/media\/28125"}],"wp:attachment":[{"href":"https:\/\/store.evolve-fitness.eu\/es\/wp-json\/wp\/v2\/media?parent=28109"}],"wp:term":[{"taxonomy":"product_cat","embeddable":true,"href":"https:\/\/store.evolve-fitness.eu\/es\/wp-json\/wp\/v2\/product_cat?post=28109"},{"taxonomy":"product_tag","embeddable":true,"href":"https:\/\/store.evolve-fitness.eu\/es\/wp-json\/wp\/v2\/product_tag?post=28109"}],"curies":[{"name":"wp","href":"https:\/\/api.w.org\/{rel}","templated":true}]}}