{"id":27962,"date":"2023-10-04T13:39:05","date_gmt":"2023-10-04T13:39:05","guid":{"rendered":"https:\/\/store.evolve-fitness.eu\/product\/ancla-de-cuerda-evolve\/"},"modified":"2024-03-13T23:25:06","modified_gmt":"2024-03-13T23:25:06","slug":"ancla-de-cuerda-evolve","status":"publish","type":"product","link":"https:\/\/store.evolve-fitness.eu\/es\/producto\/ancla-de-cuerda-evolve\/","title":{"rendered":"Ancla de cuerda Evolve"},"content":{"rendered":"","protected":false},"excerpt":{"rendered":"<p>Aumente la versatilidad de su entrenamiento con el anclaje de cuerda Evolve. Dise\u00f1ado para integrarse a la perfecci\u00f3n con los equipos Evolve, este accesorio esencial ampl\u00eda sus opciones para el fitness funcional, crossfit, sesiones en grupo o entrenamientos individuales. El dise\u00f1o modular le permite personalizar su equipo para adaptarlo a sus necesidades concretas y acoplar f\u00e1cilmente diversos accesorios. Aumente su experiencia de entrenamiento con este anclaje de cuerda, disponible a un atractivo precio por pieza.<\/p>\n","protected":false},"featured_media":27963,"template":"","meta":{"_acf_changed":false,"inline_featured_image":false},"product_cat":[432,574,648,651],"product_tag":[],"class_list":{"0":"post-27962","1":"product","2":"type-product","3":"status-publish","4":"has-post-thumbnail","6":"product_cat-pagina-de-inicio","7":"product_cat-transversal-y-funcional","8":"product_cat-componentes-de-la-plataforma","9":"product_cat-accesorios","11":"first","12":"instock","13":"shipping-taxable","14":"purchasable","15":"product-type-simple"},"acf":[],"_links":{"self":[{"href":"https:\/\/store.evolve-fitness.eu\/es\/wp-json\/wp\/v2\/product\/27962","targetHints":{"allow":["GET"]}}],"collection":[{"href":"https:\/\/store.evolve-fitness.eu\/es\/wp-json\/wp\/v2\/product"}],"about":[{"href":"https:\/\/store.evolve-fitness.eu\/es\/wp-json\/wp\/v2\/types\/product"}],"wp:featuredmedia":[{"embeddable":true,"href":"https:\/\/store.evolve-fitness.eu\/es\/wp-json\/wp\/v2\/media\/27963"}],"wp:attachment":[{"href":"https:\/\/store.evolve-fitness.eu\/es\/wp-json\/wp\/v2\/media?parent=27962"}],"wp:term":[{"taxonomy":"product_cat","embeddable":true,"href":"https:\/\/store.evolve-fitness.eu\/es\/wp-json\/wp\/v2\/product_cat?post=27962"},{"taxonomy":"product_tag","embeddable":true,"href":"https:\/\/store.evolve-fitness.eu\/es\/wp-json\/wp\/v2\/product_tag?post=27962"}],"curies":[{"name":"wp","href":"https:\/\/api.w.org\/{rel}","templated":true}]}}