{"id":27633,"date":"2023-10-04T12:54:07","date_gmt":"2023-10-04T12:54:07","guid":{"rendered":"https:\/\/store.evolve-fitness.eu\/product\/barras-de-seguridad-evolve\/"},"modified":"2024-03-13T23:22:14","modified_gmt":"2024-03-13T23:22:14","slug":"barras-de-seguridad-evolve","status":"publish","type":"product","link":"https:\/\/store.evolve-fitness.eu\/es\/producto\/barras-de-seguridad-evolve\/","title":{"rendered":"Barras de seguridad Evolve"},"content":{"rendered":"","protected":false},"excerpt":{"rendered":"<p>Aumente la seguridad y la versatilidad de su entrenamiento con la barra de seguridad doble Evolve. Compatibles con los equipos Evolve, estos accesorios esenciales est\u00e1n dise\u00f1ados para mejorar tus entrenamientos. Personalice su equipo y d\u00e9 prioridad a la seguridad con este par, todo ello a un precio atractivo.<\/p>\n","protected":false},"featured_media":27639,"template":"","meta":{"_acf_changed":false,"inline_featured_image":false},"product_cat":[651,648,432,574],"product_tag":[],"class_list":{"0":"post-27633","1":"product","2":"type-product","3":"status-publish","4":"has-post-thumbnail","6":"product_cat-accesorios","7":"product_cat-componentes-de-la-plataforma","8":"product_cat-pagina-de-inicio","9":"product_cat-transversal-y-funcional","11":"first","12":"outofstock","13":"shipping-taxable","14":"purchasable","15":"product-type-simple"},"acf":[],"_links":{"self":[{"href":"https:\/\/store.evolve-fitness.eu\/es\/wp-json\/wp\/v2\/product\/27633","targetHints":{"allow":["GET"]}}],"collection":[{"href":"https:\/\/store.evolve-fitness.eu\/es\/wp-json\/wp\/v2\/product"}],"about":[{"href":"https:\/\/store.evolve-fitness.eu\/es\/wp-json\/wp\/v2\/types\/product"}],"wp:featuredmedia":[{"embeddable":true,"href":"https:\/\/store.evolve-fitness.eu\/es\/wp-json\/wp\/v2\/media\/27639"}],"wp:attachment":[{"href":"https:\/\/store.evolve-fitness.eu\/es\/wp-json\/wp\/v2\/media?parent=27633"}],"wp:term":[{"taxonomy":"product_cat","embeddable":true,"href":"https:\/\/store.evolve-fitness.eu\/es\/wp-json\/wp\/v2\/product_cat?post=27633"},{"taxonomy":"product_tag","embeddable":true,"href":"https:\/\/store.evolve-fitness.eu\/es\/wp-json\/wp\/v2\/product_tag?post=27633"}],"curies":[{"name":"wp","href":"https:\/\/api.w.org\/{rel}","templated":true}]}}