{"id":27554,"date":"2023-10-04T11:10:53","date_gmt":"2023-10-04T11:10:53","guid":{"rendered":"https:\/\/store.evolve-fitness.eu\/product\/brazos-de-vigia-evolve\/"},"modified":"2024-03-13T23:23:08","modified_gmt":"2024-03-13T23:23:08","slug":"brazos-de-vigia-evolve","status":"publish","type":"product","link":"https:\/\/store.evolve-fitness.eu\/es\/producto\/brazos-de-vigia-evolve\/","title":{"rendered":"Brazos de vig\u00eda Evolve"},"content":{"rendered":"","protected":false},"excerpt":{"rendered":"<p>Aumente la seguridad y la versatilidad de su entrenamiento con los brazos de localizaci\u00f3n Evolve. Compatibles con los equipos Evolve, estos accesorios esenciales est\u00e1n dise\u00f1ados para mejorar tus entrenamientos. Personalice f\u00e1cilmente su equipo y d\u00e9 prioridad a la seguridad con este par, todo ello a un precio atractivo.<\/p>\n","protected":false},"featured_media":27555,"template":"","meta":{"_acf_changed":false,"inline_featured_image":false},"product_cat":[432,574,648,651],"product_tag":[],"class_list":{"0":"post-27554","1":"product","2":"type-product","3":"status-publish","4":"has-post-thumbnail","6":"product_cat-pagina-de-inicio","7":"product_cat-transversal-y-funcional","8":"product_cat-componentes-de-la-plataforma","9":"product_cat-accesorios","11":"first","12":"instock","13":"shipping-taxable","14":"purchasable","15":"product-type-simple"},"acf":[],"_links":{"self":[{"href":"https:\/\/store.evolve-fitness.eu\/es\/wp-json\/wp\/v2\/product\/27554","targetHints":{"allow":["GET"]}}],"collection":[{"href":"https:\/\/store.evolve-fitness.eu\/es\/wp-json\/wp\/v2\/product"}],"about":[{"href":"https:\/\/store.evolve-fitness.eu\/es\/wp-json\/wp\/v2\/types\/product"}],"wp:featuredmedia":[{"embeddable":true,"href":"https:\/\/store.evolve-fitness.eu\/es\/wp-json\/wp\/v2\/media\/27555"}],"wp:attachment":[{"href":"https:\/\/store.evolve-fitness.eu\/es\/wp-json\/wp\/v2\/media?parent=27554"}],"wp:term":[{"taxonomy":"product_cat","embeddable":true,"href":"https:\/\/store.evolve-fitness.eu\/es\/wp-json\/wp\/v2\/product_cat?post=27554"},{"taxonomy":"product_tag","embeddable":true,"href":"https:\/\/store.evolve-fitness.eu\/es\/wp-json\/wp\/v2\/product_tag?post=27554"}],"curies":[{"name":"wp","href":"https:\/\/api.w.org\/{rel}","templated":true}]}}