{"id":27493,"date":"2023-10-04T10:47:22","date_gmt":"2023-10-04T10:47:22","guid":{"rendered":"https:\/\/store.evolve-fitness.eu\/product\/copa-jay-evolve-premium\/"},"modified":"2024-03-13T21:21:49","modified_gmt":"2024-03-13T21:21:49","slug":"copa-jay-evolve-premium","status":"publish","type":"product","link":"https:\/\/store.evolve-fitness.eu\/es\/producto\/copa-jay-evolve-premium\/","title":{"rendered":"Copa jay Evolve Premium"},"content":{"rendered":"\n<section class=\"wp-block-group alignfull black-content has-white-color has-darkgray-background-color has-text-color has-background is-layout-constrained wp-block-group-is-layout-constrained\" style=\"padding-top:var(--wp--preset--spacing--section-bottom);padding-bottom:var(--wp--preset--spacing--section-bottom)\">\n<div class=\"wp-block-columns alignwide mobile-reverse is-layout-flex wp-container-core-columns-is-layout-ca64bf2d wp-block-columns-is-layout-flex\" style=\"margin-bottom:var(--wp--preset--spacing--side-padding)\">\n<div class=\"wp-block-column is-vertically-aligned-center is-layout-flow wp-block-column-is-layout-flow\">\n<h3 class=\"wp-block-heading\" style=\"margin-bottom:var(--wp--preset--spacing--h-3-bottom)\">fijaci\u00f3n funcional<\/h3>\n\n\n\n<p><strong><em>Dise\u00f1ado para plataformas Evolve<\/em><\/strong><\/p>\n\n\n\n<p style=\"margin-bottom:var(--wp--preset--spacing--tb-section-padding)\">Adecuado para mejorar los ejercicios en fitness funcional, CrossFit y sesiones de entrenamiento tanto en grupo como individuales. Su f\u00e1cil personalizaci\u00f3n lo convierte en un complemento vers\u00e1til para cualquier equipo de entrenamiento.<\/p>\n<\/div>\n\n\n\n<div class=\"wp-block-column is-vertically-aligned-center is-layout-flow wp-block-column-is-layout-flow\">\n<figure class=\"wp-block-image size-large\"><img decoding=\"async\" src=\"https:\/\/evolve-fitness.eu\/wp-content\/uploads\/2023\/11\/A7_08277-683x1024.jpg\" alt=\"\" class=\"wp-image-9128\"\/><\/figure>\n<\/div>\n<\/div>\n\n\n\n<div class=\"wp-block-columns alignwide is-layout-flex wp-container-core-columns-is-layout-c45ee707 wp-block-columns-is-layout-flex\" style=\"margin-bottom:var(--wp--preset--spacing--side-padding);padding-top:var(--wp--preset--spacing--side-padding)\">\n<div class=\"wp-block-column is-vertically-aligned-center is-layout-flow wp-block-column-is-layout-flow\">\n<figure class=\"wp-block-image size-large\"><img decoding=\"async\" src=\"https:\/\/evolve-fitness.eu\/wp-content\/uploads\/2023\/11\/A7_08282-1024x683.jpg\" alt=\"\" class=\"wp-image-9130\"\/><\/figure>\n<\/div>\n\n\n\n<div class=\"wp-block-column is-vertically-aligned-center is-layout-flow wp-block-column-is-layout-flow\">\n<h3 class=\"wp-block-heading\" style=\"margin-bottom:var(--wp--preset--spacing--h-3-bottom)\"><strong><strong><strong>dise\u00f1o robusto<\/strong><\/strong><\/strong><\/h3>\n\n\n\n<p><strong><em>Garantiza la estabilidad y la seguridad durante levantamientos pesados<\/em><\/strong><\/p>\n\n\n\n<p style=\"margin-bottom:var(--wp--preset--spacing--tb-section-padding)\">Un accesorio esencial para los aparejos Evolve, utilizado principalmente en ejercicios de levantamiento de potencia y levantamiento ol\u00edmpico. Este equipo est\u00e1 construido para durar, con materiales de alta calidad para soportar las exigencias de las sesiones de entrenamiento intensas.<\/p>\n<\/div>\n<\/div>\n<\/section>\n","protected":false},"excerpt":{"rendered":"<p>Eleva tu experiencia de entrenamiento con el Evolve Premium Jay Cup. Dise\u00f1ado para los equipos Evolve, mejora la funcionalidad para el fitness funcional, crossfit, entrenamiento en grupo o individual. Personaliza tu equipo f\u00e1cilmente y maximiza la versatilidad con este par, todo a un precio atractivo.\u00bb<\/p>\n","protected":false},"featured_media":27497,"template":"","meta":{"_acf_changed":false,"inline_featured_image":false},"product_cat":[432,574,648,651],"product_tag":[],"class_list":{"0":"post-27493","1":"product","2":"type-product","3":"status-publish","4":"has-post-thumbnail","6":"product_cat-pagina-de-inicio","7":"product_cat-transversal-y-funcional","8":"product_cat-componentes-de-la-plataforma","9":"product_cat-accesorios","11":"first","12":"instock","13":"shipping-taxable","14":"purchasable","15":"product-type-simple"},"acf":[],"_links":{"self":[{"href":"https:\/\/store.evolve-fitness.eu\/es\/wp-json\/wp\/v2\/product\/27493","targetHints":{"allow":["GET"]}}],"collection":[{"href":"https:\/\/store.evolve-fitness.eu\/es\/wp-json\/wp\/v2\/product"}],"about":[{"href":"https:\/\/store.evolve-fitness.eu\/es\/wp-json\/wp\/v2\/types\/product"}],"wp:featuredmedia":[{"embeddable":true,"href":"https:\/\/store.evolve-fitness.eu\/es\/wp-json\/wp\/v2\/media\/27497"}],"wp:attachment":[{"href":"https:\/\/store.evolve-fitness.eu\/es\/wp-json\/wp\/v2\/media?parent=27493"}],"wp:term":[{"taxonomy":"product_cat","embeddable":true,"href":"https:\/\/store.evolve-fitness.eu\/es\/wp-json\/wp\/v2\/product_cat?post=27493"},{"taxonomy":"product_tag","embeddable":true,"href":"https:\/\/store.evolve-fitness.eu\/es\/wp-json\/wp\/v2\/product_tag?post=27493"}],"curies":[{"name":"wp","href":"https:\/\/api.w.org\/{rel}","templated":true}]}}