{"id":27382,"date":"2023-10-04T10:30:58","date_gmt":"2023-10-04T10:30:58","guid":{"rendered":"https:\/\/store.evolve-fitness.eu\/product\/soporte-para-plato-de-pesas-evolve-2\/"},"modified":"2024-08-06T11:29:17","modified_gmt":"2024-08-06T11:29:17","slug":"soporte-para-plato-de-pesas-evolve-2","status":"publish","type":"product","link":"https:\/\/store.evolve-fitness.eu\/es\/producto\/soporte-para-plato-de-pesas-evolve-2\/","title":{"rendered":"Soporte para plato de pesas Evolve, 50 mm (2)"},"content":{"rendered":"","protected":false},"excerpt":{"rendered":"<p>Maximiza tu espacio de entrenamiento con el Soporte para Platos de Pesas Evolve.<br \/>\nDise\u00f1ado para complementar los equipos Evolve, este accesorio modular te permite personalizar tu entorno de entrenamiento para entrenamientos funcionales, de crossfit, en grupo o individuales.<br \/>\nCon su dise\u00f1o vers\u00e1til, puedes adaptar tu equipo a tus necesidades exactas y ampliar su funcionalidad a\u00f1adiendo varios accesorios sin esfuerzo.<br \/>\nExperimenta lo \u00faltimo en organizaci\u00f3n y eficacia.    Precio por pieza.  <\/p>\n","protected":false},"featured_media":147415,"template":"","meta":{"_acf_changed":false,"inline_featured_image":false},"product_cat":[432,574,648,674],"product_tag":[],"class_list":{"0":"post-27382","1":"product","2":"type-product","3":"status-publish","4":"has-post-thumbnail","6":"product_cat-pagina-de-inicio","7":"product_cat-transversal-y-funcional","8":"product_cat-componentes-de-la-plataforma","9":"product_cat-almacenamiento","11":"first","12":"instock","13":"shipping-taxable","14":"purchasable","15":"product-type-simple"},"acf":[],"_links":{"self":[{"href":"https:\/\/store.evolve-fitness.eu\/es\/wp-json\/wp\/v2\/product\/27382","targetHints":{"allow":["GET"]}}],"collection":[{"href":"https:\/\/store.evolve-fitness.eu\/es\/wp-json\/wp\/v2\/product"}],"about":[{"href":"https:\/\/store.evolve-fitness.eu\/es\/wp-json\/wp\/v2\/types\/product"}],"wp:featuredmedia":[{"embeddable":true,"href":"https:\/\/store.evolve-fitness.eu\/es\/wp-json\/wp\/v2\/media\/147415"}],"wp:attachment":[{"href":"https:\/\/store.evolve-fitness.eu\/es\/wp-json\/wp\/v2\/media?parent=27382"}],"wp:term":[{"taxonomy":"product_cat","embeddable":true,"href":"https:\/\/store.evolve-fitness.eu\/es\/wp-json\/wp\/v2\/product_cat?post=27382"},{"taxonomy":"product_tag","embeddable":true,"href":"https:\/\/store.evolve-fitness.eu\/es\/wp-json\/wp\/v2\/product_tag?post=27382"}],"curies":[{"name":"wp","href":"https:\/\/api.w.org\/{rel}","templated":true}]}}