{"id":27166,"date":"2023-10-04T10:05:10","date_gmt":"2023-10-04T10:05:10","guid":{"rendered":"https:\/\/store.evolve-fitness.eu\/product\/almacen-para-mancuernas-evolve-1100-1800-mm\/"},"modified":"2026-04-04T12:00:43","modified_gmt":"2026-04-04T12:00:43","slug":"almacen-para-mancuernas-evolve-1100-1800-mm","status":"publish","type":"product","link":"https:\/\/store.evolve-fitness.eu\/es\/producto\/almacen-para-mancuernas-evolve-1100-1800-mm\/","title":{"rendered":"Almac\u00e9n de mancuernas Evolve &#8211; 1100 \/ 1800 mm"},"content":{"rendered":"","protected":false},"excerpt":{"rendered":"<p>Optimice su gimnasio con nuestro almac\u00e9n de mancuernas Evolve, disponible en longitudes de 1100 mm y 1800 mm. Estos equipos modulares son perfectos para el entrenamiento funcional, crossfit, en grupo o individual. Personalice su configuraci\u00f3n y a\u00f1ada accesorios para obtener la m\u00e1xima eficacia. Organ\u00edzate y mejora tu experiencia de fitness hoy mismo.    Precio por pieza.<\/p>\n<p>\n","protected":false},"featured_media":27189,"template":"","meta":{"_acf_changed":false,"inline_featured_image":false},"product_cat":[432,574,648,674],"product_tag":[],"class_list":{"0":"post-27166","1":"product","2":"type-product","3":"status-publish","4":"has-post-thumbnail","6":"product_cat-pagina-de-inicio","7":"product_cat-transversal-y-funcional","8":"product_cat-componentes-de-la-plataforma","9":"product_cat-almacenamiento","11":"first","12":"instock","13":"shipping-taxable","14":"purchasable","15":"product-type-variable"},"acf":[],"_links":{"self":[{"href":"https:\/\/store.evolve-fitness.eu\/es\/wp-json\/wp\/v2\/product\/27166","targetHints":{"allow":["GET"]}}],"collection":[{"href":"https:\/\/store.evolve-fitness.eu\/es\/wp-json\/wp\/v2\/product"}],"about":[{"href":"https:\/\/store.evolve-fitness.eu\/es\/wp-json\/wp\/v2\/types\/product"}],"wp:featuredmedia":[{"embeddable":true,"href":"https:\/\/store.evolve-fitness.eu\/es\/wp-json\/wp\/v2\/media\/27189"}],"wp:attachment":[{"href":"https:\/\/store.evolve-fitness.eu\/es\/wp-json\/wp\/v2\/media?parent=27166"}],"wp:term":[{"taxonomy":"product_cat","embeddable":true,"href":"https:\/\/store.evolve-fitness.eu\/es\/wp-json\/wp\/v2\/product_cat?post=27166"},{"taxonomy":"product_tag","embeddable":true,"href":"https:\/\/store.evolve-fitness.eu\/es\/wp-json\/wp\/v2\/product_tag?post=27166"}],"curies":[{"name":"wp","href":"https:\/\/api.w.org\/{rel}","templated":true}]}}