{"id":26874,"date":"2023-10-03T11:38:23","date_gmt":"2023-10-03T11:38:23","guid":{"rendered":"https:\/\/store.evolve-fitness.eu\/product\/barra-de-traccion-evolve-multi-1100-mm\/"},"modified":"2024-03-13T23:15:07","modified_gmt":"2024-03-13T23:15:07","slug":"barra-de-traccion-evolve-multi-1100-mm","status":"publish","type":"product","link":"https:\/\/store.evolve-fitness.eu\/es\/producto\/barra-de-traccion-evolve-multi-1100-mm\/","title":{"rendered":"Barra de tracci\u00f3n Evolve Multi &#8211; 1100 mm"},"content":{"rendered":"","protected":false},"excerpt":{"rendered":"<p>Eleva tu entrenamiento con la barra Evolve Multi Pull Up, una vers\u00e1til adici\u00f3n de 1100 mm a tu equipo Evolve. Dise\u00f1ada para mejorar los entrenamientos funcionales, de crossfit, en grupo o individuales, esta barra multiusos est\u00e1 equipada con un dise\u00f1o modular para configuraciones personalizadas y compatibilidad de accesorios. Precio por pieza. Transforme hoy mismo su rutina de ejercicios con la barra multipower Evolve y descubra un mundo de posibilidades de entrenamiento.<\/p>\n","protected":false},"featured_media":26878,"template":"","meta":{"_acf_changed":false,"inline_featured_image":false},"product_cat":[432,574,648,962],"product_tag":[],"class_list":{"0":"post-26874","1":"product","2":"type-product","3":"status-publish","4":"has-post-thumbnail","6":"product_cat-pagina-de-inicio","7":"product_cat-transversal-y-funcional","8":"product_cat-componentes-de-la-plataforma","9":"product_cat-partes-principales","11":"first","12":"instock","13":"shipping-taxable","14":"purchasable","15":"product-type-simple"},"acf":[],"_links":{"self":[{"href":"https:\/\/store.evolve-fitness.eu\/es\/wp-json\/wp\/v2\/product\/26874","targetHints":{"allow":["GET"]}}],"collection":[{"href":"https:\/\/store.evolve-fitness.eu\/es\/wp-json\/wp\/v2\/product"}],"about":[{"href":"https:\/\/store.evolve-fitness.eu\/es\/wp-json\/wp\/v2\/types\/product"}],"wp:featuredmedia":[{"embeddable":true,"href":"https:\/\/store.evolve-fitness.eu\/es\/wp-json\/wp\/v2\/media\/26878"}],"wp:attachment":[{"href":"https:\/\/store.evolve-fitness.eu\/es\/wp-json\/wp\/v2\/media?parent=26874"}],"wp:term":[{"taxonomy":"product_cat","embeddable":true,"href":"https:\/\/store.evolve-fitness.eu\/es\/wp-json\/wp\/v2\/product_cat?post=26874"},{"taxonomy":"product_tag","embeddable":true,"href":"https:\/\/store.evolve-fitness.eu\/es\/wp-json\/wp\/v2\/product_tag?post=26874"}],"curies":[{"name":"wp","href":"https:\/\/api.w.org\/{rel}","templated":true}]}}