{"id":26633,"date":"2023-10-04T06:13:04","date_gmt":"2023-10-04T06:13:04","guid":{"rendered":"https:\/\/store.evolve-fitness.eu\/product\/evolve-almacen-de-bolas-y-parachoques-de-pared-1100-1800-mm\/"},"modified":"2026-03-13T12:02:22","modified_gmt":"2026-03-13T12:02:22","slug":"evolve-almacen-de-bolas-y-parachoques-de-pared-1100-1800-mm","status":"publish","type":"product","link":"https:\/\/store.evolve-fitness.eu\/es\/producto\/evolve-almacen-de-bolas-y-parachoques-de-pared-1100-1800-mm\/","title":{"rendered":"Evolve Almac\u00e9n de Pared de Bolas y Parachoques &#8211; 1100 \/ 1800 mm"},"content":{"rendered":"","protected":false},"excerpt":{"rendered":"<p>Mejore su espacio de fitness con nuestra vers\u00e1til soluci\u00f3n de almacenamiento de pelotas de pared y parachoques Evolve, disponible en dos c\u00f3modas longitudes: 1100 mm y 1800 mm. Dise\u00f1ados para el entrenamiento funcional, crossfit, en grupo o individual, estos equipos modulares pueden personalizarse para adaptarse a sus necesidades espec\u00edficas. Gracias a la posibilidad de acoplar una amplia gama de accesorios, podr\u00e1s mejorar tu experiencia de entrenamiento sin esfuerzo. Invierta en un \u00e1rea de entrenamiento m\u00e1s organizada y eficiente con este equipo esencial dise\u00f1ado para mantener su espacio libre de desorden y sus entrenamientos a punto.<\/p>\n","protected":false},"featured_media":26647,"template":"","meta":{"_acf_changed":false,"inline_featured_image":false},"product_cat":[432,574,648,674],"product_tag":[],"class_list":{"0":"post-26633","1":"product","2":"type-product","3":"status-publish","4":"has-post-thumbnail","6":"product_cat-pagina-de-inicio","7":"product_cat-transversal-y-funcional","8":"product_cat-componentes-de-la-plataforma","9":"product_cat-almacenamiento","11":"first","12":"instock","13":"shipping-taxable","14":"purchasable","15":"product-type-variable"},"acf":[],"_links":{"self":[{"href":"https:\/\/store.evolve-fitness.eu\/es\/wp-json\/wp\/v2\/product\/26633","targetHints":{"allow":["GET"]}}],"collection":[{"href":"https:\/\/store.evolve-fitness.eu\/es\/wp-json\/wp\/v2\/product"}],"about":[{"href":"https:\/\/store.evolve-fitness.eu\/es\/wp-json\/wp\/v2\/types\/product"}],"wp:featuredmedia":[{"embeddable":true,"href":"https:\/\/store.evolve-fitness.eu\/es\/wp-json\/wp\/v2\/media\/26647"}],"wp:attachment":[{"href":"https:\/\/store.evolve-fitness.eu\/es\/wp-json\/wp\/v2\/media?parent=26633"}],"wp:term":[{"taxonomy":"product_cat","embeddable":true,"href":"https:\/\/store.evolve-fitness.eu\/es\/wp-json\/wp\/v2\/product_cat?post=26633"},{"taxonomy":"product_tag","embeddable":true,"href":"https:\/\/store.evolve-fitness.eu\/es\/wp-json\/wp\/v2\/product_tag?post=26633"}],"curies":[{"name":"wp","href":"https:\/\/api.w.org\/{rel}","templated":true}]}}