{"id":26599,"date":"2023-10-03T11:25:56","date_gmt":"2023-10-03T11:25:56","guid":{"rendered":"https:\/\/store.evolve-fitness.eu\/product\/barra-voladora-evolve-1100-1800-mm\/"},"modified":"2026-03-13T12:02:21","modified_gmt":"2026-03-13T12:02:21","slug":"barra-voladora-evolve-1100-1800-mm","status":"publish","type":"product","link":"https:\/\/store.evolve-fitness.eu\/es\/producto\/barra-voladora-evolve-1100-1800-mm\/","title":{"rendered":"Barra Voladora Evolve 1100 \/ 1800 mm"},"content":{"rendered":"","protected":false},"excerpt":{"rendered":"<p>Eleve su experiencia de entrenamiento con la barra de vuelo Evolve, disponible en dos longitudes: 1100 mm y 1800 mm. Dise\u00f1ada para complementar los equipos Evolve, esta vers\u00e1til barra potencia los entrenamientos funcionales, de crossfit, en grupo o individuales. Su dise\u00f1o modular y la compatibilidad de sus accesorios proporcionan la flexibilidad necesaria para crear una configuraci\u00f3n de fitness personalizada y adaptada a sus necesidades. Precio por pieza. Alcanza nuevas alturas en tu viaje de fitness con la barra Evolve Flying Bar hoy mismo.<\/p>\n","protected":false},"featured_media":26613,"template":"","meta":{"_acf_changed":false,"inline_featured_image":false},"product_cat":[432,574,648,962],"product_tag":[],"class_list":{"0":"post-26599","1":"product","2":"type-product","3":"status-publish","4":"has-post-thumbnail","6":"product_cat-pagina-de-inicio","7":"product_cat-transversal-y-funcional","8":"product_cat-componentes-de-la-plataforma","9":"product_cat-partes-principales","11":"first","12":"instock","13":"shipping-taxable","14":"purchasable","15":"product-type-variable"},"acf":[],"_links":{"self":[{"href":"https:\/\/store.evolve-fitness.eu\/es\/wp-json\/wp\/v2\/product\/26599","targetHints":{"allow":["GET"]}}],"collection":[{"href":"https:\/\/store.evolve-fitness.eu\/es\/wp-json\/wp\/v2\/product"}],"about":[{"href":"https:\/\/store.evolve-fitness.eu\/es\/wp-json\/wp\/v2\/types\/product"}],"wp:featuredmedia":[{"embeddable":true,"href":"https:\/\/store.evolve-fitness.eu\/es\/wp-json\/wp\/v2\/media\/26613"}],"wp:attachment":[{"href":"https:\/\/store.evolve-fitness.eu\/es\/wp-json\/wp\/v2\/media?parent=26599"}],"wp:term":[{"taxonomy":"product_cat","embeddable":true,"href":"https:\/\/store.evolve-fitness.eu\/es\/wp-json\/wp\/v2\/product_cat?post=26599"},{"taxonomy":"product_tag","embeddable":true,"href":"https:\/\/store.evolve-fitness.eu\/es\/wp-json\/wp\/v2\/product_tag?post=26599"}],"curies":[{"name":"wp","href":"https:\/\/api.w.org\/{rel}","templated":true}]}}