{"id":26477,"date":"2023-10-03T11:32:43","date_gmt":"2023-10-03T11:32:43","guid":{"rendered":"https:\/\/store.evolve-fitness.eu\/product\/evolve-arrastrero\/"},"modified":"2024-08-06T10:45:59","modified_gmt":"2024-08-06T10:45:59","slug":"evolve-arrastrero","status":"publish","type":"product","link":"https:\/\/store.evolve-fitness.eu\/es\/producto\/evolve-arrastrero\/","title":{"rendered":"Evolve arrastrero"},"content":{"rendered":"","protected":false},"excerpt":{"rendered":"<p>Aumenta la versatilidad de tu entrenamiento con el Arrastrador Evolve, un complemento de 750 mm para tu equipo Evolve.<br \/>\nDise\u00f1ado para elevar los entrenamientos funcionales, de crossfit, en grupo o individuales, este vers\u00e1til componente cuenta con un dise\u00f1o modular para configuraciones personalizadas y compatibilidad de accesorios.  Precio por pieza. \u00a1Sum\u00e9rgete en una experiencia de fitness mejorada con el Trawler Evolve hoy mismo!  <\/p>\n","protected":false},"featured_media":26486,"template":"","meta":{"_acf_changed":false,"inline_featured_image":false},"product_cat":[432,574,648,962],"product_tag":[],"class_list":{"0":"post-26477","1":"product","2":"type-product","3":"status-publish","4":"has-post-thumbnail","6":"product_cat-pagina-de-inicio","7":"product_cat-transversal-y-funcional","8":"product_cat-componentes-de-la-plataforma","9":"product_cat-partes-principales","11":"first","12":"instock","13":"shipping-taxable","14":"purchasable","15":"product-type-simple"},"acf":[],"_links":{"self":[{"href":"https:\/\/store.evolve-fitness.eu\/es\/wp-json\/wp\/v2\/product\/26477","targetHints":{"allow":["GET"]}}],"collection":[{"href":"https:\/\/store.evolve-fitness.eu\/es\/wp-json\/wp\/v2\/product"}],"about":[{"href":"https:\/\/store.evolve-fitness.eu\/es\/wp-json\/wp\/v2\/types\/product"}],"wp:featuredmedia":[{"embeddable":true,"href":"https:\/\/store.evolve-fitness.eu\/es\/wp-json\/wp\/v2\/media\/26486"}],"wp:attachment":[{"href":"https:\/\/store.evolve-fitness.eu\/es\/wp-json\/wp\/v2\/media?parent=26477"}],"wp:term":[{"taxonomy":"product_cat","embeddable":true,"href":"https:\/\/store.evolve-fitness.eu\/es\/wp-json\/wp\/v2\/product_cat?post=26477"},{"taxonomy":"product_tag","embeddable":true,"href":"https:\/\/store.evolve-fitness.eu\/es\/wp-json\/wp\/v2\/product_tag?post=26477"}],"curies":[{"name":"wp","href":"https:\/\/api.w.org\/{rel}","templated":true}]}}