{"id":26275,"date":"2023-10-03T11:17:17","date_gmt":"2023-10-03T11:17:17","guid":{"rendered":"https:\/\/store.evolve-fitness.eu\/product\/barra-de-traccion-facial-evolve-1200-mm\/"},"modified":"2024-03-13T23:12:11","modified_gmt":"2024-03-13T23:12:11","slug":"barra-de-traccion-facial-evolve-1200-mm","status":"publish","type":"product","link":"https:\/\/store.evolve-fitness.eu\/es\/producto\/barra-de-traccion-facial-evolve-1200-mm\/","title":{"rendered":"Barra de tracci\u00f3n facial Evolve 1200 mm"},"content":{"rendered":"","protected":false},"excerpt":{"rendered":"<p>Eleve su rutina de ejercicios con la barra de dominadas Evolve Face Mount Pull Up Bar, de 1200 mm de longitud. Dise\u00f1ada para su uso con plataformas Evolve, esta barra de dominadas mejora el entrenamiento funcional, de crossfit, en grupo o individual. Su dise\u00f1o modular y la compatibilidad de sus accesorios ofrecen la flexibilidad necesaria para adaptar su configuraci\u00f3n de fitness. Precio por pieza. Mejora tu condici\u00f3n f\u00edsica con la barra de tracci\u00f3n facial Evolve hoy mismo.<\/p>\n","protected":false},"featured_media":26288,"template":"","meta":{"_acf_changed":false,"inline_featured_image":false},"product_cat":[648,432,962,574],"product_tag":[],"class_list":{"0":"post-26275","1":"product","2":"type-product","3":"status-publish","4":"has-post-thumbnail","6":"product_cat-componentes-de-la-plataforma","7":"product_cat-pagina-de-inicio","8":"product_cat-partes-principales","9":"product_cat-transversal-y-funcional","11":"first","12":"instock","13":"shipping-taxable","14":"purchasable","15":"product-type-simple"},"acf":[],"_links":{"self":[{"href":"https:\/\/store.evolve-fitness.eu\/es\/wp-json\/wp\/v2\/product\/26275","targetHints":{"allow":["GET"]}}],"collection":[{"href":"https:\/\/store.evolve-fitness.eu\/es\/wp-json\/wp\/v2\/product"}],"about":[{"href":"https:\/\/store.evolve-fitness.eu\/es\/wp-json\/wp\/v2\/types\/product"}],"wp:featuredmedia":[{"embeddable":true,"href":"https:\/\/store.evolve-fitness.eu\/es\/wp-json\/wp\/v2\/media\/26288"}],"wp:attachment":[{"href":"https:\/\/store.evolve-fitness.eu\/es\/wp-json\/wp\/v2\/media?parent=26275"}],"wp:term":[{"taxonomy":"product_cat","embeddable":true,"href":"https:\/\/store.evolve-fitness.eu\/es\/wp-json\/wp\/v2\/product_cat?post=26275"},{"taxonomy":"product_tag","embeddable":true,"href":"https:\/\/store.evolve-fitness.eu\/es\/wp-json\/wp\/v2\/product_tag?post=26275"}],"curies":[{"name":"wp","href":"https:\/\/api.w.org\/{rel}","templated":true}]}}