{"id":25625,"date":"2023-10-03T08:51:01","date_gmt":"2023-10-03T08:51:01","guid":{"rendered":"https:\/\/store.evolve-fitness.eu\/product\/viga-multifuncional-evolve-1100-1800-mm\/"},"modified":"2026-04-16T12:01:17","modified_gmt":"2026-04-16T12:01:17","slug":"viga-multifuncional-evolve-1100-1800-mm","status":"publish","type":"product","link":"https:\/\/store.evolve-fitness.eu\/es\/producto\/viga-multifuncional-evolve-1100-1800-mm\/","title":{"rendered":"Viga Multifuncional Evolve &#8211; 1100 \/ 1800 mm"},"content":{"rendered":"","protected":false},"excerpt":{"rendered":"<p>Mejore sus entrenamientos con la barra multifunci\u00f3n Evolve, disponible en longitudes de 1100 mm y 1800 mm. Dise\u00f1ada para su uso con plataformas Evolve, esta vers\u00e1til barra permite realizar diversos entrenamientos funcionales, de crossfit, en grupo o individuales. Con su dise\u00f1o modular y su compatibilidad de accesorios, la barra multifunci\u00f3n Evolve ofrece flexibilidad para elevar su rutina de fitness. Precio por pieza. \u00a1Mejore su forma f\u00edsica hoy mismo!<\/p>\n","protected":false},"featured_media":25635,"template":"","meta":{"_acf_changed":false,"inline_featured_image":false},"product_cat":[432,574,648,962],"product_tag":[],"class_list":{"0":"post-25625","1":"product","2":"type-product","3":"status-publish","4":"has-post-thumbnail","6":"product_cat-pagina-de-inicio","7":"product_cat-transversal-y-funcional","8":"product_cat-componentes-de-la-plataforma","9":"product_cat-partes-principales","11":"first","12":"instock","13":"shipping-taxable","14":"purchasable","15":"product-type-variable"},"acf":[],"_links":{"self":[{"href":"https:\/\/store.evolve-fitness.eu\/es\/wp-json\/wp\/v2\/product\/25625","targetHints":{"allow":["GET"]}}],"collection":[{"href":"https:\/\/store.evolve-fitness.eu\/es\/wp-json\/wp\/v2\/product"}],"about":[{"href":"https:\/\/store.evolve-fitness.eu\/es\/wp-json\/wp\/v2\/types\/product"}],"wp:featuredmedia":[{"embeddable":true,"href":"https:\/\/store.evolve-fitness.eu\/es\/wp-json\/wp\/v2\/media\/25635"}],"wp:attachment":[{"href":"https:\/\/store.evolve-fitness.eu\/es\/wp-json\/wp\/v2\/media?parent=25625"}],"wp:term":[{"taxonomy":"product_cat","embeddable":true,"href":"https:\/\/store.evolve-fitness.eu\/es\/wp-json\/wp\/v2\/product_cat?post=25625"},{"taxonomy":"product_tag","embeddable":true,"href":"https:\/\/store.evolve-fitness.eu\/es\/wp-json\/wp\/v2\/product_tag?post=25625"}],"curies":[{"name":"wp","href":"https:\/\/api.w.org\/{rel}","templated":true}]}}