{"id":25461,"date":"2023-10-03T07:42:47","date_gmt":"2023-10-03T07:42:47","guid":{"rendered":"https:\/\/store.evolve-fitness.eu\/product\/evolve-mono-barra-simple-1100-mm-1800-mm\/"},"modified":"2026-04-04T12:00:41","modified_gmt":"2026-04-04T12:00:41","slug":"evolve-mono-barra-simple-1100-mm-1800-mm","status":"publish","type":"product","link":"https:\/\/store.evolve-fitness.eu\/es\/producto\/evolve-mono-barra-simple-1100-mm-1800-mm\/","title":{"rendered":"Evolve Single Monkey Bar &#8211; 1100 mm \/ 1800 mm"},"content":{"rendered":"","protected":false},"excerpt":{"rendered":"<p>Eleve sus entrenamientos con la barra Evolve Single Monkey Bar, disponible en dos longitudes: 1100 mm y 1800 mm. Estas vers\u00e1tiles barras est\u00e1n dise\u00f1adas para mejorar tu entrenamiento funcional, de crossfit, en grupo o individual. Con un robusto di\u00e1metro de 32 mm y compatibilidad con varios accesorios, la barra Evolve Single Monkey Bar ofrece personalizaci\u00f3n y comodidad para llevar tu forma f\u00edsica al siguiente nivel. Precio por pieza.<\/p>\n","protected":false},"featured_media":25472,"template":"","meta":{"_acf_changed":false,"inline_featured_image":false},"product_cat":[432,574,648,962],"product_tag":[],"class_list":{"0":"post-25461","1":"product","2":"type-product","3":"status-publish","4":"has-post-thumbnail","6":"product_cat-pagina-de-inicio","7":"product_cat-transversal-y-funcional","8":"product_cat-componentes-de-la-plataforma","9":"product_cat-partes-principales","11":"first","12":"instock","13":"shipping-taxable","14":"purchasable","15":"product-type-variable"},"acf":[],"_links":{"self":[{"href":"https:\/\/store.evolve-fitness.eu\/es\/wp-json\/wp\/v2\/product\/25461","targetHints":{"allow":["GET"]}}],"collection":[{"href":"https:\/\/store.evolve-fitness.eu\/es\/wp-json\/wp\/v2\/product"}],"about":[{"href":"https:\/\/store.evolve-fitness.eu\/es\/wp-json\/wp\/v2\/types\/product"}],"wp:featuredmedia":[{"embeddable":true,"href":"https:\/\/store.evolve-fitness.eu\/es\/wp-json\/wp\/v2\/media\/25472"}],"wp:attachment":[{"href":"https:\/\/store.evolve-fitness.eu\/es\/wp-json\/wp\/v2\/media?parent=25461"}],"wp:term":[{"taxonomy":"product_cat","embeddable":true,"href":"https:\/\/store.evolve-fitness.eu\/es\/wp-json\/wp\/v2\/product_cat?post=25461"},{"taxonomy":"product_tag","embeddable":true,"href":"https:\/\/store.evolve-fitness.eu\/es\/wp-json\/wp\/v2\/product_tag?post=25461"}],"curies":[{"name":"wp","href":"https:\/\/api.w.org\/{rel}","templated":true}]}}