{"id":25369,"date":"2023-10-03T07:26:01","date_gmt":"2023-10-03T07:26:01","guid":{"rendered":"https:\/\/store.evolve-fitness.eu\/product\/evolve-vertical-2300-3600-mm\/"},"modified":"2025-11-07T10:58:09","modified_gmt":"2025-11-07T10:58:09","slug":"evolve-vertical-2300-3600-mm","status":"publish","type":"product","link":"https:\/\/store.evolve-fitness.eu\/es\/producto\/evolve-vertical-2300-3600-mm\/","title":{"rendered":"Evolve vertical 2300 &#8211; 3600 MM"},"content":{"rendered":"","protected":false},"excerpt":{"rendered":"<p>Mejore su condici\u00f3n f\u00edsica con el vers\u00e1til equipo vertical Evolve. Dise\u00f1ado para una multitud de estilos de entrenamiento funcional, incluyendo crossfit y entrenamientos en grupo o individuales, este equipo modular le permite personalizarlo para que se adapte a sus necesidades. Con diferentes opciones de longitud del montante: 2300 mm y orificios cortados con precisi\u00f3n para acoplarlo sin problemas, el Montante Evolve es el complemento perfecto para tu espacio de fitness. Transforma tus entrenamientos y alcanza tus objetivos de fitness con este equipo adaptable y resistente.<\/p>\n","protected":false},"featured_media":25374,"template":"","meta":{"_acf_changed":false,"inline_featured_image":false},"product_cat":[432,574,648,962],"product_tag":[],"class_list":{"0":"post-25369","1":"product","2":"type-product","3":"status-publish","4":"has-post-thumbnail","6":"product_cat-pagina-de-inicio","7":"product_cat-transversal-y-funcional","8":"product_cat-componentes-de-la-plataforma","9":"product_cat-partes-principales","11":"first","12":"instock","13":"shipping-taxable","14":"purchasable","15":"product-type-variable"},"acf":[],"_links":{"self":[{"href":"https:\/\/store.evolve-fitness.eu\/es\/wp-json\/wp\/v2\/product\/25369","targetHints":{"allow":["GET"]}}],"collection":[{"href":"https:\/\/store.evolve-fitness.eu\/es\/wp-json\/wp\/v2\/product"}],"about":[{"href":"https:\/\/store.evolve-fitness.eu\/es\/wp-json\/wp\/v2\/types\/product"}],"wp:featuredmedia":[{"embeddable":true,"href":"https:\/\/store.evolve-fitness.eu\/es\/wp-json\/wp\/v2\/media\/25374"}],"wp:attachment":[{"href":"https:\/\/store.evolve-fitness.eu\/es\/wp-json\/wp\/v2\/media?parent=25369"}],"wp:term":[{"taxonomy":"product_cat","embeddable":true,"href":"https:\/\/store.evolve-fitness.eu\/es\/wp-json\/wp\/v2\/product_cat?post=25369"},{"taxonomy":"product_tag","embeddable":true,"href":"https:\/\/store.evolve-fitness.eu\/es\/wp-json\/wp\/v2\/product_tag?post=25369"}],"curies":[{"name":"wp","href":"https:\/\/api.w.org\/{rel}","templated":true}]}}