{"id":25098,"date":"2023-10-02T14:44:57","date_gmt":"2023-10-02T14:44:57","guid":{"rendered":"https:\/\/store.evolve-fitness.eu\/product\/estanteria-mural-evolve\/"},"modified":"2024-08-01T10:07:42","modified_gmt":"2024-08-01T10:07:42","slug":"estanteria-mural-evolve","status":"publish","type":"product","link":"https:\/\/store.evolve-fitness.eu\/es\/producto\/estanteria-mural-evolve\/","title":{"rendered":"Estanter\u00eda mural Evolve"},"content":{"rendered":"","protected":false},"excerpt":{"rendered":"<p>Eleva tu rutina de entrenamiento de fuerza con el soporte para barras multifuncional de pared Evolve.<br \/>\nEste soporte, que ocupa poco espacio, est\u00e1 dise\u00f1ado para ejercicios vers\u00e1tiles con barra, e incluye puntos espec\u00edficos para guardar y sujetar bandas de resistencia y accesorios de entrenamiento.<br \/>\nIdeal para espacios compactos, este soporte de pared garantiza comodidad y accesibilidad para una gran variedad de ejercicios con barra.<br \/>\nMejora tu r\u00e9gimen de entrenamiento maximizando la funcionalidad y la organizaci\u00f3n con el soporte para barras multifuncional Evolve de montaje en pared, que ofrece una soluci\u00f3n perfecta para los entusiastas de las barras que buscan una configuraci\u00f3n de entrenamiento compacta y eficiente.   <\/p>\n","protected":false},"featured_media":25104,"template":"","meta":{"_acf_changed":false,"inline_featured_image":false},"product_cat":[432,574,936],"product_tag":[],"class_list":{"0":"post-25098","1":"product","2":"type-product","3":"status-publish","4":"has-post-thumbnail","6":"product_cat-pagina-de-inicio","7":"product_cat-transversal-y-funcional","8":"product_cat-soportes-de-pared","10":"first","11":"instock","12":"shipping-taxable","13":"purchasable","14":"product-type-simple"},"acf":[],"_links":{"self":[{"href":"https:\/\/store.evolve-fitness.eu\/es\/wp-json\/wp\/v2\/product\/25098","targetHints":{"allow":["GET"]}}],"collection":[{"href":"https:\/\/store.evolve-fitness.eu\/es\/wp-json\/wp\/v2\/product"}],"about":[{"href":"https:\/\/store.evolve-fitness.eu\/es\/wp-json\/wp\/v2\/types\/product"}],"wp:featuredmedia":[{"embeddable":true,"href":"https:\/\/store.evolve-fitness.eu\/es\/wp-json\/wp\/v2\/media\/25104"}],"wp:attachment":[{"href":"https:\/\/store.evolve-fitness.eu\/es\/wp-json\/wp\/v2\/media?parent=25098"}],"wp:term":[{"taxonomy":"product_cat","embeddable":true,"href":"https:\/\/store.evolve-fitness.eu\/es\/wp-json\/wp\/v2\/product_cat?post=25098"},{"taxonomy":"product_tag","embeddable":true,"href":"https:\/\/store.evolve-fitness.eu\/es\/wp-json\/wp\/v2\/product_tag?post=25098"}],"curies":[{"name":"wp","href":"https:\/\/api.w.org\/{rel}","templated":true}]}}