{"id":24748,"date":"2023-09-29T11:14:03","date_gmt":"2023-09-29T11:14:03","guid":{"rendered":"https:\/\/store.evolve-fitness.eu\/product\/media-cremallera-evolve\/"},"modified":"2024-09-25T12:25:46","modified_gmt":"2024-09-25T12:25:46","slug":"media-cremallera-evolve","status":"publish","type":"product","link":"https:\/\/store.evolve-fitness.eu\/es\/producto\/media-cremallera-evolve\/","title":{"rendered":"Evolve HR-208 Media Estanter\u00eda"},"content":{"rendered":"\n<section class=\"wp-block-group alignfull black-content has-white-color has-darkgray-background-color has-text-color has-background is-layout-constrained wp-block-group-is-layout-constrained\" style=\"padding-top:var(--wp--preset--spacing--section-bottom);padding-bottom:var(--wp--preset--spacing--section-bottom)\">\n<div class=\"wp-block-columns alignwide mobile-reverse is-layout-flex wp-container-core-columns-is-layout-ca64bf2d wp-block-columns-is-layout-flex\" style=\"margin-bottom:var(--wp--preset--spacing--side-padding)\">\n<div class=\"wp-block-column is-vertically-aligned-center is-layout-flow wp-block-column-is-layout-flow\">\n<h3 class=\"wp-block-heading\" style=\"margin-bottom:var(--wp--preset--spacing--h-3-bottom)\"><strong><strong><strong><strong><strong><strong><strong>Construcci\u00f3n robusta y vers\u00e1til<\/strong><\/strong><\/strong><\/strong><\/strong><\/strong><\/strong><\/h3>\n\n\n\n<p>La media estanter\u00eda Evolve HR-208 es un equipo de entrenamiento de fuerza robusto y vers\u00e1til, ideal para gimnasios comerciales. Estas caracter\u00edsticas la convierten en una excelente elecci\u00f3n para una amplia gama de ejercicios de fuerza, ya que admite diversas rutinas de entrenamiento a la vez que se centra en la fiabilidad a largo plazo. El Evolve HR-208 Half Rack est\u00e1 dise\u00f1ado para acomodar una amplia gama de ejercicios de entrenamiento de fuerza. Sus caracter\u00edsticas ajustables, incluyendo ganchos en J y barras de seguridad, proporcionan versatilidad para ejercicios como sentadillas, press de banca y peso muerto. Este soporte tambi\u00e9n incluye una barra de dominadas multiagarre, que mejora las opciones de entrenamiento de la parte superior del cuerpo.<\/p>\n<\/div>\n\n\n\n<div class=\"wp-block-column is-vertically-aligned-center is-layout-flow wp-block-column-is-layout-flow\">\n<figure class=\"wp-block-video\"><video autoplay=\"\" controls=\"\" loop=\"\" muted=\"\" src=\"https:\/\/evolve-fitness.eu\/wp-content\/uploads\/2023\/12\/3.mp4\"><\/video><\/figure>\n<\/div>\n<\/div>\n\n\n\n<div class=\"wp-block-columns alignwide mobile-reverse is-layout-flex wp-container-core-columns-is-layout-ca64bf2d wp-block-columns-is-layout-flex\" style=\"margin-bottom:var(--wp--preset--spacing--side-padding)\">\n<div class=\"wp-block-column is-vertically-aligned-center is-layout-flow wp-block-column-is-layout-flow\">\n<figure class=\"wp-block-video\"><video autoplay=\"\" controls=\"\" loop=\"\" muted=\"\" src=\"https:\/\/evolve-fitness.eu\/wp-content\/uploads\/2024\/02\/ER-PR-HR-208-3D.mp4\"><\/video><\/figure>\n<\/div>\n\n\n\n<div class=\"wp-block-column is-vertically-aligned-center is-layout-flow wp-block-column-is-layout-flow\">\n<h3 class=\"wp-block-heading\" style=\"margin-bottom:var(--wp--preset--spacing--h-3-bottom)\"><strong><strong><strong><strong><strong><strong><strong>V\u00eddeo de montaje en 3D de la media estanter\u00eda Evolve HR-208<\/strong><\/strong><\/strong><\/strong><\/strong><\/strong><\/strong><\/h3>\n\n\n\n<p>En este v\u00eddeo de montaje en 3D, le ofrecemos una oportunidad \u00fanica para comprender y visualizar realmente c\u00f3mo se ensambla su Evolve HR-208 Half Rack desde los componentes individuales hasta su forma final y robusta. Nuestra avanzada tecnolog\u00eda de renderizado 3D le proporcionar\u00e1 una perspectiva inigualable, permiti\u00e9ndole ver con precisi\u00f3n c\u00f3mo cada pieza se interconecta y contribuye a la estructura global. A medida que avanza el montaje, ver\u00e1 c\u00f3mo su media estanter\u00eda se transforma ante sus ojos y, al final del v\u00eddeo, comprender\u00e1 perfectamente su aspecto final, lo que le garantizar\u00e1 que se integre perfectamente en su espacio de fitness al tiempo que ofrece un rendimiento de primera categor\u00eda.<\/p>\n<\/div>\n<\/div>\n\n\n\n<div class=\"wp-block-columns alignwide is-layout-flex wp-container-core-columns-is-layout-c45ee707 wp-block-columns-is-layout-flex\" style=\"margin-bottom:var(--wp--preset--spacing--side-padding);padding-top:var(--wp--preset--spacing--side-padding)\">\n<div class=\"wp-block-column is-vertically-aligned-center is-layout-constrained wp-block-column-is-layout-constrained\">\n<h3 class=\"wp-block-heading\" style=\"margin-bottom:var(--wp--preset--spacing--h-3-bottom)\"><strong><strong><strong><strong><strong><strong><strong><strong>COMPACTO <\/strong><\/strong><\/strong><\/strong><\/strong><\/strong><\/strong><\/strong>y dise\u00f1o estable<\/h3>\n\n\n\n<p>Cuenta con un robusto bastidor con recubrimiento en polvo de 3 mm de grosor capaz de soportar hasta 1.000 kg, lo que garantiza su durabilidad y seguridad. Su dise\u00f1o compacto la hace adecuada para espacios reducidos, al tiempo que proporciona la robustez necesaria para levantar cargas pesadas. El dise\u00f1o del soporte est\u00e1 optimizado para la estabilidad, lo que garantiza que se mantenga seguro durante los entrenamientos intensos. Esto lo convierte en una opci\u00f3n segura y fiable tanto para levantadores principiantes como experimentados, contribuyendo a un entorno de entrenamiento eficaz y eficiente. Su sistema integrado de almacenamiento de pesas ayuda a mantener la zona de entrenamiento ordenada y segura.<\/p>\n<\/div>\n\n\n\n<div class=\"wp-block-column is-vertically-aligned-center is-layout-flow wp-block-column-is-layout-flow\">\n<figure class=\"wp-block-image size-large\"><img decoding=\"async\" src=\"https:\/\/evolve-fitness.eu\/wp-content\/uploads\/2023\/11\/A7_06155-683x1024.jpg\" alt=\"\" class=\"wp-image-8010\"\/><\/figure>\n<\/div>\n<\/div>\n\n\n\n<div class=\"wp-block-columns alignwide is-layout-flex wp-container-core-columns-is-layout-c45ee707 wp-block-columns-is-layout-flex\" style=\"margin-bottom:var(--wp--preset--spacing--side-padding);padding-top:var(--wp--preset--spacing--side-padding)\">\n<div class=\"wp-block-column is-vertically-aligned-center is-layout-flow wp-block-column-is-layout-flow\">\n<figure class=\"wp-block-video\"><video height=\"1080\" style=\"aspect-ratio: 1920 \/ 1080;\" width=\"1920\" autoplay=\"\" controls=\"\" loop=\"\" muted=\"\" src=\"https:\/\/evolve-fitness.eu\/wp-content\/uploads\/2023\/12\/2-6.mp4\"><\/video><\/figure>\n<\/div>\n\n\n\n<div class=\"wp-block-column is-vertically-aligned-center is-layout-constrained wp-block-column-is-layout-constrained\">\n<h3 class=\"wp-block-heading\" style=\"margin-bottom:var(--wp--preset--spacing--h-3-bottom)\"><strong><strong><strong><strong><strong><strong><strong>precisi\u00f3n y funcionalidad<\/strong><\/strong><\/strong><\/strong><\/strong><\/strong><\/strong><\/h3>\n\n\n\n<p>Los orificios y n\u00fameros de precisi\u00f3n cortados con l\u00e1ser de la media estanter\u00eda Evolve HR-208 mejoran su funcionalidad y facilidad de uso. Estas caracter\u00edsticas permiten un ajuste r\u00e1pido y preciso de los ganchos en J y las barras de seguridad, garantizando una configuraci\u00f3n eficaz para diversos ejercicios. Los n\u00fameros claramente marcados tambi\u00e9n ayudan a garantizar la simetr\u00eda en la colocaci\u00f3n de la barra, que es crucial para un entrenamiento equilibrado y la prevenci\u00f3n de lesiones.<\/p>\n<\/div>\n<\/div>\n<\/section>\n","protected":false},"excerpt":{"rendered":"<p>Eleve su entrenamiento de fuerza a nuevas cotas con la media estanter\u00eda Evolve, dise\u00f1ada para uso comercial. Esta robusta estanter\u00eda cuenta con un bastidor con recubrimiento en polvo de 3 mm de grosor, lo que garantiza su durabilidad y una capacidad de carga m\u00e1xima de hasta 1.000 kg. Los orificios y n\u00fameros cortados con l\u00e1ser, junto con las costuras soldadas rob\u00f3ticamente, garantizan la precisi\u00f3n y la longevidad. El paquete incluye ocho soportes de almacenamiento de pesas, barras de seguridad para sentadillas, un soporte de barra horizontal, un soporte de barra vertical y un travesa\u00f1o. Tenga en cuenta que la barra que se muestra no est\u00e1 incluida en el paquete. Experimente intensos entrenamientos de fuerza con el Evolve Half Rack, donde se pone \u00e9nfasis no s\u00f3lo en la eficiencia sino tambi\u00e9n en la fiabilidad a largo plazo.<\/p>\n","protected":false},"featured_media":97241,"template":"","meta":{"_acf_changed":false,"inline_featured_image":false},"product_cat":[432,574,920],"product_tag":[],"class_list":{"0":"post-24748","1":"product","2":"type-product","3":"status-publish","4":"has-post-thumbnail","6":"product_cat-pagina-de-inicio","7":"product_cat-transversal-y-funcional","8":"product_cat-bastidores","10":"first","11":"instock","12":"shipping-taxable","13":"purchasable","14":"product-type-simple"},"acf":[],"_links":{"self":[{"href":"https:\/\/store.evolve-fitness.eu\/es\/wp-json\/wp\/v2\/product\/24748","targetHints":{"allow":["GET"]}}],"collection":[{"href":"https:\/\/store.evolve-fitness.eu\/es\/wp-json\/wp\/v2\/product"}],"about":[{"href":"https:\/\/store.evolve-fitness.eu\/es\/wp-json\/wp\/v2\/types\/product"}],"wp:featuredmedia":[{"embeddable":true,"href":"https:\/\/store.evolve-fitness.eu\/es\/wp-json\/wp\/v2\/media\/97241"}],"wp:attachment":[{"href":"https:\/\/store.evolve-fitness.eu\/es\/wp-json\/wp\/v2\/media?parent=24748"}],"wp:term":[{"taxonomy":"product_cat","embeddable":true,"href":"https:\/\/store.evolve-fitness.eu\/es\/wp-json\/wp\/v2\/product_cat?post=24748"},{"taxonomy":"product_tag","embeddable":true,"href":"https:\/\/store.evolve-fitness.eu\/es\/wp-json\/wp\/v2\/product_tag?post=24748"}],"curies":[{"name":"wp","href":"https:\/\/api.w.org\/{rel}","templated":true}]}}