{"id":23382,"date":"2023-09-27T12:19:50","date_gmt":"2023-09-27T12:19:50","guid":{"rendered":"https:\/\/store.evolve-fitness.eu\/product\/cinta-de-correr-evolve-con-consola-lcd\/"},"modified":"2025-03-06T13:51:59","modified_gmt":"2025-03-06T13:51:59","slug":"cinta-de-correr-evolve-con-consola-lcd","status":"publish","type":"product","link":"https:\/\/store.evolve-fitness.eu\/es\/producto\/cinta-de-correr-evolve-con-consola-lcd\/","title":{"rendered":"Cinta de correr Evolve con consola LCD"},"content":{"rendered":"\n<section class=\"wp-block-group alignfull black-content has-white-color has-darkgray-background-color has-text-color has-background is-layout-constrained wp-block-group-is-layout-constrained\" style=\"padding-top:var(--wp--preset--spacing--section-bottom);padding-bottom:var(--wp--preset--spacing--section-bottom)\">\n<div class=\"wp-block-columns alignwide mobile-reverse is-layout-flex wp-container-core-columns-is-layout-ca64bf2d wp-block-columns-is-layout-flex\" style=\"margin-bottom:var(--wp--preset--spacing--side-padding)\">\n<div class=\"wp-block-column is-vertically-aligned-center is-layout-flow wp-block-column-is-layout-flow\">\n<h3 class=\"wp-block-heading\" style=\"margin-bottom:var(--wp--preset--spacing--h-3-bottom)\"><strong>Amortiguaci\u00f3n avanzada<\/strong><\/h3>\n\n\n\n<p><strong><em><strong>Proteja sus articulaciones<\/strong><\/em><\/strong><\/p>\n\n\n\n<p style=\"margin-bottom:var(--wp--preset--spacing--tb-section-padding)\">La plataforma de nuestra cinta de correr est\u00e1 equipada con un avanzado sistema de amortiguaci\u00f3n que ofrece una absorci\u00f3n de impactos superior, garantizando que sus rodillas y articulaciones est\u00e9n bien protegidas. Esta tecnolog\u00eda a\u00f1ade un rebote extra a tu zancada, proporcionando no s\u00f3lo seguridad sino tambi\u00e9n comodidad durante tus entrenamientos.<\/p>\n\n\n\n<h3 class=\"wp-block-heading\" style=\"margin-bottom:var(--wp--preset--spacing--h-3-bottom)\"><strong>La seguridad ante todo<\/strong><\/h3>\n\n\n\n<p><strong><em>Mant\u00e9ngase en la zona<\/em><\/strong><\/p>\n\n\n\n<p>La plataforma de la cinta de correr est\u00e1 equipada con barandillas laterales a ambos lados para su seguridad. Cubiertas con un patr\u00f3n antideslizante, estas barandillas sirven como zona segura donde recuperar el equilibrio en caso de emergencia, evitando posibles accidentes.<\/p>\n<\/div>\n\n\n\n<div class=\"wp-block-column is-vertically-aligned-center is-layout-flow wp-block-column-is-layout-flow\">\n<figure class=\"wp-block-video\"><video height=\"2560\" style=\"aspect-ratio: 2560 \/ 2560;\" width=\"2560\" autoplay=\"\" controls=\"\" loop=\"\" muted=\"\" src=\"https:\/\/evolve-fitness.eu\/wp-content\/uploads\/2024\/07\/2-2.mp4\"><\/video><\/figure>\n<\/div>\n<\/div>\n\n\n\n<div class=\"wp-block-columns alignwide is-layout-flex wp-container-core-columns-is-layout-c45ee707 wp-block-columns-is-layout-flex\" style=\"margin-bottom:var(--wp--preset--spacing--side-padding);padding-top:var(--wp--preset--spacing--side-padding)\">\n<div class=\"wp-block-column is-vertically-aligned-center is-layout-flow wp-block-column-is-layout-flow\">\n<figure class=\"wp-block-image size-full is-style-default\"><img loading=\"lazy\" decoding=\"async\" width=\"1080\" height=\"1080\" src=\"https:\/\/store.evolve-fitness.eu\/wp-content\/uploads\/2024\/06\/Dizainas-be-pavadinimo-2-6.png\" alt=\"\" class=\"wp-image-81542\" srcset=\"https:\/\/store.evolve-fitness.eu\/wp-content\/uploads\/2024\/06\/Dizainas-be-pavadinimo-2-6.png 1080w, https:\/\/store.evolve-fitness.eu\/wp-content\/uploads\/2024\/06\/Dizainas-be-pavadinimo-2-6-300x300.png 300w, https:\/\/store.evolve-fitness.eu\/wp-content\/uploads\/2024\/06\/Dizainas-be-pavadinimo-2-6-1024x1024.png 1024w, https:\/\/store.evolve-fitness.eu\/wp-content\/uploads\/2024\/06\/Dizainas-be-pavadinimo-2-6-150x150.png 150w, https:\/\/store.evolve-fitness.eu\/wp-content\/uploads\/2024\/06\/Dizainas-be-pavadinimo-2-6-768x768.png 768w, https:\/\/store.evolve-fitness.eu\/wp-content\/uploads\/2024\/06\/Dizainas-be-pavadinimo-2-6-600x600.png 600w, https:\/\/store.evolve-fitness.eu\/wp-content\/uploads\/2024\/06\/Dizainas-be-pavadinimo-2-6-100x100.png 100w\" sizes=\"auto, (max-width: 1080px) 100vw, 1080px\" \/><\/figure>\n<\/div>\n\n\n\n<div class=\"wp-block-column is-vertically-aligned-center is-layout-flow wp-block-column-is-layout-flow\">\n<h3 class=\"wp-block-heading\" style=\"margin-bottom:var(--wp--preset--spacing--h-3-bottom)\"><strong>Construido para la estabilidad<\/strong><\/h3>\n\n\n\n<p><strong><em>Peso m\u00e1ximo del usuario de 150 KG<\/em><\/strong><\/p>\n\n\n\n<p style=\"margin-bottom:var(--wp--preset--spacing--tb-section-padding)\">Nuestro marco duradero y seguro supera las expectativas de los usuarios dom\u00e9sticos. Con un peso de 89 kg, puede soportar pesos de usuario de hasta 150 kg. Su dise\u00f1o de alta gama y elegante proporciona una estabilidad notable incluso durante las sesiones de entrenamiento m\u00e1s intensas.<\/p>\n<\/div>\n<\/div>\n\n\n\n<div class=\"wp-block-columns alignwide are-vertically-aligned-center mobile-reverse is-layout-flex wp-container-core-columns-is-layout-e8158c2f wp-block-columns-is-layout-flex\" style=\"padding-top:var(--wp--preset--spacing--side-padding)\">\n<div class=\"wp-block-column is-vertically-aligned-center is-layout-flow wp-block-column-is-layout-flow\">\n<h3 class=\"wp-block-heading\" style=\"margin-bottom:var(--wp--preset--spacing--h-3-bottom)\"><strong><strong>Inclinaci\u00f3n para intensidad<\/strong><\/strong><\/h3>\n\n\n\n<p><strong><em><strong>Inclinaci\u00f3n electr\u00f3nica 0-15<\/strong><\/em><\/strong><\/p>\n\n\n\n<p style=\"margin-bottom:var(--wp--preset--spacing--tb-section-padding)\">Experimente entrenamientos vers\u00e1tiles con nuestro ajuste electr\u00f3nico de inclinaci\u00f3n. Un motor eleva sin esfuerzo la plataforma hasta el nivel deseado, ofreciendo inclinaciones de hasta el 15%. Esta funci\u00f3n te permite adaptar tus entrenamientos a varios niveles de intensidad, desde caminar a paso ligero hasta carreras de infarto.<\/p>\n<\/div>\n\n\n\n<div class=\"wp-block-column is-vertically-aligned-center is-layout-flow wp-block-column-is-layout-flow\">\n<figure class=\"wp-block-image size-full is-style-default\"><img loading=\"lazy\" decoding=\"async\" width=\"2060\" height=\"1373\" src=\"https:\/\/store.evolve-fitness.eu\/wp-content\/uploads\/2024\/06\/1360-x-520-mm-3.png\" alt=\"\" class=\"wp-image-81366\" srcset=\"https:\/\/store.evolve-fitness.eu\/wp-content\/uploads\/2024\/06\/1360-x-520-mm-3.png 2060w, https:\/\/store.evolve-fitness.eu\/wp-content\/uploads\/2024\/06\/1360-x-520-mm-3-300x200.png 300w, https:\/\/store.evolve-fitness.eu\/wp-content\/uploads\/2024\/06\/1360-x-520-mm-3-1024x683.png 1024w, https:\/\/store.evolve-fitness.eu\/wp-content\/uploads\/2024\/06\/1360-x-520-mm-3-768x512.png 768w, https:\/\/store.evolve-fitness.eu\/wp-content\/uploads\/2024\/06\/1360-x-520-mm-3-1536x1024.png 1536w, https:\/\/store.evolve-fitness.eu\/wp-content\/uploads\/2024\/06\/1360-x-520-mm-3-2048x1365.png 2048w, https:\/\/store.evolve-fitness.eu\/wp-content\/uploads\/2024\/06\/1360-x-520-mm-3-600x400.png 600w\" sizes=\"auto, (max-width: 2060px) 100vw, 2060px\" \/><\/figure>\n<\/div>\n<\/div>\n\n\n\n<section class=\"wp-block-group alignfull black-content has-white-color has-darkgray-background-color has-text-color has-background is-layout-constrained wp-block-group-is-layout-constrained\" style=\"padding-top:var(--wp--preset--spacing--section-bottom);padding-bottom:var(--wp--preset--spacing--section-bottom)\">\n<div class=\"wp-block-columns alignwide is-layout-flex wp-container-core-columns-is-layout-ca64bf2d wp-block-columns-is-layout-flex\" style=\"margin-bottom:var(--wp--preset--spacing--side-padding)\">\n<div class=\"wp-block-column is-vertically-aligned-center is-layout-flow wp-block-column-is-layout-flow\">\n<figure class=\"wp-block-image size-full is-resized is-style-default\"><img decoding=\"async\" src=\"https:\/\/evolve.adoras.lt\/wp-content\/uploads\/2023\/08\/222.jpg\" alt=\"\" class=\"wp-image-2552\" style=\"width:861px;height:auto\"\/><\/figure>\n<\/div>\n\n\n\n<div class=\"wp-block-column is-vertically-aligned-center is-layout-flow wp-block-column-is-layout-flow\">\n<h3 class=\"wp-block-heading\" style=\"margin-bottom:var(--wp--preset--spacing--h-3-bottom)\"><strong><strong>Potente y silencioso<\/strong><\/strong><\/h3>\n\n\n\n<p><strong><em><strong>4 CV Potencia m\u00e1xima<\/strong><\/em><\/strong><\/p>\n\n\n\n<p style=\"margin-bottom:var(--wp--preset--spacing--tb-section-padding)\">La cinta de correr cuenta con un motor de trabajo continuo de 2,5 CV que genera unos impresionantes 4 CV a m\u00e1xima potencia. Este robusto motor garantiza un rendimiento suave y duradero, incluso durante entrenamientos intensos. En particular, funciona silenciosamente a s\u00f3lo 60 dB, lo que la hace perfecta para usuarios dom\u00e9sticos que disfrutan de la m\u00fasica o la televisi\u00f3n durante el ejercicio.<\/p>\n<\/div>\n<\/div>\n\n\n\n<div class=\"wp-block-columns alignwide mobile-reverse is-layout-flex wp-container-core-columns-is-layout-c45ee707 wp-block-columns-is-layout-flex\" style=\"margin-bottom:var(--wp--preset--spacing--side-padding);padding-top:var(--wp--preset--spacing--side-padding)\">\n<div class=\"wp-block-column is-vertically-aligned-center is-layout-flow wp-block-column-is-layout-flow\">\n<h3 class=\"wp-block-heading\" style=\"margin-bottom:var(--wp--preset--spacing--h-3-bottom)\"><strong><strong><strong>Supera tus l\u00edmites<\/strong><\/strong><\/strong><\/h3>\n\n\n\n<p><strong><em><strong>Velocidad m\u00e1xima &#8211; 18 KM\/H<\/strong><\/em><\/strong><\/p>\n\n\n\n<p>Maximiza tu velocidad y resistencia con una velocidad m\u00e1xima de 18 km\/h. Esta amplia gama de velocidades se adapta a todo, desde paseos tranquilos hasta entrenamientos de intervalos de alta intensidad, permiti\u00e9ndole superar sus objetivos de fitness.<\/p>\n\n\n\n<h3 class=\"wp-block-heading\" style=\"margin-bottom:var(--wp--preset--spacing--h-3-bottom)\"><strong><strong><strong><strong>Ajuste sencillo<\/strong><\/strong><\/strong><\/strong><\/h3>\n\n\n\n<p><strong><em><strong><strong>Interfaz f\u00e1cil de usar<\/strong><\/strong><\/em><\/strong><\/p>\n\n\n\n<p>Nuestro dise\u00f1o de f\u00e1cil manejo pone los controles de velocidad, inclinaci\u00f3n y ajustes al alcance de la mano. Puedes modificar sin esfuerzo los par\u00e1metros de tu entrenamiento utilizando los intuitivos botones t\u00e1ctiles situados en la parte frontal.<\/p>\n<\/div>\n\n\n\n<div class=\"wp-block-column is-vertically-aligned-center is-layout-flow wp-block-column-is-layout-flow\">\n<figure class=\"wp-block-image size-full is-style-default\"><img decoding=\"async\" src=\"https:\/\/evolve.adoras.lt\/wp-content\/uploads\/2023\/08\/EV-HT-250-7.jpg\" alt=\"\" class=\"wp-image-2516\"\/><\/figure>\n<\/div>\n<\/div>\n\n\n\n<div class=\"wp-block-columns alignwide are-vertically-aligned-center is-layout-flex wp-container-core-columns-is-layout-e8158c2f wp-block-columns-is-layout-flex\" style=\"padding-top:var(--wp--preset--spacing--side-padding)\">\n<div class=\"wp-block-column is-vertically-aligned-center is-layout-flow wp-block-column-is-layout-flow\">\n<figure class=\"wp-block-video\"><video height=\"2160\" style=\"aspect-ratio: 3840 \/ 2160;\" width=\"3840\" controls=\"\" src=\"https:\/\/store.evolve-fitness.eu\/wp-content\/uploads\/2024\/06\/hart.mp4\"><\/video><\/figure>\n<\/div>\n\n\n\n<div class=\"wp-block-column is-vertically-aligned-center is-layout-flow wp-block-column-is-layout-flow\">\n<h3 class=\"wp-block-heading\" style=\"margin-bottom:var(--wp--preset--spacing--h-3-bottom)\"><strong><strong>Control del ritmo card\u00edaco<\/strong><\/strong><\/h3>\n\n\n\n<p><strong><em><strong>Fitness inteligente<\/strong><\/em><\/strong><\/p>\n\n\n\n<p style=\"margin-bottom:var(--wp--preset--spacing--tb-section-padding)\">Controla tu frecuencia cardiaca para optimizar tu experiencia de entrenamiento. El seguimiento de tu frecuencia cardiaca no s\u00f3lo te ayuda a prevenir el sobreesfuerzo, sino que tambi\u00e9n te permite alcanzar zonas de fitness espec\u00edficas, mejorando la eficacia de tus entrenamientos cardiovasculares y sesiones de quema de calor\u00edas.<\/p>\n<\/div>\n<\/div>\n\n\n\n<div class=\"wp-block-columns alignwide are-vertically-aligned-center is-layout-flex wp-container-core-columns-is-layout-e8158c2f wp-block-columns-is-layout-flex\" style=\"padding-top:var(--wp--preset--spacing--side-padding)\">\n<div class=\"wp-block-column is-vertically-aligned-center is-layout-flow wp-block-column-is-layout-flow\">\n<h3 class=\"wp-block-heading\" style=\"margin-bottom:var(--wp--preset--spacing--h-3-bottom)\"><strong><strong><strong>Mant\u00e9ngase hidratado<\/strong><\/strong><\/strong><\/h3>\n\n\n\n<p><strong><em><strong>Soporte para botellas de agua y accesorios<\/strong><\/em><\/strong><\/p>\n\n\n\n<p style=\"margin-bottom:var(--wp--preset--spacing--tb-section-padding)\">Mantente fresco durante todo el entrenamiento con nuestros soportes integrados. Los espacios especialmente dise\u00f1ados aseguran su bebida favorita y sus accesorios de entrenamiento con patrones antideslizantes, garantizando que todo lo que necesita est\u00e9 al alcance de la mano.<\/p>\n<\/div>\n\n\n\n<div class=\"wp-block-column is-vertically-aligned-center is-layout-flow wp-block-column-is-layout-flow\">\n<figure class=\"wp-block-image size-large\"><img loading=\"lazy\" decoding=\"async\" width=\"683\" height=\"1024\" src=\"https:\/\/store.evolve-fitness.eu\/wp-content\/uploads\/2024\/06\/EV-HT-250-Evolve-Treadmill-with-LCD-Console-13-683x1024.jpg\" alt=\"\" class=\"wp-image-76308\" srcset=\"https:\/\/store.evolve-fitness.eu\/wp-content\/uploads\/2024\/06\/EV-HT-250-Evolve-Treadmill-with-LCD-Console-13-683x1024.jpg 683w, https:\/\/store.evolve-fitness.eu\/wp-content\/uploads\/2024\/06\/EV-HT-250-Evolve-Treadmill-with-LCD-Console-13-200x300.jpg 200w, https:\/\/store.evolve-fitness.eu\/wp-content\/uploads\/2024\/06\/EV-HT-250-Evolve-Treadmill-with-LCD-Console-13-768x1152.jpg 768w, https:\/\/store.evolve-fitness.eu\/wp-content\/uploads\/2024\/06\/EV-HT-250-Evolve-Treadmill-with-LCD-Console-13-1024x1536.jpg 1024w, https:\/\/store.evolve-fitness.eu\/wp-content\/uploads\/2024\/06\/EV-HT-250-Evolve-Treadmill-with-LCD-Console-13-1365x2048.jpg 1365w, https:\/\/store.evolve-fitness.eu\/wp-content\/uploads\/2024\/06\/EV-HT-250-Evolve-Treadmill-with-LCD-Console-13-600x900.jpg 600w, https:\/\/store.evolve-fitness.eu\/wp-content\/uploads\/2024\/06\/EV-HT-250-Evolve-Treadmill-with-LCD-Console-13.jpg 1373w\" sizes=\"auto, (max-width: 683px) 100vw, 683px\" \/><\/figure>\n<\/div>\n<\/div>\n\n\n\n<div class=\"wp-block-columns alignwide are-vertically-aligned-center is-layout-flex wp-container-core-columns-is-layout-e8158c2f wp-block-columns-is-layout-flex\" style=\"padding-top:var(--wp--preset--spacing--side-padding)\">\n<div class=\"wp-block-column is-vertically-aligned-center is-layout-flow wp-block-column-is-layout-flow\">\n<figure class=\"wp-block-video\"><video height=\"2160\" style=\"aspect-ratio: 3840 \/ 2160;\" width=\"3840\" controls=\"\" src=\"https:\/\/store.evolve-fitness.eu\/wp-content\/uploads\/2024\/06\/safety-key.mp4\"><\/video><\/figure>\n<\/div>\n\n\n\n<div class=\"wp-block-column is-vertically-aligned-center is-layout-flow wp-block-column-is-layout-flow\">\n<h3 class=\"wp-block-heading\" style=\"margin-bottom:var(--wp--preset--spacing--h-3-bottom)\"><strong><strong><strong>Llave de seguridad<\/strong><\/strong><\/strong><\/h3>\n\n\n\n<p><strong><em><strong><strong>Seguridad a cada paso<\/strong><\/strong><\/em><\/strong><\/p>\n\n\n\n<p style=\"margin-bottom:var(--wp--preset--spacing--tb-section-padding)\">Prioriza la seguridad colocando la llave roja en tu ropa antes de cada entrenamiento. En caso de emergencia, la llave de seguridad se desactiva, deteniendo la cinta de correr inmediatamente. Su seguridad es nuestra m\u00e1xima preocupaci\u00f3n.<\/p>\n<\/div>\n<\/div>\n\n\n\n<div class=\"wp-block-columns alignwide are-vertically-aligned-center is-layout-flex wp-container-core-columns-is-layout-e8158c2f wp-block-columns-is-layout-flex\" style=\"padding-top:var(--wp--preset--spacing--side-padding)\">\n<div class=\"wp-block-column is-vertically-aligned-center is-layout-flow wp-block-column-is-layout-flow\">\n<h3 class=\"wp-block-heading\" style=\"margin-bottom:var(--wp--preset--spacing--h-3-bottom)\"><strong><strong><strong><strong>Cintur\u00f3n resistente<\/strong><\/strong><\/strong><\/strong><\/h3>\n\n\n\n<p><strong><em><strong><strong>Proteja sus articulaciones<\/strong><\/strong><\/em><\/strong><\/p>\n\n\n\n<p style=\"margin-bottom:var(--wp--preset--spacing--tb-section-padding)\">La cinta de correr consta de siete niveles, con la capa superior en forma de rombo. Estas caracter\u00edsticas ofrecen una protecci\u00f3n superior de las articulaciones, mejoran la durabilidad y garantizan la longevidad.<\/p>\n<\/div>\n\n\n\n<div class=\"wp-block-column is-vertically-aligned-center is-layout-flow wp-block-column-is-layout-flow\">\n<figure class=\"wp-block-image size-full is-resized is-style-default\"><img loading=\"lazy\" decoding=\"async\" width=\"2060\" height=\"1373\" src=\"https:\/\/store.evolve-fitness.eu\/wp-content\/uploads\/2024\/06\/1360-x-520-mm-5.png\" alt=\"\" class=\"wp-image-81517\" style=\"width:849px;height:auto\" srcset=\"https:\/\/store.evolve-fitness.eu\/wp-content\/uploads\/2024\/06\/1360-x-520-mm-5.png 2060w, https:\/\/store.evolve-fitness.eu\/wp-content\/uploads\/2024\/06\/1360-x-520-mm-5-300x200.png 300w, https:\/\/store.evolve-fitness.eu\/wp-content\/uploads\/2024\/06\/1360-x-520-mm-5-1024x683.png 1024w, https:\/\/store.evolve-fitness.eu\/wp-content\/uploads\/2024\/06\/1360-x-520-mm-5-768x512.png 768w, https:\/\/store.evolve-fitness.eu\/wp-content\/uploads\/2024\/06\/1360-x-520-mm-5-1536x1024.png 1536w, https:\/\/store.evolve-fitness.eu\/wp-content\/uploads\/2024\/06\/1360-x-520-mm-5-2048x1365.png 2048w, https:\/\/store.evolve-fitness.eu\/wp-content\/uploads\/2024\/06\/1360-x-520-mm-5-600x400.png 600w\" sizes=\"auto, (max-width: 2060px) 100vw, 2060px\" \/><\/figure>\n<\/div>\n<\/div>\n\n\n\n<div class=\"wp-block-columns alignwide are-vertically-aligned-center is-layout-flex wp-container-core-columns-is-layout-e8158c2f wp-block-columns-is-layout-flex\" style=\"padding-top:var(--wp--preset--spacing--side-padding)\">\n<div class=\"wp-block-column is-vertically-aligned-center is-layout-flow wp-block-column-is-layout-flow\">\n<figure class=\"wp-block-image size-full is-style-default\"><img loading=\"lazy\" decoding=\"async\" width=\"790\" height=\"888\" src=\"https:\/\/store.evolve-fitness.eu\/wp-content\/uploads\/2024\/06\/EV-HT-250-Evolve-Treadmill-With-LCD-Console-1-2.png\" alt=\"\" class=\"wp-image-81492\" srcset=\"https:\/\/store.evolve-fitness.eu\/wp-content\/uploads\/2024\/06\/EV-HT-250-Evolve-Treadmill-With-LCD-Console-1-2.png 790w, https:\/\/store.evolve-fitness.eu\/wp-content\/uploads\/2024\/06\/EV-HT-250-Evolve-Treadmill-With-LCD-Console-1-2-267x300.png 267w, https:\/\/store.evolve-fitness.eu\/wp-content\/uploads\/2024\/06\/EV-HT-250-Evolve-Treadmill-With-LCD-Console-1-2-768x863.png 768w, https:\/\/store.evolve-fitness.eu\/wp-content\/uploads\/2024\/06\/EV-HT-250-Evolve-Treadmill-With-LCD-Console-1-2-600x674.png 600w\" sizes=\"auto, (max-width: 790px) 100vw, 790px\" \/><\/figure>\n<\/div>\n\n\n\n<div class=\"wp-block-column is-vertically-aligned-center is-layout-flow wp-block-column-is-layout-flow\">\n<h3 class=\"wp-block-heading\" style=\"margin-bottom:var(--wp--preset--spacing--h-3-bottom)\"><strong><strong><strong><strong><strong>Consola informativa<\/strong><\/strong><\/strong><\/strong><\/strong><\/h3>\n\n\n\n<p><strong><em><strong><strong>Sigue tu progreso<\/strong><\/strong><\/em><\/strong><\/p>\n\n\n\n<p style=\"margin-bottom:var(--wp--preset--spacing--tb-section-padding)\">Nuestra consola LCD proporciona datos en tiempo real sobre la velocidad, la distancia, el tiempo, las calor\u00edas quemadas y el pulso, lo que le permite mantenerse informado y motivado durante todo el entrenamiento.<\/p>\n\n\n\n<h3 class=\"wp-block-heading\" style=\"margin-bottom:var(--wp--preset--spacing--h-3-bottom)\"><strong><strong><strong><strong><strong><strong>Programas vers\u00e1tiles<\/strong><\/strong><\/strong><\/strong><\/strong><\/strong><\/h3>\n\n\n\n<p><strong><em><strong><strong>Entrenamientos a medida<\/strong><\/strong><\/em><\/strong><\/p>\n\n\n\n<p style=\"margin-bottom:var(--wp--preset--spacing--tb-section-padding)\">Alcanza tus objetivos de fitness con facilidad utilizando los 12 programas de entrenamiento integrados de la cinta de correr. Estos programas a\u00f1aden motivaci\u00f3n y variedad a tus entrenamientos. Adem\u00e1s, la opci\u00f3n de programa de usuario le permite crear su rutina de ejercicios personalizada.<\/p>\n\n\n\n<h3 class=\"wp-block-heading\" style=\"margin-bottom:var(--wp--preset--spacing--h-3-bottom)\"><strong><strong><strong><strong><strong><strong>Motivaci\u00f3n musical<\/strong><\/strong><\/strong><\/strong><\/strong><\/strong><\/h3>\n\n\n\n<p><strong><em><strong><strong>Entrada MP3 con altavoces<\/strong><\/strong><\/em><\/strong><\/p>\n\n\n\n<p style=\"margin-bottom:var(--wp--preset--spacing--tb-section-padding)\">Mejore sus entrenamientos escuchando su m\u00fasica favorita a trav\u00e9s de la entrada MP3 y los altavoces integrados. Baila al ritmo de tus canciones y mant\u00e9n el tempo perfecto durante tus sesiones de ejercicio.<\/p>\n<\/div>\n<\/div>\n\n\n\n<div class=\"wp-block-columns alignwide are-vertically-aligned-center is-layout-flex wp-container-core-columns-is-layout-e8158c2f wp-block-columns-is-layout-flex\" style=\"padding-top:var(--wp--preset--spacing--side-padding)\">\n<div class=\"wp-block-column is-vertically-aligned-center is-layout-flow wp-block-column-is-layout-flow\">\n<h3 class=\"wp-block-heading\" style=\"margin-bottom:var(--wp--preset--spacing--h-3-bottom)\"><strong><strong><strong><strong><strong><strong>Espacio para vagar<\/strong><\/strong><\/strong><\/strong><\/strong><\/strong><\/h3>\n\n\n\n<p><strong><em><strong><strong>Amplia plataforma para correr<\/strong><\/strong><\/em><\/strong><\/p>\n\n\n\n<p style=\"margin-bottom:var(--wp--preset--spacing--tb-section-padding)\">Disfrute de una c\u00f3moda experiencia de entrenamiento en nuestra amplia zona de carrera, de 1360 x 520 mm. Ofrece un amplio espacio incluso para los usuarios m\u00e1s altos, garantizando que sus entrenamientos sean c\u00f3modos y agradables.<\/p>\n<\/div>\n\n\n\n<div class=\"wp-block-column is-vertically-aligned-center is-layout-flow wp-block-column-is-layout-flow\">\n<figure class=\"wp-block-image size-full is-style-default\"><img decoding=\"async\" src=\"https:\/\/evolve-fitness.eu\/wp-content\/uploads\/2023\/08\/EN-RUNNING-AREA.png\" alt=\"\" class=\"wp-image-150511\"\/><\/figure>\n<\/div>\n<\/div>\n\n\n\n<div class=\"wp-block-columns alignwide are-vertically-aligned-center is-layout-flex wp-container-core-columns-is-layout-e8158c2f wp-block-columns-is-layout-flex\" style=\"padding-top:var(--wp--preset--spacing--side-padding)\">\n<div class=\"wp-block-column is-vertically-aligned-center is-layout-flow wp-block-column-is-layout-flow\">\n<figure class=\"wp-block-image size-large\"><img loading=\"lazy\" decoding=\"async\" width=\"1024\" height=\"683\" src=\"https:\/\/store.evolve-fitness.eu\/wp-content\/uploads\/2024\/06\/1360-x-520-mm-1-1024x683.png\" alt=\"\" class=\"wp-image-81391\" srcset=\"https:\/\/store.evolve-fitness.eu\/wp-content\/uploads\/2024\/06\/1360-x-520-mm-1-1024x683.png 1024w, https:\/\/store.evolve-fitness.eu\/wp-content\/uploads\/2024\/06\/1360-x-520-mm-1-300x200.png 300w, https:\/\/store.evolve-fitness.eu\/wp-content\/uploads\/2024\/06\/1360-x-520-mm-1-768x512.png 768w, https:\/\/store.evolve-fitness.eu\/wp-content\/uploads\/2024\/06\/1360-x-520-mm-1-1536x1024.png 1536w, https:\/\/store.evolve-fitness.eu\/wp-content\/uploads\/2024\/06\/1360-x-520-mm-1-2048x1365.png 2048w, https:\/\/store.evolve-fitness.eu\/wp-content\/uploads\/2024\/06\/1360-x-520-mm-1-600x400.png 600w\" sizes=\"auto, (max-width: 1024px) 100vw, 1024px\" \/><\/figure>\n<\/div>\n\n\n\n<div class=\"wp-block-column is-vertically-aligned-center is-layout-flow wp-block-column-is-layout-flow\">\n<h3 class=\"wp-block-heading\" style=\"margin-bottom:var(--wp--preset--spacing--h-3-bottom)\"><strong><strong><strong><strong><strong><strong><strong>Dise\u00f1o compacto<\/strong><\/strong><\/strong><\/strong><\/strong><\/strong><\/strong><\/h3>\n\n\n\n<p><strong><em><strong><strong>Marco plegable<\/strong><\/strong><\/em><\/strong><\/p>\n\n\n\n<p style=\"margin-bottom:var(--wp--preset--spacing--tb-section-padding)\">Despu\u00e9s de cada entrenamiento, pliegue f\u00e1cilmente la cinta de correr y trasl\u00e1dela a otro lugar con las ruedas de transporte incorporadas. Es una soluci\u00f3n pr\u00e1ctica que ahorra espacio y se adapta a cualquier gimnasio dom\u00e9stico.<\/p>\n\n\n\n<h3 class=\"wp-block-heading\" style=\"margin-bottom:var(--wp--preset--spacing--h-3-bottom)\"><strong><strong><strong><strong><strong><strong><strong><strong>Despliegue sin esfuerzo<\/strong><\/strong><\/strong><\/strong><\/strong><\/strong><\/strong><\/strong><\/h3>\n\n\n\n<p><strong><em><strong><strong>Sistema de ca\u00edda suave<\/strong><\/strong><\/em><\/strong><\/p>\n\n\n\n<p style=\"margin-bottom:var(--wp--preset--spacing--tb-section-padding)\">Desplegar la cinta de correr es ahora pan comido, gracias a nuestro sistema de ca\u00edda suave. Ya no tendr\u00e1 que agacharse ni forzar la espalda; s\u00f3lo tiene que presionar un asa con el pie, soltarla y dejar que el sistema de ca\u00edda suave se encargue del resto.<\/p>\n<\/div>\n<\/div>\n<\/section>\n<\/section>\n","protected":false},"excerpt":{"rendered":"<p>La cinta de correr Evolve HT 250 es el ep\u00edtome de la calidad superior y el estilo, con un potente y silencioso motor de 4 CV en su elegante dise\u00f1o. Con su estructura plegable y sus c\u00f3modas ruedas de transporte, guardarlo es coser y cantar. Entretenimiento y rendimiento se unen con funciones como la entrada de MP3 y los altavoces integrados. Esta cinta de correr tiene un peso m\u00e1ximo de usuario de 150 kg, 12 programas integrados y una interfaz f\u00e1cil de usar que admite velocidades de hasta 18 km\/h. Evolve HT 250 es su billete asequible para mantenerse motivado y desafiado en su viaje de fitness.<\/p>\n","protected":false},"featured_media":23415,"template":"","meta":{"_acf_changed":false,"inline_featured_image":false},"product_cat":[432,430,893],"product_tag":[],"class_list":{"0":"post-23382","1":"product","2":"type-product","3":"status-publish","4":"has-post-thumbnail","6":"product_cat-pagina-de-inicio","7":"product_cat-aparatos-cardiovasculares","8":"product_cat-equipos-de-cardio-para-casa","10":"first","11":"instock","12":"shipping-taxable","13":"purchasable","14":"product-type-simple"},"acf":[],"_links":{"self":[{"href":"https:\/\/store.evolve-fitness.eu\/es\/wp-json\/wp\/v2\/product\/23382","targetHints":{"allow":["GET"]}}],"collection":[{"href":"https:\/\/store.evolve-fitness.eu\/es\/wp-json\/wp\/v2\/product"}],"about":[{"href":"https:\/\/store.evolve-fitness.eu\/es\/wp-json\/wp\/v2\/types\/product"}],"wp:featuredmedia":[{"embeddable":true,"href":"https:\/\/store.evolve-fitness.eu\/es\/wp-json\/wp\/v2\/media\/23415"}],"wp:attachment":[{"href":"https:\/\/store.evolve-fitness.eu\/es\/wp-json\/wp\/v2\/media?parent=23382"}],"wp:term":[{"taxonomy":"product_cat","embeddable":true,"href":"https:\/\/store.evolve-fitness.eu\/es\/wp-json\/wp\/v2\/product_cat?post=23382"},{"taxonomy":"product_tag","embeddable":true,"href":"https:\/\/store.evolve-fitness.eu\/es\/wp-json\/wp\/v2\/product_tag?post=23382"}],"curies":[{"name":"wp","href":"https:\/\/api.w.org\/{rel}","templated":true}]}}