{"id":22116,"date":"2023-09-26T13:15:06","date_gmt":"2023-09-26T13:15:06","guid":{"rendered":"https:\/\/store.evolve-fitness.eu\/product\/cinta-de-correr-evolve-prime-series-con-consola-full-hd-de-215%e2%80%b2\/"},"modified":"2026-02-10T12:01:19","modified_gmt":"2026-02-10T12:01:19","slug":"cinta-de-correr-evolve-prime-series-con-consola-full-hd-de-215%e2%80%b2","status":"publish","type":"product","link":"https:\/\/store.evolve-fitness.eu\/es\/producto\/cinta-de-correr-evolve-prime-series-con-consola-full-hd-de-215%e2%80%b2\/","title":{"rendered":"Cinta de correr Evolve Prime Series con consola full HD de 21,5\u2032."},"content":{"rendered":"\n<section class=\"wp-block-group alignfull black-content has-white-color has-darkgray-background-color has-text-color has-background is-layout-constrained wp-block-group-is-layout-constrained\" style=\"padding-top:var(--wp--preset--spacing--section-bottom);padding-bottom:var(--wp--preset--spacing--section-bottom)\">\n<div class=\"wp-block-columns alignwide mobile-reverse is-layout-flex wp-container-core-columns-is-layout-ca64bf2d wp-block-columns-is-layout-flex\" style=\"margin-bottom:var(--wp--preset--spacing--side-padding)\">\n<div class=\"wp-block-column is-vertically-aligned-center is-layout-flow wp-block-column-is-layout-flow\">\n<h3 class=\"wp-block-heading\" style=\"margin-bottom:var(--wp--preset--spacing--h-3-bottom)\"><strong><strong>Innove su experiencia cardiovascular<\/strong><\/strong><\/h3>\n\n\n\n<p><strong><em><strong>Eleve su gimnasio con la cinta de correr comercial Evolve CT 215 F<\/strong><\/em><\/strong><\/p>\n\n\n\n<p style=\"margin-bottom:var(--wp--preset--spacing--tb-section-padding)\">Descubra la evoluci\u00f3n del fitness con la cinta de correr comercial Evolve CT 215 F. Esta potente m\u00e1quina ofrece una experiencia de cardio envolvente, redefiniendo los entrenamientos tanto para los propietarios de gimnasios como para los entusiastas del fitness. Explore sus caracter\u00edsticas y ventajas m\u00e1s destacadas, dise\u00f1adas para maximizar el rendimiento y el compromiso.<br\/><\/p>\n<\/div>\n\n\n\n<div class=\"wp-block-column is-vertically-aligned-center is-layout-flow wp-block-column-is-layout-flow\">\n<figure class=\"wp-block-image size-large is-style-default\"><img loading=\"lazy\" decoding=\"async\" width=\"1024\" height=\"682\" src=\"https:\/\/store.evolve-fitness.eu\/wp-content\/uploads\/2024\/06\/EV-CT-215X-26-1024x682.jpg\" alt=\"\" class=\"wp-image-77858\" srcset=\"https:\/\/store.evolve-fitness.eu\/wp-content\/uploads\/2024\/06\/EV-CT-215X-26-1024x682.jpg 1024w, https:\/\/store.evolve-fitness.eu\/wp-content\/uploads\/2024\/06\/EV-CT-215X-26-300x200.jpg 300w, https:\/\/store.evolve-fitness.eu\/wp-content\/uploads\/2024\/06\/EV-CT-215X-26-768x512.jpg 768w, https:\/\/store.evolve-fitness.eu\/wp-content\/uploads\/2024\/06\/EV-CT-215X-26-600x400.jpg 600w, https:\/\/store.evolve-fitness.eu\/wp-content\/uploads\/2024\/06\/EV-CT-215X-26.jpg 1280w\" sizes=\"auto, (max-width: 1024px) 100vw, 1024px\" \/><\/figure>\n<\/div>\n<\/div>\n\n\n\n<div class=\"wp-block-columns alignwide mobile-reverse is-layout-flex wp-container-core-columns-is-layout-ca64bf2d wp-block-columns-is-layout-flex\" style=\"margin-bottom:var(--wp--preset--spacing--side-padding)\">\n<div class=\"wp-block-column is-vertically-aligned-center is-layout-flow wp-block-column-is-layout-flow\">\n<figure class=\"wp-block-image size-full\"><img decoding=\"async\" src=\"https:\/\/evolve.adoras.lt\/wp-content\/uploads\/2023\/08\/EV-CT-215X-1.png\" alt=\"\" class=\"wp-image-1139\"\/><\/figure>\n<\/div>\n\n\n\n<div class=\"wp-block-column is-vertically-aligned-center is-layout-flow wp-block-column-is-layout-flow\">\n<h3 class=\"wp-block-heading\" style=\"margin-bottom:var(--wp--preset--spacing--h-3-bottom)\"><strong>Potencia suave y soporte s\u00f3lido<\/strong><\/h3>\n\n\n\n<p><strong><em><strong><strong>Innovador bastidor en X y ra\u00edles de aluminio<\/strong><\/strong><\/em><\/strong><\/p>\n\n\n\n<p>Experimente un rendimiento \u00f3ptimo con el potente motor de CA de la cinta de correr, que cuenta con 7 CV de potencia m\u00e1xima y 3 CV de potencia continua. El exclusivo armaz\u00f3n en forma de X de la cinta de correr, fabricado pensando en la innovaci\u00f3n, proporciona tanto estabilidad estructural como atractivo est\u00e9tico a su gimnasio. Complementan este dise\u00f1o los ra\u00edles de aluminio, que a\u00f1aden un toque de modernidad al tiempo que garantizan una fiabilidad duradera. Priorizando tanto la forma como la funci\u00f3n, esta combinaci\u00f3n de chasis y ra\u00edles ofrece una experiencia de entrenamiento superior que refleja innovaci\u00f3n y excelencia.<\/p>\n<\/div>\n<\/div>\n\n\n\n<div class=\"wp-block-columns alignwide is-layout-flex wp-container-core-columns-is-layout-c45ee707 wp-block-columns-is-layout-flex\" style=\"margin-bottom:var(--wp--preset--spacing--side-padding);padding-top:var(--wp--preset--spacing--side-padding)\">\n<div class=\"wp-block-column is-vertically-aligned-center is-layout-flow wp-block-column-is-layout-flow\">\n<h3 class=\"wp-block-heading\" style=\"margin-bottom:var(--wp--preset--spacing--h-3-bottom)\"><strong>Pantalla t\u00e1ctil Full HD de 21,5<\/strong><\/h3>\n\n\n\n<p><strong><em><strong>Entretenimiento sin fin, m\u00e9tricas perspicaces<\/strong><\/em><\/strong><\/p>\n\n\n\n<p style=\"margin-bottom:var(--wp--preset--spacing--tb-section-padding)\">Atraiga a los usuarios con la impresionante consola FULL HD de 21,5&#8243;, un centro de entretenimiento y conocimiento. Descubre las posibilidades de entretenimiento a trav\u00e9s de WiFi, Bluetooth y v\u00eddeos con resoluci\u00f3n Full HD 2K. Monitoriza m\u00e9tricas cr\u00edticas como el tiempo, la distancia, las calor\u00edas, la velocidad, la frecuencia cardiaca y la inclinaci\u00f3n, dotando a los usuarios de motivaci\u00f3n y conocimiento.<\/p>\n<\/div>\n\n\n\n<div class=\"wp-block-column is-vertically-aligned-center is-layout-flow wp-block-column-is-layout-flow\">\n<figure class=\"wp-block-video\"><video autoplay=\"\" controls=\"\" loop=\"\" muted=\"\" src=\"https:\/\/evolve.adoras.lt\/wp-content\/uploads\/2023\/08\/EV-CT-215F-11.mp4\"><\/video><\/figure>\n<\/div>\n<\/div>\n\n\n\n<div class=\"wp-block-columns alignwide is-layout-flex wp-container-core-columns-is-layout-c45ee707 wp-block-columns-is-layout-flex\" style=\"margin-bottom:var(--wp--preset--spacing--side-padding);padding-top:var(--wp--preset--spacing--side-padding)\">\n<div class=\"wp-block-column is-vertically-aligned-center is-layout-flow wp-block-column-is-layout-flow\">\n<figure class=\"wp-block-image alignright size-full is-resized is-style-rounded\"><img decoding=\"async\" src=\"https:\/\/evolve.adoras.lt\/wp-content\/uploads\/2023\/08\/5576a1_adc0ea7c3a404329b0c0a8527ed81f49mv2.jpg\" alt=\"\" class=\"wp-image-1115\" style=\"width:740px;height:494px\"\/><\/figure>\n<\/div>\n\n\n\n<div class=\"wp-block-column is-vertically-aligned-center is-layout-flow wp-block-column-is-layout-flow\">\n<h3 class=\"wp-block-heading\" style=\"margin-bottom:var(--wp--preset--spacing--h-3-bottom)\"><strong><strong>Gesti\u00f3n simplificada de anuncios<\/strong><\/strong><\/h3>\n\n\n\n<p><strong><em><strong><strong>Optimizar el compromiso mediante anuncios en pantalla<\/strong><\/strong><\/em><\/strong><\/p>\n\n\n\n<p>Aproveche el poder de los anuncios en pantalla para maximizar el impacto de las ofertas y promociones de su gimnasio. Destaque sin problemas sus servicios y ofertas exclusivas directamente a los usuarios, mejorando la participaci\u00f3n y reforzando el reconocimiento de la marca.<\/p>\n<\/div>\n<\/div>\n\n\n\n<div class=\"wp-block-columns alignwide are-vertically-aligned-center mobile-reverse is-layout-flex wp-container-core-columns-is-layout-e8158c2f wp-block-columns-is-layout-flex\" style=\"padding-top:var(--wp--preset--spacing--side-padding)\">\n<div class=\"wp-block-column is-vertically-aligned-center is-layout-flow wp-block-column-is-layout-flow\">\n<h3 class=\"wp-block-heading\" style=\"margin-bottom:var(--wp--preset--spacing--h-3-bottom)\"><strong>Seguridad y confort en cada zancada<\/strong><\/h3>\n\n\n\n<p><strong><em><strong>Plataforma de rodadura, cintur\u00f3n y dise\u00f1o humanizado<\/strong><\/em><\/strong><\/p>\n\n\n\n<p style=\"margin-bottom:var(--wp--preset--spacing--tb-section-padding)\">Priorice la seguridad y la comodidad del usuario con funciones avanzadas. El patr\u00f3n antideslizante y el dise\u00f1o ergon\u00f3mico de la cinta de correr favorecen una postura correcta y reducen el esfuerzo. Benef\u00edciese de una correa de rodadura especializada que evita la deformaci\u00f3n y un bajo consumo de energ\u00eda, mejorando tanto la longevidad como el rendimiento.<\/p>\n<\/div>\n\n\n\n<div class=\"wp-block-column is-vertically-aligned-center is-layout-flow wp-block-column-is-layout-flow\">\n<figure class=\"wp-block-image size-large\"><img decoding=\"async\" src=\"https:\/\/evolve.adoras.lt\/wp-content\/uploads\/2023\/08\/Ploteriuojami-tekstai-1024x902.png\" alt=\"\" class=\"wp-image-1142\"\/><\/figure>\n<\/div>\n<\/div>\n\n\n\n<div class=\"wp-block-columns alignwide are-vertically-aligned-center mobile-reverse is-layout-flex wp-container-core-columns-is-layout-e8158c2f wp-block-columns-is-layout-flex\" style=\"padding-top:var(--wp--preset--spacing--side-padding)\">\n<div class=\"wp-block-column is-vertically-aligned-center is-layout-flow wp-block-column-is-layout-flow\">\n<figure class=\"wp-block-video\"><video autoplay=\"\" controls=\"\" loop=\"\" muted=\"\" src=\"https:\/\/evolve.adoras.lt\/wp-content\/uploads\/2023\/08\/Pink-Aesthetic-Whitening-Serum-Benefits-Instagram-Post.mp4\"><\/video><\/figure>\n<\/div>\n\n\n\n<div class=\"wp-block-column is-vertically-aligned-center is-layout-flow wp-block-column-is-layout-flow\">\n<h3 class=\"wp-block-heading\" style=\"margin-bottom:var(--wp--preset--spacing--h-3-bottom)\"><strong>Inclinaci\u00f3n, velocidad y <strong>dise\u00f1o orientado al usuario<\/strong><\/strong><\/h3>\n\n\n\n<p><strong><em><strong><strong>Adaptabilidad y personalizaci\u00f3n del rendimiento<\/strong><\/strong><\/em><\/strong><\/p>\n\n\n\n<p>Ajuste los entrenamientos a las aspiraciones individuales de fitness mediante niveles de inclinaci\u00f3n ajustables, que llegan hasta el 15%. Se adapta a diversas rutinas de fitness con una velocidad m\u00e1xima de 20 km\/h. Un bastidor resistente admite pesos de usuario de hasta 180 kg, lo que convierte a la cinta de correr en una opci\u00f3n vers\u00e1til para una comunidad de fitness diversa.<\/p>\n<\/div>\n<\/div>\n\n\n\n<figure class=\"wp-block-video\"><video height=\"1000\" style=\"aspect-ratio: 1000 \/ 1000;\" width=\"1000\" autoplay=\"\" controls=\"\" loop=\"\" muted=\"\" src=\"https:\/\/evolve-fitness.eu\/wp-content\/uploads\/2023\/11\/Ultra-site-apps.mp4\"><\/video><\/figure>\n<\/section>\n\n<section class=\"wp-block-group alignfull black-content has-white-color has-darkgray-background-color has-text-color has-background is-layout-constrained wp-block-group-is-layout-constrained\" style=\"padding-top:var(--wp--preset--spacing--section-bottom);padding-bottom:var(--wp--preset--spacing--section-bottom)\">\n<div class=\"wp-block-columns alignwide mobile-reverse is-layout-flex wp-container-core-columns-is-layout-ca64bf2d wp-block-columns-is-layout-flex\" style=\"margin-bottom:var(--wp--preset--spacing--side-padding)\">\n<div class=\"wp-block-column is-vertically-aligned-center is-layout-flow wp-block-column-is-layout-flow\">\n<h3 class=\"wp-block-heading\" style=\"margin-bottom:var(--wp--preset--spacing--h-3-bottom)\"><strong><strong>Comprometerse, capacitar y progresar<\/strong><\/strong><\/h3>\n\n\n\n<p><strong><em><strong><strong>Bot\u00f3n t\u00e1ctil Multi Feedback y mejora de la seguridad<\/strong><\/strong><\/em><\/strong><\/p>\n\n\n\n<p style=\"margin-bottom:var(--wp--preset--spacing--tb-section-padding)\">Aumente la interacci\u00f3n con el usuario gracias al bot\u00f3n t\u00e1ctil de retroalimentaci\u00f3n m\u00faltiple, que proporciona una interacci\u00f3n precisa mediante vibraciones y retroalimentaci\u00f3n sonora. Fomente un entrenamiento seguro con la funci\u00f3n de parada autom\u00e1tica, que garantiza que la cinta de correr se detiene cuando no se dan pasos, reforzando la seguridad del usuario.<\/p>\n<\/div>\n\n\n\n<div class=\"wp-block-column is-vertically-aligned-center is-layout-flow wp-block-column-is-layout-flow\">\n<figure class=\"wp-block-image size-large is-style-default\"><img loading=\"lazy\" decoding=\"async\" width=\"1024\" height=\"683\" src=\"https:\/\/store.evolve-fitness.eu\/wp-content\/uploads\/2024\/06\/EV-CT-215X-Evolve-Prime-Series-Treadmill-with-full-HD-Console-2-1024x683.jpg\" alt=\"\" class=\"wp-image-77883\" srcset=\"https:\/\/store.evolve-fitness.eu\/wp-content\/uploads\/2024\/06\/EV-CT-215X-Evolve-Prime-Series-Treadmill-with-full-HD-Console-2-1024x683.jpg 1024w, https:\/\/store.evolve-fitness.eu\/wp-content\/uploads\/2024\/06\/EV-CT-215X-Evolve-Prime-Series-Treadmill-with-full-HD-Console-2-300x200.jpg 300w, https:\/\/store.evolve-fitness.eu\/wp-content\/uploads\/2024\/06\/EV-CT-215X-Evolve-Prime-Series-Treadmill-with-full-HD-Console-2-768x512.jpg 768w, https:\/\/store.evolve-fitness.eu\/wp-content\/uploads\/2024\/06\/EV-CT-215X-Evolve-Prime-Series-Treadmill-with-full-HD-Console-2-1536x1024.jpg 1536w, https:\/\/store.evolve-fitness.eu\/wp-content\/uploads\/2024\/06\/EV-CT-215X-Evolve-Prime-Series-Treadmill-with-full-HD-Console-2-600x400.jpg 600w, https:\/\/store.evolve-fitness.eu\/wp-content\/uploads\/2024\/06\/EV-CT-215X-Evolve-Prime-Series-Treadmill-with-full-HD-Console-2.jpg 1980w\" sizes=\"auto, (max-width: 1024px) 100vw, 1024px\" \/><\/figure>\n<\/div>\n<\/div>\n\n\n\n<div class=\"wp-block-columns alignwide mobile-reverse is-layout-flex wp-container-core-columns-is-layout-ca64bf2d wp-block-columns-is-layout-flex\" style=\"margin-bottom:var(--wp--preset--spacing--side-padding)\">\n<div class=\"wp-block-column is-vertically-aligned-center is-layout-flow wp-block-column-is-layout-flow\">\n<figure class=\"wp-block-image alignright size-large is-resized is-style-default\"><img loading=\"lazy\" decoding=\"async\" width=\"683\" height=\"1024\" src=\"https:\/\/store.evolve-fitness.eu\/wp-content\/uploads\/2024\/06\/EV-CT-215X-Evolve-Prime-Series-Treadmill-with-full-HD-Console-3-1-683x1024.jpg\" alt=\"\" class=\"wp-image-77933\" style=\"width:907px;height:auto\" srcset=\"https:\/\/store.evolve-fitness.eu\/wp-content\/uploads\/2024\/06\/EV-CT-215X-Evolve-Prime-Series-Treadmill-with-full-HD-Console-3-1-683x1024.jpg 683w, https:\/\/store.evolve-fitness.eu\/wp-content\/uploads\/2024\/06\/EV-CT-215X-Evolve-Prime-Series-Treadmill-with-full-HD-Console-3-1-200x300.jpg 200w, https:\/\/store.evolve-fitness.eu\/wp-content\/uploads\/2024\/06\/EV-CT-215X-Evolve-Prime-Series-Treadmill-with-full-HD-Console-3-1-768x1152.jpg 768w, https:\/\/store.evolve-fitness.eu\/wp-content\/uploads\/2024\/06\/EV-CT-215X-Evolve-Prime-Series-Treadmill-with-full-HD-Console-3-1-1024x1536.jpg 1024w, https:\/\/store.evolve-fitness.eu\/wp-content\/uploads\/2024\/06\/EV-CT-215X-Evolve-Prime-Series-Treadmill-with-full-HD-Console-3-1-600x900.jpg 600w, https:\/\/store.evolve-fitness.eu\/wp-content\/uploads\/2024\/06\/EV-CT-215X-Evolve-Prime-Series-Treadmill-with-full-HD-Console-3-1.jpg 1320w\" sizes=\"auto, (max-width: 683px) 100vw, 683px\" \/><\/figure>\n<\/div>\n\n\n\n<div class=\"wp-block-column is-vertically-aligned-center is-layout-flow wp-block-column-is-layout-flow\">\n<h3 class=\"wp-block-heading\" style=\"margin-bottom:var(--wp--preset--spacing--h-3-bottom)\"><strong><strong><strong>Integraci\u00f3n de innovaci\u00f3n y entretenimiento<\/strong><\/strong><\/strong><\/h3>\n\n\n\n<p><strong><em><strong><strong>Enriquecer los entrenamientos con la participaci\u00f3n virtual<\/strong><\/strong><\/em><\/strong><\/p>\n\n\n\n<p>Abrace el futuro de la innovaci\u00f3n en fitness con la cinta de correr Evolve CT 215 X. Sum\u00e9rgete en entrenamientos virtuales realistas, imitando rutas globales para una cautivadora aventura de running. Aumente el protagonismo de su gimnasio personalizando los anuncios en pantalla, destacando eficazmente sus servicios y ofertas exclusivas.<\/p>\n<\/div>\n<\/div>\n\n\n\n<div class=\"wp-block-columns alignwide mobile-reverse is-layout-flex wp-container-core-columns-is-layout-ca64bf2d wp-block-columns-is-layout-flex\" style=\"margin-bottom:var(--wp--preset--spacing--side-padding)\">\n<div class=\"wp-block-column is-vertically-aligned-center is-layout-flow wp-block-column-is-layout-flow\">\n<h3 class=\"wp-block-heading\" style=\"margin-bottom:var(--wp--preset--spacing--h-3-bottom)\"><strong><strong><strong><strong>Carga inal\u00e1mbrica de tel\u00e9fonos m\u00f3viles<\/strong><\/strong><\/strong><\/strong><\/h3>\n\n\n\n<p><strong><em><strong><strong><strong>Comodidad inigualable para los entrenamientos modernos<\/strong><\/strong><\/strong><\/em><\/strong><\/p>\n\n\n\n<p>Mant\u00e9ngase conectado y cargado durante su jornada de fitness con la innovadora funci\u00f3n de carga inal\u00e1mbrica de tel\u00e9fonos m\u00f3viles de la cinta de correr comercial Evolve CT 215 X. Mientras superas tus l\u00edmites en la cinta de correr, mant\u00e9n tu dispositivo m\u00f3vil encendido sin esfuerzo. Esta incorporaci\u00f3n de \u00faltima generaci\u00f3n garantiza que tus entrenamientos no se vean interrumpidos, permiti\u00e9ndote disfrutar de tus aplicaciones, canciones y contenidos favoritos mientras mantienes tu dispositivo listo para la acci\u00f3n. Experimenta la fusi\u00f3n de fitness y tecnolog\u00eda mientras cargas tu tel\u00e9fono de forma inal\u00e1mbrica, redefiniendo la comodidad para los entusiastas del fitness moderno.<\/p>\n<\/div>\n\n\n\n<div class=\"wp-block-column is-vertically-aligned-center is-layout-flow wp-block-column-is-layout-flow\">\n<figure class=\"wp-block-image alignright size-full is-style-default\"><img loading=\"lazy\" decoding=\"async\" width=\"1980\" height=\"1320\" src=\"https:\/\/store.evolve-fitness.eu\/wp-content\/uploads\/2024\/06\/EV-CT-215X-Evolve-Prime-Series-Treadmill-with-full-HD-Console-7.jpg\" alt=\"\" class=\"wp-image-77908\" srcset=\"https:\/\/store.evolve-fitness.eu\/wp-content\/uploads\/2024\/06\/EV-CT-215X-Evolve-Prime-Series-Treadmill-with-full-HD-Console-7.jpg 1980w, https:\/\/store.evolve-fitness.eu\/wp-content\/uploads\/2024\/06\/EV-CT-215X-Evolve-Prime-Series-Treadmill-with-full-HD-Console-7-300x200.jpg 300w, https:\/\/store.evolve-fitness.eu\/wp-content\/uploads\/2024\/06\/EV-CT-215X-Evolve-Prime-Series-Treadmill-with-full-HD-Console-7-1024x683.jpg 1024w, https:\/\/store.evolve-fitness.eu\/wp-content\/uploads\/2024\/06\/EV-CT-215X-Evolve-Prime-Series-Treadmill-with-full-HD-Console-7-768x512.jpg 768w, https:\/\/store.evolve-fitness.eu\/wp-content\/uploads\/2024\/06\/EV-CT-215X-Evolve-Prime-Series-Treadmill-with-full-HD-Console-7-1536x1024.jpg 1536w, https:\/\/store.evolve-fitness.eu\/wp-content\/uploads\/2024\/06\/EV-CT-215X-Evolve-Prime-Series-Treadmill-with-full-HD-Console-7-600x400.jpg 600w\" sizes=\"auto, (max-width: 1980px) 100vw, 1980px\" \/><\/figure>\n<\/div>\n<\/div>\n\n\n\n<div class=\"wp-block-columns alignwide is-layout-flex wp-container-core-columns-is-layout-c45ee707 wp-block-columns-is-layout-flex\" style=\"margin-bottom:var(--wp--preset--spacing--side-padding);padding-top:var(--wp--preset--spacing--side-padding)\">\n<div class=\"wp-block-column is-vertically-aligned-center is-layout-flow wp-block-column-is-layout-flow\">\n<figure class=\"wp-block-video\"><video autoplay=\"\" controls=\"\" loop=\"\" muted=\"\" src=\"https:\/\/evolve.adoras.lt\/wp-content\/uploads\/2023\/08\/215x-Kopa-Gym.mp4\"><\/video><\/figure>\n<\/div>\n\n\n\n<div class=\"wp-block-column is-vertically-aligned-center is-layout-flow wp-block-column-is-layout-flow\">\n<h3 class=\"wp-block-heading\" style=\"margin-bottom:var(--wp--preset--spacing--h-3-bottom)\"><strong><strong>Potencie su forma f\u00edsica<\/strong><\/strong><\/h3>\n\n\n\n<p><strong><em><strong><strong>Paquete completo de fitness para su centro<\/strong><\/strong><\/em><\/strong><\/p>\n\n\n\n<p style=\"margin-bottom:var(--wp--preset--spacing--tb-section-padding)\">La cinta de correr comercial Evolve CT 215 X es su mejor aliado cardiovascular. Con la innovaci\u00f3n m\u00e1s avanzada, funciones personalizables y un compromiso de seguridad inquebrantable, ofrece una soluci\u00f3n integral para los propietarios de gimnasios que deseen elevar el atractivo y el rendimiento de su centro de fitness.<\/p>\n<\/div>\n<\/div>\n<\/section>\n","protected":false},"excerpt":{"rendered":"<p>Experimente el pin\u00e1culo de la tecnolog\u00eda de fitness de vanguardia con la cinta de correr comercial Evolve CT 215 X. Dise\u00f1ada para redefinir los entrenamientos de cardio, esta cinta de correr cuenta con un potente motor de CA, un innovador bastidor en forma de X con ra\u00edles de aluminio y un dise\u00f1o centrado en el ser humano que optimiza la comodidad y el rendimiento. Atrae a los usuarios con la impresionante consola con pantalla t\u00e1ctil FULL HD de 21,5&#8243;, que ofrece entretenimiento, m\u00e9tricas reveladoras y una conexi\u00f3n perfecta con los entrenamientos virtuales. Destaca con el salvapantallas integrado que te permite personalizar anuncios, promocionando la oferta de tu gimnasio directamente a los usuarios. Y eso no es todo: esta avanzada cinta de correr tambi\u00e9n incorpora un cargador inal\u00e1mbrico para tel\u00e9fonos m\u00f3viles, que a\u00f1ade comodidad y eficacia a las rutinas de entrenamiento de los usuarios. Eleve el atractivo y el rendimiento de su gimnasio con Evolve CT 215 X, una verdadera encarnaci\u00f3n de la innovaci\u00f3n y la excelencia en el mundo de los equipos de fitness.<\/p>\n","protected":false},"featured_media":11556,"template":"","meta":{"_acf_changed":false,"inline_featured_image":false},"product_cat":[432,430,431,879],"product_tag":[],"class_list":{"0":"post-22116","1":"product","2":"type-product","3":"status-publish","4":"has-post-thumbnail","6":"product_cat-pagina-de-inicio","7":"product_cat-aparatos-cardiovasculares","8":"product_cat-equipos-comerciales-de-cardio","9":"product_cat-prime-series-cardio-es","11":"first","12":"instock","13":"shipping-taxable","14":"purchasable","15":"product-type-simple"},"acf":[],"_links":{"self":[{"href":"https:\/\/store.evolve-fitness.eu\/es\/wp-json\/wp\/v2\/product\/22116","targetHints":{"allow":["GET"]}}],"collection":[{"href":"https:\/\/store.evolve-fitness.eu\/es\/wp-json\/wp\/v2\/product"}],"about":[{"href":"https:\/\/store.evolve-fitness.eu\/es\/wp-json\/wp\/v2\/types\/product"}],"wp:featuredmedia":[{"embeddable":true,"href":"https:\/\/store.evolve-fitness.eu\/es\/wp-json\/wp\/v2\/media\/11556"}],"wp:attachment":[{"href":"https:\/\/store.evolve-fitness.eu\/es\/wp-json\/wp\/v2\/media?parent=22116"}],"wp:term":[{"taxonomy":"product_cat","embeddable":true,"href":"https:\/\/store.evolve-fitness.eu\/es\/wp-json\/wp\/v2\/product_cat?post=22116"},{"taxonomy":"product_tag","embeddable":true,"href":"https:\/\/store.evolve-fitness.eu\/es\/wp-json\/wp\/v2\/product_tag?post=22116"}],"curies":[{"name":"wp","href":"https:\/\/api.w.org\/{rel}","templated":true}]}}