{"id":21866,"date":"2023-09-26T11:18:37","date_gmt":"2023-09-26T11:18:37","guid":{"rendered":"https:\/\/store.evolve-fitness.eu\/product\/cinta-de-correr-evolve-econ-series-5hp-con-consola-lcd\/"},"modified":"2026-02-20T12:01:12","modified_gmt":"2026-02-20T12:01:12","slug":"cinta-de-correr-evolve-econ-series-5hp-con-consola-lcd","status":"publish","type":"product","link":"https:\/\/store.evolve-fitness.eu\/es\/producto\/cinta-de-correr-evolve-econ-series-5hp-con-consola-lcd\/","title":{"rendered":"Cinta de correr Evolve Econ Series 5HP con consola LCD"},"content":{"rendered":"\n<section class=\"wp-block-group alignfull black-content has-white-color has-darkgray-background-color has-text-color has-background is-layout-constrained wp-block-group-is-layout-constrained\" style=\"padding-top:var(--wp--preset--spacing--section-bottom);padding-bottom:var(--wp--preset--spacing--section-bottom)\">\n<div class=\"wp-block-columns alignwide mobile-reverse is-layout-flex wp-container-core-columns-is-layout-ca64bf2d wp-block-columns-is-layout-flex\" style=\"margin-bottom:var(--wp--preset--spacing--side-padding)\">\n<div class=\"wp-block-column is-vertically-aligned-center is-layout-flow wp-block-column-is-layout-flow\">\n<h3 class=\"wp-block-heading\" style=\"margin-bottom:var(--wp--preset--spacing--h-3-bottom)\">PESO M\u00c1XIMO DEL USUARIO &#8211; 200 KG<\/h3>\n\n\n\n<p><strong><em><strong>Para todos<\/strong><\/em><\/strong><\/p>\n\n\n\n<p style=\"margin-bottom:var(--wp--preset--spacing--tb-section-padding)\">Dise\u00f1ada para resistir, la cinta de correr Evolve CT 500 LCD puede soportar pesos de hasta 200 kg, garantizando seguridad y un rendimiento duradero para una amplia gama de usuarios.<\/p>\n\n\n\n<h3 class=\"wp-block-heading\" style=\"margin-bottom:var(--wp--preset--spacing--h-3-bottom)\">PLATAFORMA &#8211; 1650 x 600 MM<\/h3>\n\n\n\n<p><strong><em>Confort y rendimiento<\/em><\/strong><\/p>\n\n\n\n<p>Pisa la superficie de carrera de 1650 x 600 mm, que ofrece un amplio espacio para dar zancadas c\u00f3modas. Ya sea para pasear tranquilamente o para correr a buen ritmo, esta cinta de correr se adapta a usuarios de distintas alturas.<\/p>\n<\/div>\n\n\n\n<div class=\"wp-block-column is-vertically-aligned-center is-layout-flow wp-block-column-is-layout-flow\">\n<figure class=\"wp-block-video\"><video autoplay=\"\" controls=\"\" loop=\"\" muted=\"\" src=\"https:\/\/evolve-fitness.eu\/wp-content\/uploads\/2023\/08\/Dizainas-be-pavadinimo.mp4\"><\/video><\/figure>\n<\/div>\n<\/div>\n\n\n\n<div class=\"wp-block-columns alignwide is-layout-flex wp-container-core-columns-is-layout-c45ee707 wp-block-columns-is-layout-flex\" style=\"margin-bottom:var(--wp--preset--spacing--side-padding);padding-top:var(--wp--preset--spacing--side-padding)\">\n<div class=\"wp-block-column is-vertically-aligned-center is-layout-flow wp-block-column-is-layout-flow\">\n<figure class=\"wp-block-video\"><video autoplay=\"\" controls=\"\" loop=\"\" muted=\"\" src=\"https:\/\/evolve-fitness.eu\/wp-content\/uploads\/2023\/08\/Dizainas-be-pavadinimo1.mp4\"><\/video><\/figure>\n<\/div>\n\n\n\n<div class=\"wp-block-column is-vertically-aligned-center is-layout-flow wp-block-column-is-layout-flow\">\n<h3 class=\"wp-block-heading\" style=\"margin-bottom:var(--wp--preset--spacing--h-3-bottom)\">INCLINACI\u00d3N ELECTR\u00d3NICA DE 0-18<\/h3>\n\n\n\n<p><strong><em>El reto se une a la versatilidad<\/em><\/strong><\/p>\n\n\n\n<p style=\"margin-bottom:var(--wp--preset--spacing--tb-section-padding)\">Cambie su rutina con la inclinaci\u00f3n electr\u00f3nica de 0-18%, que le permite personalizar la intensidad de su entrenamiento. Tanto si se trata de una pendiente suave como de una subida pronunciada, esta funci\u00f3n a\u00f1ade variedad a tus sesiones.<\/p>\n\n\n\n<h3 class=\"wp-block-heading\" style=\"margin-bottom:var(--wp--preset--spacing--h-3-bottom)\">VELOCIDAD M\u00c1XIMA &#8211; 25 KM\/H<\/h3>\n\n\n\n<p><strong><em>Superar los l\u00edmites y <strong>alcanzar las metas<\/strong><\/em><\/strong><\/p>\n\n\n\n<p>Desaf\u00edate a ti mismo con velocidades que alcanzan los 25 km\/h. Se adapta a diferentes objetivos de fitness, desde un trote constante a sprints de alta intensidad, todo en una cinta de correr.<\/p>\n<\/div>\n<\/div>\n\n\n\n<div class=\"wp-block-columns alignwide are-vertically-aligned-center mobile-reverse is-layout-flex wp-container-core-columns-is-layout-e8158c2f wp-block-columns-is-layout-flex\" style=\"padding-top:var(--wp--preset--spacing--side-padding)\">\n<div class=\"wp-block-column is-vertically-aligned-center is-layout-flow wp-block-column-is-layout-flow\">\n<h3 class=\"wp-block-heading\" style=\"margin-bottom:var(--wp--preset--spacing--h-3-bottom)\"><strong>Rendimiento de alta potencia<\/strong><\/h3>\n\n\n\n<p><strong><em><strong>Potencia tu entrenamiento<\/strong><\/em><\/strong><\/p>\n\n\n\n<p style=\"margin-bottom:var(--wp--preset--spacing--tb-section-padding)\">Experimente la impresionante potencia de la Evolve CT 500, con una capacidad m\u00e1xima de 8 CV de su motor de CA de 5 CV de servicio continuo. Lleve su forma f\u00edsica al siguiente nivel.<\/p>\n\n\n\n<h3 class=\"wp-block-heading\" style=\"margin-bottom:var(--wp--preset--spacing--h-3-bottom)\">SENSORES DE FRECUENCIA CARD\u00cdACA<\/h3>\n\n\n\n<p><strong><em><strong>Controle sus progresos<\/strong><\/em><\/strong><\/p>\n\n\n\n<p>Mantente atento a tu cuerpo con los sensores de frecuencia cardiaca integrados. Esta funci\u00f3n aumenta la seguridad durante los entrenamientos y le ayuda a optimizar su entrenamiento para obtener mejores resultados.<\/p>\n<\/div>\n\n\n\n<div class=\"wp-block-column is-vertically-aligned-center is-layout-flow wp-block-column-is-layout-flow\">\n<figure class=\"wp-block-image alignright size-large is-style-default\"><img decoding=\"async\" src=\"https:\/\/evolve-fitness.eu\/wp-content\/uploads\/2023\/08\/image00001-0-1024x488.jpg\" alt=\"\" class=\"wp-image-1032\"\/><\/figure>\n<\/div>\n<\/div>\n<\/section>\n\n<section class=\"wp-block-group alignfull black-content has-white-color has-darkgray-background-color has-text-color has-background is-layout-constrained wp-block-group-is-layout-constrained\" style=\"padding-top:var(--wp--preset--spacing--section-bottom);padding-bottom:var(--wp--preset--spacing--section-bottom)\">\n<div class=\"wp-block-columns alignwide is-layout-flex wp-container-core-columns-is-layout-ca64bf2d wp-block-columns-is-layout-flex\" style=\"margin-bottom:var(--wp--preset--spacing--side-padding)\">\n<div class=\"wp-block-column is-vertically-aligned-center is-layout-flow wp-block-column-is-layout-flow\">\n<figure class=\"wp-block-video\"><video autoplay=\"\" controls=\"\" loop=\"\" muted=\"\" src=\"https:\/\/evolve-fitness.eu\/wp-content\/uploads\/2023\/08\/Dizainas-be-pavadinimo2.mp4\"><\/video><\/figure>\n<\/div>\n\n\n\n<div class=\"wp-block-column is-vertically-aligned-center is-layout-flow wp-block-column-is-layout-flow\">\n<h3 class=\"wp-block-heading\" style=\"margin-bottom:var(--wp--preset--spacing--h-3-bottom)\"><strong>Consola LCD interactiva<\/strong><\/h3>\n\n\n\n<p><strong><em><strong>Experiencia atractiva<\/strong><\/em><\/strong><\/p>\n\n\n\n<p style=\"margin-bottom:var(--wp--preset--spacing--tb-section-padding)\">Sum\u00e9rgete en tus datos de fitness con la consola LCD interactiva. Accede a los detalles esenciales del entrenamiento y disfruta de 15 programas de entrenamiento dise\u00f1ados para una forma f\u00edsica personalizada.<\/p>\n\n\n\n<h3 class=\"wp-block-heading\" style=\"margin-bottom:var(--wp--preset--spacing--h-3-bottom)\"><strong><strong>Diversos programas de entrenamiento<\/strong><\/strong><\/h3>\n\n\n\n<p><strong><em><strong>Fitness a medida<\/strong><\/em><\/strong><\/p>\n\n\n\n<p>Seleccione entre 15 programas de entrenamiento adaptados a sus objetivos y preferencias. Estas rutinas vers\u00e1tiles mantienen tu motivaci\u00f3n y garantizan entrenamientos eficaces.<\/p>\n<\/div>\n<\/div>\n\n\n\n<div class=\"wp-block-columns alignwide mobile-reverse is-layout-flex wp-container-core-columns-is-layout-c45ee707 wp-block-columns-is-layout-flex\" style=\"margin-bottom:var(--wp--preset--spacing--side-padding);padding-top:var(--wp--preset--spacing--side-padding)\">\n<div class=\"wp-block-column is-vertically-aligned-center is-layout-flow wp-block-column-is-layout-flow\">\n<h3 class=\"wp-block-heading\" style=\"margin-bottom:var(--wp--preset--spacing--h-3-bottom)\">sistema de amortiguaci\u00f3n <strong>avanzado<\/strong> <\/h3>\n\n\n\n<p><strong><em><strong>Proteja sus articulaciones<\/strong><\/em><\/strong><\/p>\n\n\n\n<p style=\"margin-bottom:var(--wp--preset--spacing--tb-section-padding)\">D\u00e9 prioridad a la salud de las articulaciones con el sistema de amortiguaci\u00f3n de aire de la cinta de correr. Experimenta una amortiguaci\u00f3n superior, reduciendo la tensi\u00f3n en tus articulaciones a cada paso.<\/p>\n\n\n\n<h3 class=\"wp-block-heading\" style=\"margin-bottom:var(--wp--preset--spacing--h-3-bottom)\">ZONA DE SEGURIDAD<\/h3>\n\n\n\n<p><strong><em><strong>Confianza en cada movimiento<\/strong><\/em><\/strong><\/p>\n\n\n\n<p>Si\u00e9ntase seguro con las caracter\u00edsticas de seguridad de la cinta de correr, que incluyen barandillas laterales y un patr\u00f3n de cubierta antideslizante. Estos componentes proporcionan estabilidad y confianza a medida que trabaja para alcanzar sus objetivos de fitness.<\/p>\n<\/div>\n\n\n\n<div class=\"wp-block-column is-vertically-aligned-center is-layout-flow wp-block-column-is-layout-flow\">\n<figure class=\"wp-block-video\"><video autoplay=\"\" controls=\"\" loop=\"\" muted=\"\" src=\"https:\/\/evolve-fitness.eu\/wp-content\/uploads\/2023\/08\/Dizainas-be-pavadinimo-1.mp4\"><\/video><\/figure>\n<\/div>\n<\/div>\n\n\n\n<div class=\"wp-block-columns alignwide are-vertically-aligned-center is-layout-flex wp-container-core-columns-is-layout-e8158c2f wp-block-columns-is-layout-flex\" style=\"padding-top:var(--wp--preset--spacing--side-padding)\">\n<div class=\"wp-block-column is-vertically-aligned-center is-layout-flow wp-block-column-is-layout-flow\">\n<figure class=\"wp-block-image alignright size-large is-style-default\"><img decoding=\"async\" src=\"https:\/\/evolve-fitness.eu\/wp-content\/uploads\/2023\/08\/image00010-1024x768.jpg\" alt=\"\" class=\"wp-image-1035\"\/><\/figure>\n<\/div>\n\n\n\n<div class=\"wp-block-column is-vertically-aligned-center is-layout-flow wp-block-column-is-layout-flow\">\n<h3 class=\"wp-block-heading\" style=\"margin-bottom:var(--wp--preset--spacing--h-3-bottom)\"><strong>Hidrataci\u00f3n y comodidad<\/strong><\/h3>\n\n\n\n<p><strong><em><strong>Mant\u00e9ngase fresco y preparado<\/strong><\/em><\/strong><\/p>\n\n\n\n<p style=\"margin-bottom:var(--wp--preset--spacing--tb-section-padding)\">Mantente hidratado durante los entrenamientos con los c\u00f3modos soportes para botellas de agua y ten a mano los objetos esenciales con los soportes para accesorios.<\/p>\n<\/div>\n<\/div>\n<\/section>\n","protected":false},"excerpt":{"rendered":"<p>Eleve su espacio de fitness con la cinta de correr comercial Evolve CT 500 LCD, un robusto complemento que transforma su rutina de cardio. Dise\u00f1ada para durar, esta cinta de correr puede soportar hasta 200 kg, lo que permite adaptarse a diferentes usuarios. Experimente entrenamientos din\u00e1micos con inclinaciones ajustables y velocidades de hasta 25 km\/h. La consola LCD interactiva muestra los datos y ofrece 15 programas de entrenamiento variados para una puesta en forma a medida. La amortiguaci\u00f3n avanzada y las caracter\u00edsticas de seguridad proporcionan un entrenamiento c\u00f3modo, y las rutas virtuales a\u00f1aden emoci\u00f3n. Proporcione a sus socios una m\u00e1quina de cardio de primera categor\u00eda que combina rendimiento, innovaci\u00f3n y compromiso.<\/p>\n","protected":false},"featured_media":21867,"template":"","meta":{"_acf_changed":false,"inline_featured_image":false},"product_cat":[432,430,431,433],"product_tag":[],"class_list":{"0":"post-21866","1":"product","2":"type-product","3":"status-publish","4":"has-post-thumbnail","6":"product_cat-pagina-de-inicio","7":"product_cat-aparatos-cardiovasculares","8":"product_cat-equipos-comerciales-de-cardio","9":"product_cat-econ-series-cardio-es","11":"first","12":"instock","13":"shipping-taxable","14":"purchasable","15":"product-type-simple"},"acf":[],"_links":{"self":[{"href":"https:\/\/store.evolve-fitness.eu\/es\/wp-json\/wp\/v2\/product\/21866","targetHints":{"allow":["GET"]}}],"collection":[{"href":"https:\/\/store.evolve-fitness.eu\/es\/wp-json\/wp\/v2\/product"}],"about":[{"href":"https:\/\/store.evolve-fitness.eu\/es\/wp-json\/wp\/v2\/types\/product"}],"wp:featuredmedia":[{"embeddable":true,"href":"https:\/\/store.evolve-fitness.eu\/es\/wp-json\/wp\/v2\/media\/21867"}],"wp:attachment":[{"href":"https:\/\/store.evolve-fitness.eu\/es\/wp-json\/wp\/v2\/media?parent=21866"}],"wp:term":[{"taxonomy":"product_cat","embeddable":true,"href":"https:\/\/store.evolve-fitness.eu\/es\/wp-json\/wp\/v2\/product_cat?post=21866"},{"taxonomy":"product_tag","embeddable":true,"href":"https:\/\/store.evolve-fitness.eu\/es\/wp-json\/wp\/v2\/product_tag?post=21866"}],"curies":[{"name":"wp","href":"https:\/\/api.w.org\/{rel}","templated":true}]}}