{"id":21771,"date":"2023-09-26T10:16:43","date_gmt":"2023-09-26T10:16:43","guid":{"rendered":"https:\/\/store.evolve-fitness.eu\/product\/plataforma-de-absorcion-de-ruido-y-vibraciones-evolve-powerlifting-con-inserto-largo-305-x-310-x-10-cm\/"},"modified":"2025-11-07T10:57:34","modified_gmt":"2025-11-07T10:57:34","slug":"plataforma-de-absorcion-de-ruido-y-vibraciones-evolve-powerlifting-con-inserto-largo-305-x-310-x-10-cm","status":"publish","type":"product","link":"https:\/\/store.evolve-fitness.eu\/es\/producto\/plataforma-de-absorcion-de-ruido-y-vibraciones-evolve-powerlifting-con-inserto-largo-305-x-310-x-10-cm\/","title":{"rendered":"Plataforma de absorci\u00f3n de ruido y vibraciones Evolve Powerlifting con inserto largo 305 x 310 x 10 cm"},"content":{"rendered":"\n<section class=\"wp-block-group alignfull black-content has-white-color has-darkgray-background-color has-text-color has-background is-layout-constrained wp-block-group-is-layout-constrained\" style=\"padding-top:var(--wp--preset--spacing--section-bottom);padding-bottom:var(--wp--preset--spacing--section-bottom)\">\n<section class=\"wp-block-group alignfull black-content has-white-color has-darkgray-background-color has-text-color has-background is-layout-constrained wp-block-group-is-layout-constrained\" style=\"padding-top:var(--wp--preset--spacing--section-bottom);padding-bottom:var(--wp--preset--spacing--section-bottom)\">\n<div class=\"wp-block-columns alignwide mobile-reverse is-layout-flex wp-container-core-columns-is-layout-ca64bf2d wp-block-columns-is-layout-flex\" style=\"margin-bottom:var(--wp--preset--spacing--side-padding)\">\n<div class=\"wp-block-column is-vertically-aligned-center is-layout-flow wp-block-column-is-layout-flow\">\n<h3 class=\"wp-block-heading\" style=\"margin-bottom:var(--wp--preset--spacing--h-3-bottom)\">Detalles del logotipo cortados a l\u00e1ser<\/h3>\n\n\n\n<p><strong><em>Est\u00e9tica y artesan\u00eda de primera<\/em><\/strong><\/p>\n\n\n\n<p>Presentamos nuestros extraordinarios detalles de logotipo cortados a l\u00e1ser, el ep\u00edtome del refinamiento en halterofilia. Fabricados con tecnolog\u00eda de corte l\u00e1ser de precisi\u00f3n, estos elementos de alta tecnolog\u00eda ofrecen una est\u00e9tica impactante con bordes limpios y afilados, a\u00f1adiendo un valor y una sofisticaci\u00f3n innegables a su gimnasio. Su excepcional elaboraci\u00f3n garantiza la durabilidad y mejora la integridad general de la plataforma. Abrace el arte del levantamiento de pesas en una clase propia, elevando su experiencia en el gimnasio con una est\u00e9tica y precisi\u00f3n inigualables.<\/p>\n<\/div>\n\n\n\n<div class=\"wp-block-column is-vertically-aligned-center is-layout-flow wp-block-column-is-layout-flow\">\n<figure class=\"wp-block-image size-full is-resized is-style-rounded\"><img loading=\"lazy\" decoding=\"async\" width=\"680\" height=\"600\" src=\"https:\/\/store.evolve-fitness.eu\/wp-content\/uploads\/2023\/09\/Dizainas-be-pavadinimo-7-4.png\" alt=\"\" class=\"wp-image-124655\" style=\"aspect-ratio:1;width:833px;height:auto\" srcset=\"https:\/\/store.evolve-fitness.eu\/wp-content\/uploads\/2023\/09\/Dizainas-be-pavadinimo-7-4.png 680w, https:\/\/store.evolve-fitness.eu\/wp-content\/uploads\/2023\/09\/Dizainas-be-pavadinimo-7-4-300x265.png 300w, https:\/\/store.evolve-fitness.eu\/wp-content\/uploads\/2023\/09\/Dizainas-be-pavadinimo-7-4-600x529.png 600w\" sizes=\"auto, (max-width: 680px) 100vw, 680px\" \/><\/figure>\n<\/div>\n<\/div>\n\n\n\n<div class=\"wp-block-columns alignwide mobile-reverse is-layout-flex wp-container-core-columns-is-layout-ca64bf2d wp-block-columns-is-layout-flex\" style=\"margin-bottom:var(--wp--preset--spacing--side-padding)\">\n<div class=\"wp-block-column is-vertically-aligned-center is-layout-flow wp-block-column-is-layout-flow\">\n<figure class=\"wp-block-image size-full is-resized is-style-rounded\"><img loading=\"lazy\" decoding=\"async\" width=\"680\" height=\"600\" src=\"https:\/\/store.evolve-fitness.eu\/wp-content\/uploads\/2023\/09\/Dizainas-be-pavadinimo-8-2.png\" alt=\"\" class=\"wp-image-124680\" style=\"aspect-ratio:1;width:864px;height:auto\" srcset=\"https:\/\/store.evolve-fitness.eu\/wp-content\/uploads\/2023\/09\/Dizainas-be-pavadinimo-8-2.png 680w, https:\/\/store.evolve-fitness.eu\/wp-content\/uploads\/2023\/09\/Dizainas-be-pavadinimo-8-2-300x265.png 300w, https:\/\/store.evolve-fitness.eu\/wp-content\/uploads\/2023\/09\/Dizainas-be-pavadinimo-8-2-600x529.png 600w\" sizes=\"auto, (max-width: 680px) 100vw, 680px\" \/><\/figure>\n<\/div>\n\n\n\n<div class=\"wp-block-column is-vertically-aligned-center is-layout-flow wp-block-column-is-layout-flow\">\n<h3 class=\"wp-block-heading\" style=\"margin-bottom:var(--wp--preset--spacing--h-3-bottom)\">ESQUINAS REFORZADAS<\/h3>\n\n\n\n<p><strong><em>Integridad estructural mejorada para una m\u00e1xima estabilidad<\/em><\/strong><\/p>\n\n\n\n<p style=\"margin-bottom:var(--wp--preset--spacing--tb-section-padding)\">Comprendemos la necesidad de una estabilidad inquebrantable durante las sesiones intensas de levantamiento de pesas. Por eso nuestra plataforma de musculaci\u00f3n cuenta con esquinas reforzadas, que garantizan la m\u00e1xima integridad estructural y soporte. Estas esquinas dise\u00f1adas con precisi\u00f3n fortalecen el bastidor, protegi\u00e9ndolo contra las fuerzas generadas por el levantamiento de cargas pesadas. Con este elemento de dise\u00f1o superior, puede elevar con confianza, sabiendo que nuestra plataforma puede hacer frente a cualquier reto que le plantee. Aproveche el poder de la fuerza reforzada y eleve su rendimiento en halterofilia con una estabilidad mejorada.<\/p>\n<\/div>\n<\/div>\n\n\n\n<div class=\"wp-block-columns alignwide mobile-reverse is-layout-flex wp-container-core-columns-is-layout-ca64bf2d wp-block-columns-is-layout-flex\" style=\"margin-bottom:var(--wp--preset--spacing--side-padding)\">\n<div class=\"wp-block-column is-vertically-aligned-center is-layout-flow wp-block-column-is-layout-flow\">\n<h3 class=\"wp-block-heading\" style=\"margin-bottom:var(--wp--preset--spacing--h-3-bottom)\">Un cambio de juego<\/h3>\n\n\n\n<p><strong><em>Tecnolog\u00eda SILENT FOAM<\/em><\/strong><\/p>\n\n\n\n<p>Nuestra plataforma exhibe la innovadora tecnolog\u00eda SILENT FOAM\u2122, que establece nuevos est\u00e1ndares en plataformas de halterofilia. Dise\u00f1ada para ofrecer una comodidad y un rendimiento inigualables, esta innovadora espuma absorbe el sonido y las vibraciones, fomentando un entorno de entrenamiento tranquilo. Combinada con nuestra avanzada tecnolog\u00eda Composite Foam, experimenta una absorci\u00f3n de impactos sin igual que minimiza la tensi\u00f3n en todos tus levantamientos. Libere su verdadero potencial de levantamiento de pesas, ya que nuestra plataforma ofrece un soporte y una estabilidad inquebrantables para sus sesiones de entrenamiento m\u00e1s exigentes.<\/p>\n<\/div>\n\n\n\n<div class=\"wp-block-column is-vertically-aligned-center is-layout-flow wp-block-column-is-layout-flow\">\n<figure class=\"wp-block-video\"><video height=\"490\" style=\"aspect-ratio: 652 \/ 490;\" width=\"652\" autoplay=\"\" controls=\"\" loop=\"\" muted=\"\" src=\"https:\/\/evolve-fitness.eu\/wp-content\/uploads\/2023\/11\/SILENT-FOAM&#x2122;-Technology.mp4\"><\/video><\/figure>\n<\/div>\n<\/div>\n\n\n\n<div class=\"wp-block-columns alignwide mobile-reverse is-layout-flex wp-container-core-columns-is-layout-ca64bf2d wp-block-columns-is-layout-flex\" style=\"margin-bottom:var(--wp--preset--spacing--side-padding)\">\n<div class=\"wp-block-column is-vertically-aligned-center is-layout-flow wp-block-column-is-layout-flow\">\n<figure class=\"wp-block-image size-full is-resized is-style-rounded\"><img decoding=\"async\" src=\"https:\/\/evolve-fitness.eu\/wp-content\/uploads\/2023\/11\/Evolve-Powerlifting-Sound-Vibration-Absorption-Platform-With-Long-Insert-305-x-310-x-10-cm.png\" alt=\"\" class=\"wp-image-5253\" style=\"object-fit:cover;width:680px;height:600px\"\/><\/figure>\n<\/div>\n\n\n\n<div class=\"wp-block-column is-vertically-aligned-center is-layout-flow wp-block-column-is-layout-flow\">\n<h4 class=\"wp-block-heading\">GOMA MULTICAPA RESISTENTE AL DESGASTE  <\/h4>\n\n\n\n<p><strong><em>Superficie sin migas y f\u00e1cil de limpiar<\/em><\/strong><\/p>\n\n\n\n<p>  Descubra el poder de nuestra exclusiva superficie de goma multicapa resistente al desgaste, que cuenta con una avanzada tecnolog\u00eda de laminaci\u00f3n para una durabilidad sin igual. Dise\u00f1ada para soportar las rutinas de levantamiento de pesas m\u00e1s rigurosas, esta goma de \u00faltima generaci\u00f3n resiste el desgaste, lo que la diferencia de las plataformas convencionales. Aproveche las ventajas del caucho laminado para mejorar su experiencia de entrenamiento con una resistencia y fiabilidad inigualables. No m\u00e1s compromisos: experimenta una plataforma construida para durar, dise\u00f1ada pensando en el atleta.<\/p>\n<\/div>\n<\/div>\n\n\n\n<h3 class=\"wp-block-heading\" style=\"padding-top:var(--wp--preset--spacing--tb-section-padding);padding-bottom:var(--wp--preset--spacing--tb-section-padding)\">Elija el tipo de inserto<\/h3>\n\n\n\n<div class=\"wp-block-columns is-layout-flex wp-container-core-columns-is-layout-9d6595d7 wp-block-columns-is-layout-flex\">\n<div class=\"wp-block-column is-layout-flow wp-block-column-is-layout-flow\">\n<figure class=\"wp-block-image size-full is-resized is-style-rounded\"><img loading=\"lazy\" decoding=\"async\" width=\"2060\" height=\"2060\" src=\"https:\/\/store.evolve-fitness.eu\/wp-content\/uploads\/2023\/09\/A7_01148-2.jpg\" alt=\"\" class=\"wp-image-124730\" style=\"width:464px;height:auto\" srcset=\"https:\/\/store.evolve-fitness.eu\/wp-content\/uploads\/2023\/09\/A7_01148-2.jpg 2060w, https:\/\/store.evolve-fitness.eu\/wp-content\/uploads\/2023\/09\/A7_01148-2-300x300.jpg 300w, https:\/\/store.evolve-fitness.eu\/wp-content\/uploads\/2023\/09\/A7_01148-2-1024x1024.jpg 1024w, https:\/\/store.evolve-fitness.eu\/wp-content\/uploads\/2023\/09\/A7_01148-2-150x150.jpg 150w, https:\/\/store.evolve-fitness.eu\/wp-content\/uploads\/2023\/09\/A7_01148-2-768x768.jpg 768w, https:\/\/store.evolve-fitness.eu\/wp-content\/uploads\/2023\/09\/A7_01148-2-1536x1536.jpg 1536w, https:\/\/store.evolve-fitness.eu\/wp-content\/uploads\/2023\/09\/A7_01148-2-2048x2048.jpg 2048w, https:\/\/store.evolve-fitness.eu\/wp-content\/uploads\/2023\/09\/A7_01148-2-600x600.jpg 600w, https:\/\/store.evolve-fitness.eu\/wp-content\/uploads\/2023\/09\/A7_01148-2-100x100.jpg 100w\" sizes=\"auto, (max-width: 2060px) 100vw, 2060px\" \/><\/figure>\n<\/div>\n\n\n\n<div class=\"wp-block-column is-layout-flow wp-block-column-is-layout-flow\">\n<figure class=\"wp-block-image size-full is-style-rounded\"><img loading=\"lazy\" decoding=\"async\" width=\"2060\" height=\"2060\" src=\"https:\/\/store.evolve-fitness.eu\/wp-content\/uploads\/2023\/09\/A7_01182-4.jpg\" alt=\"\" class=\"wp-image-124755\" srcset=\"https:\/\/store.evolve-fitness.eu\/wp-content\/uploads\/2023\/09\/A7_01182-4.jpg 2060w, https:\/\/store.evolve-fitness.eu\/wp-content\/uploads\/2023\/09\/A7_01182-4-300x300.jpg 300w, https:\/\/store.evolve-fitness.eu\/wp-content\/uploads\/2023\/09\/A7_01182-4-1024x1024.jpg 1024w, https:\/\/store.evolve-fitness.eu\/wp-content\/uploads\/2023\/09\/A7_01182-4-150x150.jpg 150w, https:\/\/store.evolve-fitness.eu\/wp-content\/uploads\/2023\/09\/A7_01182-4-768x768.jpg 768w, https:\/\/store.evolve-fitness.eu\/wp-content\/uploads\/2023\/09\/A7_01182-4-1536x1536.jpg 1536w, https:\/\/store.evolve-fitness.eu\/wp-content\/uploads\/2023\/09\/A7_01182-4-2048x2048.jpg 2048w, https:\/\/store.evolve-fitness.eu\/wp-content\/uploads\/2023\/09\/A7_01182-4-600x600.jpg 600w, https:\/\/store.evolve-fitness.eu\/wp-content\/uploads\/2023\/09\/A7_01182-4-100x100.jpg 100w\" sizes=\"auto, (max-width: 2060px) 100vw, 2060px\" \/><\/figure>\n<\/div>\n\n\n\n<div class=\"wp-block-column is-layout-flow wp-block-column-is-layout-flow\">\n<figure class=\"wp-block-image size-full is-resized is-style-rounded\"><img loading=\"lazy\" decoding=\"async\" width=\"2060\" height=\"2060\" src=\"https:\/\/store.evolve-fitness.eu\/wp-content\/uploads\/2023\/09\/A7_01163.jpg\" alt=\"\" class=\"wp-image-124403\" style=\"width:467px;height:auto\" srcset=\"https:\/\/store.evolve-fitness.eu\/wp-content\/uploads\/2023\/09\/A7_01163.jpg 2060w, https:\/\/store.evolve-fitness.eu\/wp-content\/uploads\/2023\/09\/A7_01163-300x300.jpg 300w, https:\/\/store.evolve-fitness.eu\/wp-content\/uploads\/2023\/09\/A7_01163-1024x1024.jpg 1024w, https:\/\/store.evolve-fitness.eu\/wp-content\/uploads\/2023\/09\/A7_01163-150x150.jpg 150w, https:\/\/store.evolve-fitness.eu\/wp-content\/uploads\/2023\/09\/A7_01163-768x768.jpg 768w, https:\/\/store.evolve-fitness.eu\/wp-content\/uploads\/2023\/09\/A7_01163-1536x1536.jpg 1536w, https:\/\/store.evolve-fitness.eu\/wp-content\/uploads\/2023\/09\/A7_01163-2048x2048.jpg 2048w, https:\/\/store.evolve-fitness.eu\/wp-content\/uploads\/2023\/09\/A7_01163-600x600.jpg 600w, https:\/\/store.evolve-fitness.eu\/wp-content\/uploads\/2023\/09\/A7_01163-100x100.jpg 100w\" sizes=\"auto, (max-width: 2060px) 100vw, 2060px\" \/><\/figure>\n<\/div>\n<\/div>\n\n\n\n<div class=\"wp-block-columns is-layout-flex wp-container-core-columns-is-layout-9d6595d7 wp-block-columns-is-layout-flex\">\n<div class=\"wp-block-column is-vertically-aligned-center is-layout-flow wp-block-column-is-layout-flow\">\n<h4 class=\"wp-block-heading\" style=\"margin-bottom:var(--wp--preset--spacing--h-3-bottom)\">CONTRACHAPADO DE UNA PIEZA<\/h4>\n\n\n\n<p><strong><em>Con un revestimiento antideslizante seguro<\/em><\/strong><\/p>\n\n\n\n<p>Fabricada a partir de una \u00fanica pieza de madera contrachapada y mejorada con un revestimiento antideslizante, nuestra plataforma de musculaci\u00f3n garantiza una superficie segura y resistente para cada levantamiento. Este contrachapado de primera calidad, complementado con el agarre antideslizante, le proporciona la estabilidad que necesita para enfrentarse incluso a los ascensores m\u00e1s dif\u00edciles. Consiga un juego de pies perfecto, mantenga una posici\u00f3n constante y libere su verdadero potencial de levantamiento con el dise\u00f1o de superficie inigualable de nuestra plataforma.<\/p>\n<\/div>\n\n\n\n<div class=\"wp-block-column is-vertically-aligned-center is-layout-flow wp-block-column-is-layout-flow\">\n<h4 class=\"wp-block-heading\" style=\"margin-bottom:var(--wp--preset--spacing--h-3-bottom)\">CONTRACHAPADO IMITACI\u00d3N MADERA<\/h4>\n\n\n\n<p><strong><em>Est\u00e9tica de la naturaleza<\/em><\/strong><\/p>\n\n\n\n<p>Disfrute de la belleza natural de la madera sin renunciar a las prestaciones. Nuestro contrachapado imitaci\u00f3n madera desprende elegancia y encanto, a\u00f1adiendo un toque de sofisticaci\u00f3n al entorno de su gimnasio. Tan est\u00e9ticamente agradable como la madera aut\u00e9ntica, esta opci\u00f3n combina la durabilidad con el encanto de los materiales naturales, creando un ambiente c\u00e1lido y acogedor para que los asistentes al gimnasio prosperen.<\/p>\n<\/div>\n\n\n\n<div class=\"wp-block-column is-vertically-aligned-center is-layout-flow wp-block-column-is-layout-flow\">\n<h4 class=\"wp-block-heading\" style=\"margin-bottom:var(--wp--preset--spacing--h-3-bottom)\">ROBLE PREMIUM<\/h4>\n\n\n\n<p><strong><em>Elegancia redefinida<\/em><\/strong><\/p>\n\n\n\n<p>Eleve su gimnasio a nuevas cotas de sofisticaci\u00f3n con nuestro roble Premium. Fabricada en roble aut\u00e9ntico, esta opci\u00f3n de primera calidad irradia elegancia y prestigio atemporales. Su belleza natural, sus distintas vetas y su resistencia inigualable crean un espacio de gimnasio realmente lujoso. Con Premium Oak, no s\u00f3lo se invierte en equipos de primer nivel, sino que tambi\u00e9n se crea un entorno que inspira y motiva a los entusiastas del gimnasio a alcanzar sus objetivos de fitness en su mejor momento.<\/p>\n<\/div>\n<\/div>\n<\/section>\n<\/section>\n","protected":false},"excerpt":{"rendered":"<p>Mejore el espacio de su gimnasio con la plataforma independiente de absorci\u00f3n de ruidos y vibraciones Evolve FS-100. Dise\u00f1ada para instalaciones de fitness personales y comerciales, esta plataforma es una potencia de cancelaci\u00f3n de ruido y vibraciones. Su construcci\u00f3n multicapa minimiza los rebotes y las vibraciones, garantizando un entorno de entrenamiento m\u00e1s silencioso. Fabricado con materiales insonorizados, es perfecto para la halterofilia ol\u00edmpica y el Crossfit. Adem\u00e1s, su robusta construcci\u00f3n, con laminado antideslizante y bandas de goma duraderas, garantiza un rendimiento duradero. Eleve su gimnasio con esta resistente soluci\u00f3n hoy mismo.<\/p>\n","protected":false},"featured_media":21778,"template":"","meta":{"_acf_changed":false,"inline_featured_image":false},"product_cat":[844,857],"product_tag":[],"class_list":{"0":"post-21771","1":"product","2":"type-product","3":"status-publish","4":"has-post-thumbnail","6":"product_cat-plataformas-y-suelos","7":"product_cat-plataformas-es","9":"first","10":"outofstock","11":"shipping-taxable","12":"purchasable","13":"product-type-variable"},"acf":[],"_links":{"self":[{"href":"https:\/\/store.evolve-fitness.eu\/es\/wp-json\/wp\/v2\/product\/21771","targetHints":{"allow":["GET"]}}],"collection":[{"href":"https:\/\/store.evolve-fitness.eu\/es\/wp-json\/wp\/v2\/product"}],"about":[{"href":"https:\/\/store.evolve-fitness.eu\/es\/wp-json\/wp\/v2\/types\/product"}],"wp:featuredmedia":[{"embeddable":true,"href":"https:\/\/store.evolve-fitness.eu\/es\/wp-json\/wp\/v2\/media\/21778"}],"wp:attachment":[{"href":"https:\/\/store.evolve-fitness.eu\/es\/wp-json\/wp\/v2\/media?parent=21771"}],"wp:term":[{"taxonomy":"product_cat","embeddable":true,"href":"https:\/\/store.evolve-fitness.eu\/es\/wp-json\/wp\/v2\/product_cat?post=21771"},{"taxonomy":"product_tag","embeddable":true,"href":"https:\/\/store.evolve-fitness.eu\/es\/wp-json\/wp\/v2\/product_tag?post=21771"}],"curies":[{"name":"wp","href":"https:\/\/api.w.org\/{rel}","templated":true}]}}