{"id":19175,"date":"2023-09-25T12:15:34","date_gmt":"2023-09-25T12:15:34","guid":{"rendered":"https:\/\/store.evolve-fitness.eu\/product\/evolve-urethane-body-pump-set-195-kg\/"},"modified":"2026-04-02T12:00:22","modified_gmt":"2026-04-02T12:00:22","slug":"evolve-urethane-body-pump-set-195-kg","status":"publish","type":"product","link":"https:\/\/store.evolve-fitness.eu\/es\/producto\/evolve-urethane-body-pump-set-195-kg\/","title":{"rendered":"Evolve Urethane Body Pump Set &#8211; 19,5 kg"},"content":{"rendered":"\n<p> <mark style=\"background-color:rgba(0, 0, 0, 0);color:#ffffff\" class=\"has-inline-color\">ASD<\/mark><\/p>\n\n<section class=\"wp-block-group alignfull black-content has-white-color has-darkgray-background-color has-text-color has-background is-layout-constrained wp-block-group-is-layout-constrained\" style=\"padding-top:var(--wp--preset--spacing--section-bottom);padding-bottom:var(--wp--preset--spacing--section-bottom)\">\n<section class=\"wp-block-group alignfull black-content has-white-color has-darkgray-background-color has-text-color has-background is-layout-constrained wp-block-group-is-layout-constrained\" style=\"padding-top:var(--wp--preset--spacing--section-bottom);padding-bottom:var(--wp--preset--spacing--section-bottom)\">\n<div class=\"wp-block-columns alignwide mobile-reverse is-layout-flex wp-container-core-columns-is-layout-ca64bf2d wp-block-columns-is-layout-flex\" style=\"margin-bottom:var(--wp--preset--spacing--side-padding)\">\n<div class=\"wp-block-column is-vertically-aligned-center is-layout-flow wp-block-column-is-layout-flow\">\n<h3 class=\"wp-block-heading\" style=\"margin-bottom:var(--wp--preset--spacing--h-3-bottom)\"><strong>Durabilidad y rendimiento inigualables<\/strong><\/h3>\n\n\n\n<p><em><strong>Dise\u00f1o superior para entrenamientos eficaces<\/strong><\/em><\/p>\n\n\n\n<p style=\"margin-bottom:var(--wp--preset--spacing--tb-section-padding)\">Descubra el pin\u00e1culo de la durabilidad con el Evolve Urethane Body Pump Set &#8211; 19,5 kg. Fabricado con material de uretano de primera calidad, este conjunto garantiza un rendimiento duradero, por lo que es una opci\u00f3n ideal tanto para gimnasios comerciales como para entrenamientos en casa. Su robusta construcci\u00f3n garantiza la resistencia frente a ara\u00f1azos, desconchones o descascarillados, preservando su aspecto impecable durante a\u00f1os sin necesidad de sustituciones frecuentes.<\/p>\n\n\n\n<h3 class=\"wp-block-heading\" style=\"margin-bottom:var(--wp--preset--spacing--h-3-bottom)\">Pesas de uretano de precisi\u00f3n<\/h3>\n\n\n\n<p><strong><em>Rendimiento constante para entrenamientos eficaces<\/em><\/strong><\/p>\n\n\n\n<p>Experimente una carga y descarga suave de las placas con las puntas redondeadas de los manguitos del juego de bomba corporal de uretano Evolve. Cada pesa de uretano, incluidas las de 2 x 1,25 kg, 2 x 2,5 kg y 2 x 5 kg, est\u00e1 fabricada con precisi\u00f3n seg\u00fan las especificaciones exactas, lo que proporciona un peso y una sensaci\u00f3n uniformes para entrenamientos precisos.<\/p>\n<\/div>\n\n\n\n<div class=\"wp-block-column is-vertically-aligned-center is-layout-flow wp-block-column-is-layout-flow\">\n<figure class=\"wp-block-video\"><video autoplay=\"\" controls=\"\" loop=\"\" muted=\"\" src=\"https:\/\/evolve-fitness.eu\/wp-content\/uploads\/2023\/12\/1.mp4\"><\/video><\/figure>\n<\/div>\n<\/div>\n\n\n\n<div class=\"wp-block-columns alignwide is-layout-flex wp-container-core-columns-is-layout-c45ee707 wp-block-columns-is-layout-flex\" style=\"margin-bottom:var(--wp--preset--spacing--side-padding);padding-top:var(--wp--preset--spacing--side-padding)\">\n<div class=\"wp-block-column is-vertically-aligned-center is-layout-flow wp-block-column-is-layout-flow\">\n<figure class=\"wp-block-image size-full is-resized is-style-rounded\"><img decoding=\"async\" src=\"https:\/\/evolve-fitness.eu\/wp-content\/uploads\/2023\/08\/TPU-urethane-weight-plates-6.jpg\" alt=\"\" class=\"wp-image-838\" style=\"object-fit:cover;width:680px;height:600px\"\/><\/figure>\n<\/div>\n\n\n\n<div class=\"wp-block-column is-vertically-aligned-center is-layout-flow wp-block-column-is-layout-flow\">\n<h3 class=\"wp-block-heading\" style=\"margin-bottom:var(--wp--preset--spacing--h-3-bottom)\">Personalizaci\u00f3n y estilo<\/h3>\n\n\n\n<p><strong><em><strong><em><strong><em>Mejore la imagen de su gimnasio con el set Body Pump<\/em><\/strong><\/em><\/strong><\/em><\/strong><\/p>\n\n\n\n<p style=\"margin-bottom:var(--wp--preset--spacing--tb-section-padding)\">Al ofrecer opciones de personalizaci\u00f3n, puede a\u00f1adir su logotipo y seleccionar colores personalizados para crear una experiencia de entrenamiento \u00fanica que diferencie su gimnasio de la competencia. El conjunto Evolve Urethane Body Pump ofrece un aspecto visualmente llamativo y cohesivo que complementa a la perfecci\u00f3n la identidad de una marca de fitness. La elecci\u00f3n de los colores desempe\u00f1a un papel fundamental para garantizar que el conjunto no s\u00f3lo destaque, sino que tambi\u00e9n resuene con la est\u00e9tica de la marca. Con un logotipo cortado con l\u00e1ser e infundido con uretano y una indicaci\u00f3n de peso que no se despega ni se desgasta con el tiempo, el Evolve Urethane Body Pump Set est\u00e1 hecho para durar.<\/p>\n<\/div>\n<\/div>\n\n\n\n<div class=\"wp-block-columns alignwide mobile-reverse is-layout-flex wp-container-core-columns-is-layout-ca64bf2d wp-block-columns-is-layout-flex\" style=\"margin-bottom:var(--wp--preset--spacing--side-padding)\">\n<div class=\"wp-block-column is-vertically-aligned-center is-layout-flow wp-block-column-is-layout-flow\">\n<h3 class=\"wp-block-heading\" style=\"margin-bottom:var(--wp--preset--spacing--h-3-bottom)\">FUNCIONALIDAD<\/h3>\n\n\n\n<p>El dise\u00f1o \u00fanico no permite que el peso se atasque en la barra<\/p>\n\n\n\n<p style=\"margin-bottom:var(--wp--preset--spacing--tb-section-padding)\">Los platos de pesas Evolve tienen una superficie texturizada, que es f\u00e1cil de limpiar, antideslizante y proporciona un gran agarre para su manejo. Estas caracter\u00edsticas tambi\u00e9n garantizan la seguridad y reducen al m\u00ednimo la posibilidad de que los usuarios se pellizquen los dedos al cargar y descargar las placas de la barra.<\/p>\n\n\n\n<h3 class=\"wp-block-heading\" style=\"margin-bottom:var(--wp--preset--spacing--h-3-bottom)\">Revestimiento de uretano<\/h3>\n\n\n\n<p>El revestimiento de uretano es muy resistente a los impactos y dos veces m\u00e1s duradero que el revestimiento de caucho<\/p>\n\n\n\n<p>Las superficies pintadas pueden desconcharse y oxidarse, y el caucho puede despegarse o agrietarse con el tiempo. Los platos de pesas de uretano Evolve son extremadamente duraderos y no se degradan. Estos pesos mantendr\u00e1n un color s\u00f3lido y llamativo durante toda la vida.<\/p>\n<\/div>\n\n\n\n<div class=\"wp-block-column is-vertically-aligned-center is-layout-flow wp-block-column-is-layout-flow\">\n<figure class=\"wp-block-image alignleft size-full is-resized is-style-rounded\"><img decoding=\"async\" src=\"https:\/\/evolve-fitness.eu\/wp-content\/uploads\/2023\/12\/A7_05432.jpg\" alt=\"\" class=\"wp-image-7840\" style=\"width:686px;height:652px\"\/><\/figure>\n<\/div>\n<\/div>\n\n\n\n<div class=\"wp-block-columns alignwide is-layout-flex wp-container-core-columns-is-layout-c45ee707 wp-block-columns-is-layout-flex\" style=\"margin-bottom:var(--wp--preset--spacing--side-padding);padding-top:var(--wp--preset--spacing--side-padding)\">\n<div class=\"wp-block-column is-vertically-aligned-center is-layout-flow wp-block-column-is-layout-flow\">\n<figure class=\"wp-block-image size-large\"><img decoding=\"async\" src=\"https:\/\/evolve-fitness.eu\/wp-content\/uploads\/2023\/12\/Lemon-Gym-Teika-3-1024x768.jpg\" alt=\"\" class=\"wp-image-8985\"\/><\/figure>\n<\/div>\n\n\n\n<div class=\"wp-block-column is-vertically-aligned-center is-layout-flow wp-block-column-is-layout-flow\">\n<h3 class=\"wp-block-heading\" style=\"margin-bottom:var(--wp--preset--spacing--h-3-bottom)\">La seguridad ante todo<\/h3>\n\n\n\n<p><strong><em>Una experiencia de entrenamiento segura y de confianza<\/em><\/strong><\/p>\n\n\n\n<p>En Evolve, la seguridad es nuestra m\u00e1xima prioridad. Nuestros platos de pesas de uretano est\u00e1n fabricados con material de uretano de alta calidad, no t\u00f3xico e inodoro, lo que garantiza un entorno de entrenamiento seguro y saludable.<\/p>\n<\/div>\n<\/div>\n\n\n\n<div class=\"wp-block-columns alignwide is-layout-flex wp-container-core-columns-is-layout-c45ee707 wp-block-columns-is-layout-flex\" style=\"margin-bottom:var(--wp--preset--spacing--side-padding);padding-top:var(--wp--preset--spacing--side-padding)\">\n<div class=\"wp-block-column is-vertically-aligned-center is-layout-flow wp-block-column-is-layout-flow\">\n<h3 class=\"wp-block-heading\" style=\"margin-bottom:var(--wp--preset--spacing--h-3-bottom)\">Adi\u00f3s a los dedos pellizcados<\/h3>\n\n\n\n<p><strong><em>Con placas de peso de uretano Evolve<\/em><\/strong><\/p>\n\n\n\n<p>Los platos de pesas de uretano Evolve est\u00e1n dise\u00f1ados para que la carga y descarga sea m\u00e1s segura y eficiente para los usuarios del gimnasio. El juego incluye una barra de 140 cm de longitud y collares de muelle, que garantizan una experiencia de entrenamiento segura y fiable. La superficie texturizada y la forma redondeada de las placas tambi\u00e9n ayudan a evitar que se peguen entre s\u00ed o a otras superficies. Las placas pueden transportarse f\u00e1cilmente y utilizarse para una gran variedad de ejercicios. Tanto si hace peso muerto como estocadas, las cuatro asas facilitan el transporte y el uso de los platos de pesas, haciendo que su entrenamiento sea m\u00e1s eficiente y eficaz.<\/p>\n<\/div>\n\n\n\n<div class=\"wp-block-column is-vertically-aligned-center is-layout-flow wp-block-column-is-layout-flow\">\n<div class=\"wp-block-columns is-layout-flex wp-container-core-columns-is-layout-9d6595d7 wp-block-columns-is-layout-flex\">\n<div class=\"wp-block-column is-layout-flow wp-block-column-is-layout-flow\">\n<figure class=\"wp-block-image size-full is-style-rounded\"><img decoding=\"async\" src=\"https:\/\/evolve-fitness.eu\/wp-content\/uploads\/2023\/08\/iskirpta-stanga-su-uretanu.png\" alt=\"\" class=\"wp-image-806\"\/><\/figure>\n<\/div>\n<\/div>\n<\/div>\n<\/div>\n<\/section>\n<\/section>\n","protected":false},"excerpt":{"rendered":"<p>Eleve el nivel de su gimnasio con el juego de bomba corporal de uretano Evolve, perfecto para uso comercial. Este conjunto personalizable incluye una barra de 140 cm, collares de resorte y pesas de hormig\u00f3n duraderas, todo ello recubierto de uretano resistente a los impactos. Los platos presentan una superficie texturizada para un agarre seguro, protegen el suelo y reducen el ruido del entrenamiento. La fundici\u00f3n de precisi\u00f3n garantiza el equilibrio, por lo que son ideales tanto para gimnasios dom\u00e9sticos como profesionales. Actualice el equipamiento y la imagen de marca de su gimnasio con Evolve.<\/p>\n","protected":false},"featured_media":90250,"template":"","meta":{"_acf_changed":false,"inline_featured_image":false},"product_cat":[983,2192,536],"product_tag":[],"class_list":{"0":"post-19175","1":"product","2":"type-product","3":"status-publish","4":"has-post-thumbnail","6":"product_cat-pesos-libres","7":"product_cat-juegos-de-bar","8":"product_cat-estudio-es","10":"first","11":"instock","12":"shipping-taxable","13":"purchasable","14":"product-type-simple"},"acf":[],"_links":{"self":[{"href":"https:\/\/store.evolve-fitness.eu\/es\/wp-json\/wp\/v2\/product\/19175","targetHints":{"allow":["GET"]}}],"collection":[{"href":"https:\/\/store.evolve-fitness.eu\/es\/wp-json\/wp\/v2\/product"}],"about":[{"href":"https:\/\/store.evolve-fitness.eu\/es\/wp-json\/wp\/v2\/types\/product"}],"wp:featuredmedia":[{"embeddable":true,"href":"https:\/\/store.evolve-fitness.eu\/es\/wp-json\/wp\/v2\/media\/90250"}],"wp:attachment":[{"href":"https:\/\/store.evolve-fitness.eu\/es\/wp-json\/wp\/v2\/media?parent=19175"}],"wp:term":[{"taxonomy":"product_cat","embeddable":true,"href":"https:\/\/store.evolve-fitness.eu\/es\/wp-json\/wp\/v2\/product_cat?post=19175"},{"taxonomy":"product_tag","embeddable":true,"href":"https:\/\/store.evolve-fitness.eu\/es\/wp-json\/wp\/v2\/product_tag?post=19175"}],"curies":[{"name":"wp","href":"https:\/\/api.w.org\/{rel}","templated":true}]}}