{"id":17896,"date":"2023-09-21T14:31:29","date_gmt":"2023-09-21T14:31:29","guid":{"rendered":"https:\/\/store.evolve-fitness.eu\/product\/banda-de-potencia-evolve\/"},"modified":"2026-04-11T12:00:16","modified_gmt":"2026-04-11T12:00:16","slug":"banda-de-potencia-evolve","status":"publish","type":"product","link":"https:\/\/store.evolve-fitness.eu\/es\/producto\/banda-de-potencia-evolve\/","title":{"rendered":"Banda de potencia Evolve"},"content":{"rendered":"\n<section class=\"wp-block-group alignfull has-lightgray-background-color has-background is-layout-constrained wp-block-group-is-layout-constrained\">\n<div class=\"wp-block-columns alignwide is-layout-flex wp-container-core-columns-is-layout-2edb0647 wp-block-columns-is-layout-flex\" style=\"margin-top:0;margin-bottom:0\">\n<div class=\"wp-block-column is-layout-flow wp-block-column-is-layout-flow\" style=\"flex-basis:33.33%\"><\/div>\n\n\n\n<div class=\"wp-block-column is-layout-flow wp-block-column-is-layout-flow\" style=\"flex-basis:66.66%\"><\/div>\n<\/div>\n<\/section>\n\n<section class=\"wp-block-group alignfull black-content has-white-color has-darkgray-background-color has-text-color has-background is-layout-constrained wp-block-group-is-layout-constrained\" style=\"padding-top:var(--wp--preset--spacing--section-bottom);padding-bottom:var(--wp--preset--spacing--section-bottom)\">\n<section class=\"wp-block-group alignfull black-content has-white-color has-darkgray-background-color has-text-color has-background is-layout-constrained wp-block-group-is-layout-constrained\" style=\"margin-bottom:0;padding-top:var(--wp--preset--spacing--tb-padding);padding-bottom:var(--wp--preset--spacing--tb-padding)\">\n<div class=\"wp-block-columns alignwide mobile-reverse is-layout-flex wp-container-core-columns-is-layout-7a02faa9 wp-block-columns-is-layout-flex\" style=\"margin-bottom:var(--wp--preset--spacing--tb-section-padding)\">\n<div class=\"wp-block-column is-vertically-aligned-center is-layout-flow wp-block-column-is-layout-flow\">\n<h3 class=\"wp-block-heading\" style=\"margin-bottom:var(--wp--preset--spacing--h-3-bottom)\"><strong><strong><strong><strong><strong><strong><strong>Maximiza tu entrenamiento con las Powerbands Evolve<\/strong><\/strong><\/strong><\/strong><\/strong><\/strong><\/strong><\/h3>\n\n\n\n<p><strong><em><strong><strong><strong><strong><strong>Versatilidad y durabilidad para todos los niveles de forma f\u00edsica<\/strong><\/strong><\/strong><\/strong><\/strong><\/em><\/strong><\/p>\n\n\n\n<p>Mejora tu rutina de entrenamiento con nuestras vers\u00e1tiles Powerbands Evolve. Estas bandas multifuncionales ofrecen seis niveles de resistencia diferentes, desde X-Light hasta XX-Heavy, que se adaptan a diversas necesidades de fitness. Fabricadas con l\u00e1tex de alta calidad, proporcionan una elasticidad y durabilidad excepcionales, manteniendo su forma incluso despu\u00e9s de un uso prolongado. Tanto si quieres a\u00f1adir resistencia a tus ejercicios, ayudar en las dominadas o mejorar tu flexibilidad, estas cintas el\u00e1sticas de 208 cm de longitud son el compa\u00f1ero de fitness perfecto.<\/p>\n<\/div>\n\n\n\n<div class=\"wp-block-column is-vertically-aligned-center is-layout-flow wp-block-column-is-layout-flow\">\n<figure class=\"wp-block-video\"><video autoplay=\"\" controls=\"\" loop=\"\" muted=\"\" src=\"https:\/\/evolve-fitness.eu\/wp-content\/uploads\/2024\/07\/EV-BD-PB-220-4.mp4\"><\/video><\/figure>\n<\/div>\n<\/div>\n\n\n\n<div class=\"wp-block-columns alignwide mobile-reverse is-layout-flex wp-container-core-columns-is-layout-035fa626 wp-block-columns-is-layout-flex\" style=\"margin-bottom:var(--wp--preset--spacing--side-padding);padding-top:var(--wp--preset--spacing--tb-padding);padding-bottom:var(--wp--preset--spacing--tb-padding)\">\n<div class=\"wp-block-column is-vertically-aligned-center is-layout-flow wp-block-column-is-layout-flow\">\n<figure class=\"wp-block-video\"><video autoplay=\"\" controls=\"\" loop=\"\" muted=\"\" src=\"https:\/\/evolve-fitness.eu\/wp-content\/uploads\/2023\/09\/EV-BD-PB-220-2.mp4\"><\/video><\/figure>\n<\/div>\n\n\n\n<div class=\"wp-block-column is-vertically-aligned-center is-layout-flow wp-block-column-is-layout-flow\">\n<h3 class=\"wp-block-heading\" style=\"margin-bottom:var(--wp--preset--spacing--h-3-bottom)\"><strong><strong><strong><strong><strong><strong><strong><strong><strong>Bandas el\u00e1sticas Evolve<\/strong><\/strong><\/strong><\/strong><\/strong><\/strong><\/strong><\/strong><\/strong><\/h3>\n\n\n\n<p><strong><em><strong><strong><strong><strong><strong><strong>Entrenamiento de resistencia superior al alcance de tu mano<\/strong><\/strong><\/strong><\/strong><\/strong><\/strong><\/em><\/strong><\/p>\n\n\n\n<p>Descubre el compa\u00f1ero de fitness definitivo con las Powerbands Evolve, dise\u00f1adas para elevar tu r\u00e9gimen de ejercicios. Estas bandas vienen en seis niveles de resistencia diferentes, de X-Light a XX-Heavy, para adaptarse a cualquier objetivo de fitness. Fabricados con l\u00e1tex de primera calidad, garantizan una excelente elasticidad y un rendimiento duradero, conservando su forma con un uso riguroso. Ideales para a\u00f1adir resistencia a los entrenamientos, ayudar con las dominadas o mejorar la flexibilidad, estas cintas el\u00e1sticas de 208 cm ofrecen una versatilidad inigualable. Transforma hoy mismo tu forma f\u00edsica con las resistentes y adaptables cintas el\u00e1sticas Evolve Powerbands.<\/p>\n<\/div>\n<\/div>\n<\/section>\n<\/section>\n","protected":false},"excerpt":{"rendered":"<p>Mejore su rutina de ejercicios con nuestras vers\u00e1tiles Powerbands Evolve, una fant\u00e1stica alternativa a las pesas tradicionales. Estas bandas multifuncionales ofrecen seis niveles de resistencia diferentes, desde X-Light hasta XX-Heavy, que se adaptan a diversas necesidades de fitness. Fabricadas con l\u00e1tex de alta calidad, proporcionan una elasticidad y durabilidad excepcionales, manteniendo su forma incluso despu\u00e9s de un uso prolongado. Tanto si quieres a\u00f1adir resistencia a tus ejercicios, como si quieres hacer dominadas o mejorar tu flexibilidad, estas cintas el\u00e1sticas de 208 cm de longitud son el complemento perfecto para tu entrenamiento. Mejora tu condici\u00f3n f\u00edsica con Evolve Powerbands hoy mismo.<\/p>\n","protected":false},"featured_media":89619,"template":"","meta":{"_acf_changed":false,"inline_featured_image":false},"product_cat":[432,574,576,536],"product_tag":[],"class_list":{"0":"post-17896","1":"product","2":"type-product","3":"status-publish","4":"has-post-thumbnail","6":"product_cat-pagina-de-inicio","7":"product_cat-transversal-y-funcional","8":"product_cat-equipamiento-funcional","9":"product_cat-estudio-es","11":"first","12":"instock","13":"shipping-taxable","14":"purchasable","15":"product-type-variable"},"acf":[],"_links":{"self":[{"href":"https:\/\/store.evolve-fitness.eu\/es\/wp-json\/wp\/v2\/product\/17896","targetHints":{"allow":["GET"]}}],"collection":[{"href":"https:\/\/store.evolve-fitness.eu\/es\/wp-json\/wp\/v2\/product"}],"about":[{"href":"https:\/\/store.evolve-fitness.eu\/es\/wp-json\/wp\/v2\/types\/product"}],"wp:featuredmedia":[{"embeddable":true,"href":"https:\/\/store.evolve-fitness.eu\/es\/wp-json\/wp\/v2\/media\/89619"}],"wp:attachment":[{"href":"https:\/\/store.evolve-fitness.eu\/es\/wp-json\/wp\/v2\/media?parent=17896"}],"wp:term":[{"taxonomy":"product_cat","embeddable":true,"href":"https:\/\/store.evolve-fitness.eu\/es\/wp-json\/wp\/v2\/product_cat?post=17896"},{"taxonomy":"product_tag","embeddable":true,"href":"https:\/\/store.evolve-fitness.eu\/es\/wp-json\/wp\/v2\/product_tag?post=17896"}],"curies":[{"name":"wp","href":"https:\/\/api.w.org\/{rel}","templated":true}]}}