{"id":17523,"date":"2023-09-21T14:10:38","date_gmt":"2023-09-21T14:10:38","guid":{"rendered":"https:\/\/store.evolve-fitness.eu\/product\/juego-de-almohadillas-blandas-evolve\/"},"modified":"2026-02-10T12:00:53","modified_gmt":"2026-02-10T12:00:53","slug":"juego-de-almohadillas-blandas-evolve","status":"publish","type":"product","link":"https:\/\/store.evolve-fitness.eu\/es\/producto\/juego-de-almohadillas-blandas-evolve\/","title":{"rendered":"Juego de almohadillas blandas Evolve"},"content":{"rendered":"\n<section class=\"wp-block-group alignfull black-content has-white-color has-darkgray-background-color has-text-color has-background is-layout-constrained wp-block-group-is-layout-constrained\" style=\"padding-top:var(--wp--preset--spacing--section-bottom);padding-bottom:var(--wp--preset--spacing--section-bottom)\">\n<div class=\"wp-block-columns alignwide mobile-reverse is-layout-flex wp-container-core-columns-is-layout-ca64bf2d wp-block-columns-is-layout-flex\" style=\"margin-bottom:var(--wp--preset--spacing--side-padding)\">\n<div class=\"wp-block-column is-vertically-aligned-center is-layout-flow wp-block-column-is-layout-flow\">\n<h3 class=\"wp-block-heading\" style=\"margin-bottom:var(--wp--preset--spacing--h-3-bottom)\"><strong><strong>Maximice su entrenamiento con movilidad<\/strong><\/strong><\/h3>\n\n\n\n<p><strong><em><em>Protecci\u00f3n port\u00e1til<\/em><\/em><\/strong><\/p>\n\n\n\n<p style=\"margin-bottom:var(--wp--preset--spacing--tb-section-padding)\">El Evolve Soft Drop Pad Set ofrece una soluci\u00f3n m\u00f3vil y eficaz para los atletas que buscan reducir el ruido y el impacto durante las sesiones de levantamiento de cargas pesadas. Estas almohadillas port\u00e1tiles garantizan la protecci\u00f3n del suelo y los equipos, lo que las convierte en la opci\u00f3n ideal tanto para gimnasios dom\u00e9sticos como comerciales en los que la optimizaci\u00f3n del espacio y el control del ruido son esenciales. <\/p>\n<\/div>\n\n\n\n<div class=\"wp-block-column is-vertically-aligned-center is-layout-flow wp-block-column-is-layout-flow\">\n<figure class=\"wp-block-video\"><video autoplay=\"\" controls=\"\" loop=\"\" muted=\"\" src=\"https:\/\/evolve-fitness.eu\/wp-content\/uploads\/2023\/09\/Evolve-Soft-Drop-Pad-Set-Video.mp4\"><\/video><\/figure>\n<\/div>\n<\/div>\n\n\n\n<div class=\"wp-block-columns alignwide is-layout-flex wp-container-core-columns-is-layout-c45ee707 wp-block-columns-is-layout-flex\" style=\"margin-bottom:var(--wp--preset--spacing--side-padding);padding-top:var(--wp--preset--spacing--side-padding)\">\n<div class=\"wp-block-column is-vertically-aligned-center is-layout-flow wp-block-column-is-layout-flow\">\n<figure class=\"wp-block-image size-large\"><img decoding=\"async\" src=\"https:\/\/evolve-fitness.eu\/wp-content\/uploads\/2023\/09\/Evolve-Soft-Drop-Pad-Set-EV-PF-DP-100-1024x683.jpg\" alt=\"EV-PF-DP-100\" class=\"wp-image-10846\"\/><\/figure>\n<\/div>\n\n\n\n<div class=\"wp-block-column is-vertically-aligned-center is-layout-flow wp-block-column-is-layout-flow\">\n<h3 class=\"wp-block-heading\" style=\"margin-bottom:var(--wp--preset--spacing--h-3-bottom)\"><strong><strong><strong>Materiales innovadores: Resistencia y estilo<\/strong><\/strong><\/strong><\/h3>\n\n\n\n<p><strong><em><em><em>Dise\u00f1o de carbono para una calidad superior<\/em><\/em><\/em><\/strong><\/p>\n\n\n\n<p>El juego de almohadillas blandas Evolve est\u00e1 fabricado con materiales innovadores y presenta un elegante dise\u00f1o de carbono que no s\u00f3lo mejora la durabilidad, sino que tambi\u00e9n a\u00f1ade una est\u00e9tica moderna a su espacio de entrenamiento. Estos materiales se eligen por su capacidad para absorber eficazmente los impactos, lo que garantiza la longevidad de las almohadillas y la seguridad de su equipo. <\/p>\n<\/div>\n<\/div>\n\n\n\n<div class=\"wp-block-columns alignwide is-layout-flex wp-container-core-columns-is-layout-c45ee707 wp-block-columns-is-layout-flex\" style=\"margin-bottom:var(--wp--preset--spacing--side-padding);padding-top:var(--wp--preset--spacing--side-padding)\">\n<div class=\"wp-block-column is-vertically-aligned-center is-layout-flow wp-block-column-is-layout-flow\">\n<h3 class=\"wp-block-heading\" style=\"margin-bottom:var(--wp--preset--spacing--h-3-bottom)\"><strong><strong>Construido para durar: la durabilidad se une al dise\u00f1o<\/strong><\/strong><\/h3>\n\n\n\n<p><strong><em><em>Dise\u00f1ado para resistir<\/em><\/em><\/strong><\/p>\n\n\n\n<p>El Evolve Soft Drop Pad Set destaca por su excepcional durabilidad, dise\u00f1ado para soportar los rigores del uso intensivo en cualquier entorno de fitness. Fabricadas con materiales de alta calidad, estas almohadillas est\u00e1n dise\u00f1adas para soportar el impacto de los entrenamientos intensos, garantizando un rendimiento y una fiabilidad duraderos. Ideal para quienes buscan una soluci\u00f3n duradera para proteger sus suelos y equipos.  <\/p>\n<\/div>\n\n\n\n<div class=\"wp-block-column is-vertically-aligned-center is-layout-flow wp-block-column-is-layout-flow\">\n<figure class=\"wp-block-video\"><video height=\"1200\" style=\"aspect-ratio: 1600 \/ 1200;\" width=\"1600\" autoplay=\"\" controls=\"\" loop=\"\" muted=\"\" src=\"https:\/\/evolve-fitness.eu\/wp-content\/uploads\/2024\/01\/Evolve-Soft-Drop-Pad-Set-2.mp4\"><\/video><\/figure>\n<\/div>\n<\/div>\n\n\n\n<div class=\"wp-block-columns alignwide is-layout-flex wp-container-core-columns-is-layout-c45ee707 wp-block-columns-is-layout-flex\" style=\"margin-bottom:var(--wp--preset--spacing--side-padding);padding-top:var(--wp--preset--spacing--side-padding)\">\n<div class=\"wp-block-column is-vertically-aligned-center is-layout-flow wp-block-column-is-layout-flow\">\n<figure class=\"wp-block-image size-large\"><img decoding=\"async\" src=\"https:\/\/evolve-fitness.eu\/wp-content\/uploads\/2023\/09\/Evolve-Soft-Drop-Pad-Set-Plate-EV-PF-DP-100-1024x683.jpg\" alt=\"EV-PF-DP-100\" class=\"wp-image-10850\"\/><\/figure>\n<\/div>\n\n\n\n<div class=\"wp-block-column is-vertically-aligned-center is-layout-flow wp-block-column-is-layout-flow\">\n<h3 class=\"wp-block-heading\" style=\"margin-bottom:var(--wp--preset--spacing--h-3-bottom)\"><strong><strong><strong><strong><strong>Integraci\u00f3n perfecta<\/strong><\/strong><\/strong><\/strong><\/strong><\/h3>\n\n\n\n<p><strong><em><strong><strong><strong><strong><strong><strong>Est\u00e9tica y Funcionalidad<\/strong><\/strong><\/strong><\/strong><\/strong><\/strong>lidad<em>que armoniza con la Serie Carbono de Evolve<\/em><\/em><\/strong><\/p>\n\n\n\n<p>Para una integraci\u00f3n perfecta en su instalaci\u00f3n de fitness, el juego de almohadillas blandas Evolve est\u00e1 dise\u00f1ado para complementar otros equipos Evolve, incluidas las barras, los pesos libres y los art\u00edculos de la serie de carbono. El dise\u00f1o cohesivo garantiza un aspecto unificado en todo el espacio de entrenamiento, mejorando tanto la funcionalidad como el atractivo est\u00e9tico. <\/p>\n<\/div>\n<\/div>\n<\/section>\n","protected":false},"excerpt":{"rendered":"<p>Presentamos el juego de almohadillas blandas Evolve: la soluci\u00f3n definitiva para la protecci\u00f3n contra el ruido y el suelo.<\/p>\n<p>\u00bfEst\u00e1 cansado del ruido constante y de los da\u00f1os causados en el suelo por las ca\u00eddas de pesas y barras en su gimnasio? No busque m\u00e1s: Evolve Soft Drop Pad Set. Dise\u00f1adas para revolucionar su espacio de entrenamiento, estas almohadillas est\u00e1n dise\u00f1adas para reducir el ruido, proteger el suelo y ofrecer un toque de estilo moderno a su gimnasio.<\/p>\n","protected":false},"featured_media":17543,"template":"","meta":{"_acf_changed":false,"inline_featured_image":false},"product_cat":[574,576],"product_tag":[],"class_list":{"0":"post-17523","1":"product","2":"type-product","3":"status-publish","4":"has-post-thumbnail","6":"product_cat-transversal-y-funcional","7":"product_cat-equipamiento-funcional","9":"first","10":"instock","11":"shipping-taxable","12":"purchasable","13":"product-type-simple"},"acf":[],"_links":{"self":[{"href":"https:\/\/store.evolve-fitness.eu\/es\/wp-json\/wp\/v2\/product\/17523","targetHints":{"allow":["GET"]}}],"collection":[{"href":"https:\/\/store.evolve-fitness.eu\/es\/wp-json\/wp\/v2\/product"}],"about":[{"href":"https:\/\/store.evolve-fitness.eu\/es\/wp-json\/wp\/v2\/types\/product"}],"wp:featuredmedia":[{"embeddable":true,"href":"https:\/\/store.evolve-fitness.eu\/es\/wp-json\/wp\/v2\/media\/17543"}],"wp:attachment":[{"href":"https:\/\/store.evolve-fitness.eu\/es\/wp-json\/wp\/v2\/media?parent=17523"}],"wp:term":[{"taxonomy":"product_cat","embeddable":true,"href":"https:\/\/store.evolve-fitness.eu\/es\/wp-json\/wp\/v2\/product_cat?post=17523"},{"taxonomy":"product_tag","embeddable":true,"href":"https:\/\/store.evolve-fitness.eu\/es\/wp-json\/wp\/v2\/product_tag?post=17523"}],"curies":[{"name":"wp","href":"https:\/\/api.w.org\/{rel}","templated":true}]}}