{"id":16979,"date":"2023-09-21T10:17:45","date_gmt":"2023-09-21T10:17:45","guid":{"rendered":"https:\/\/store.evolve-fitness.eu\/product\/evolve-nbr-studio-mat-140-x-60-x-1-cm\/"},"modified":"2025-03-07T09:34:32","modified_gmt":"2025-03-07T09:34:32","slug":"evolve-nbr-studio-mat-140-x-60-x-1-cm","status":"publish","type":"product","link":"https:\/\/store.evolve-fitness.eu\/es\/producto\/evolve-nbr-studio-mat-140-x-60-x-1-cm\/","title":{"rendered":"Evolve NBR Studio Mat 140 x 60 x 1 cm"},"content":{"rendered":"\n<section class=\"wp-block-group alignfull has-darkgray-background-color has-background is-layout-constrained wp-block-group-is-layout-constrained\">\n<div class=\"wp-block-columns alignwide is-layout-flex wp-container-core-columns-is-layout-2edb0647 wp-block-columns-is-layout-flex\" style=\"margin-top:0;margin-bottom:0\">\n<div class=\"wp-block-column is-layout-flow wp-block-column-is-layout-flow\" style=\"flex-basis:33.33%\"><\/div>\n\n\n\n<div class=\"wp-block-column is-layout-flow wp-block-column-is-layout-flow\" style=\"flex-basis:66.66%\"><\/div>\n<\/div>\n\n\n\n<section class=\"wp-block-group alignfull black-content has-white-color has-darkgray-background-color has-text-color has-background is-layout-constrained wp-block-group-is-layout-constrained\" style=\"padding-top:var(--wp--preset--spacing--section-bottom);padding-bottom:var(--wp--preset--spacing--section-bottom)\">\n<div class=\"wp-block-columns alignwide is-layout-flex wp-container-core-columns-is-layout-c45ee707 wp-block-columns-is-layout-flex\" style=\"margin-bottom:var(--wp--preset--spacing--side-padding);padding-top:var(--wp--preset--spacing--side-padding)\">\n<div class=\"wp-block-column is-vertically-aligned-center is-layout-flow wp-block-column-is-layout-flow\">\n<figure class=\"wp-block-video\"><video autoplay=\"\" controls=\"\" loop=\"\" muted=\"\" src=\"https:\/\/evolve-fitness.eu\/wp-content\/uploads\/2023\/12\/1-3.mp4\"><\/video><\/figure>\n<\/div>\n\n\n\n<div class=\"wp-block-column is-vertically-aligned-center is-layout-constrained wp-block-column-is-layout-constrained\">\n<h3 class=\"wp-block-heading\" style=\"margin-bottom:var(--wp--preset--spacing--h-3-bottom)\">Alfombrilla de estudio de alta calidad  <\/h3>\n\n\n\n<p><strong><em>Dise\u00f1ado para diversos ejercicios como yoga, aer\u00f3bic, pilates y estiramientos.<\/em><\/strong><\/p>\n\n\n\n<p style=\"margin-bottom:var(--wp--preset--spacing--tb-section-padding)\">La alfombrilla Evolve NBR Studio Mat ofrece comodidad y estabilidad gracias a su grosor de 1 cm. La alfombrilla est\u00e1 fabricada con un material de alta densidad que la hace duradera, resistente al sudor y f\u00e1cil de limpiar. Mat destaca por su robusta construcci\u00f3n y su cuidado dise\u00f1o. La alfombrilla Evolve NBR Studio Mat est\u00e1 fabricada con un material denso de alta calidad que garantiza su longevidad y resistencia al desgaste.<\/p>\n<\/div>\n<\/div>\n\n\n\n<div class=\"wp-block-columns alignwide is-layout-flex wp-container-core-columns-is-layout-c45ee707 wp-block-columns-is-layout-flex\" style=\"margin-bottom:var(--wp--preset--spacing--side-padding);padding-top:var(--wp--preset--spacing--side-padding)\">\n<div class=\"wp-block-column is-vertically-aligned-center is-layout-flow wp-block-column-is-layout-flow\">\n<h3 class=\"wp-block-heading\" style=\"margin-bottom:var(--wp--preset--spacing--h-3-bottom)\">DURADERO Y LIGERO<\/h3>\n\n\n\n<p><em><strong>Viene con ojales integrados para guardarlo c\u00f3modamente<\/strong><\/em><\/p>\n\n\n\n<p>Incluye propiedades antideslizantes, esquinas redondeadas, \u00f3ptima absorci\u00f3n de impactos y una estructura higi\u00e9nica de celdas cerradas que es impermeable. La alfombrilla tambi\u00e9n es ligera, pesa s\u00f3lo 1,2 kg.<\/p>\n<\/div>\n\n\n\n<div class=\"wp-block-column is-vertically-aligned-center is-layout-flow wp-block-column-is-layout-flow\">\n<div class=\"wp-block-columns is-layout-flex wp-container-core-columns-is-layout-9d6595d7 wp-block-columns-is-layout-flex\">\n<div class=\"wp-block-column is-layout-flow wp-block-column-is-layout-flow\">\n<figure class=\"wp-block-image size-large\"><img decoding=\"async\" src=\"https:\/\/evolve-fitness.eu\/wp-content\/uploads\/2023\/12\/A7_05507-683x1024.jpg\" alt=\"\" class=\"wp-image-7892\"\/><\/figure>\n<\/div>\n<\/div>\n<\/div>\n<\/div>\n\n\n\n<div class=\"wp-block-columns alignwide is-layout-flex wp-container-core-columns-is-layout-c45ee707 wp-block-columns-is-layout-flex\" style=\"margin-bottom:var(--wp--preset--spacing--side-padding);padding-top:var(--wp--preset--spacing--side-padding)\">\n<div class=\"wp-block-column is-vertically-aligned-center is-layout-flow wp-block-column-is-layout-flow\">\n<figure class=\"wp-block-image size-large\"><img decoding=\"async\" src=\"https:\/\/evolve-fitness.eu\/wp-content\/uploads\/2023\/12\/A7_05548-1024x683.jpg\" alt=\"\" class=\"wp-image-7895\"\/><\/figure>\n<\/div>\n\n\n\n<div class=\"wp-block-column is-vertically-aligned-center is-layout-flow wp-block-column-is-layout-flow\">\n<h3 class=\"wp-block-heading\" style=\"margin-bottom:var(--wp--preset--spacing--h-3-bottom)\"><strong>Superficie especialmente trabajada<\/strong><\/h3>\n\n\n\n<p><strong><em>Superficie higi\u00e9nica y soluciones de f\u00e1cil almacenamiento<\/em><\/strong><\/p>\n\n\n\n<p>Sus caracter\u00edsticas higi\u00e9nicas, incluida su impermeabilidad y su superficie f\u00e1cil de limpiar, la convierten en la opci\u00f3n ideal para un uso frecuente en diversos entornos. Su ligereza y las soluciones de almacenamiento integradas contribuyen a su practicidad, convirti\u00e9ndola en una opci\u00f3n c\u00f3moda tanto para el hogar como para el estudio.<\/p>\n<\/div>\n<\/div>\n\n\n\n<div class=\"wp-block-columns alignwide is-layout-flex wp-container-core-columns-is-layout-c45ee707 wp-block-columns-is-layout-flex\" style=\"margin-bottom:var(--wp--preset--spacing--side-padding);padding-top:var(--wp--preset--spacing--side-padding)\">\n<div class=\"wp-block-column is-vertically-aligned-center is-layout-flow wp-block-column-is-layout-flow\">\n<h3 class=\"wp-block-heading\" style=\"margin-bottom:var(--wp--preset--spacing--h-3-bottom)\">dise\u00f1o de logotipos personalizados<\/h3>\n\n\n\n<p><strong><em>Posibilidad de imprimir el logotipo o el dise\u00f1o de la empresa directamente en la alfombrilla<\/em><\/strong><\/p>\n\n\n\n<p>Si mejora la alfombrilla Evolve NBR Studio Mat con opciones de dise\u00f1o personalizadas, podr\u00e1 adaptarla mejor a la marca de su empresa o a sus preferencias est\u00e9ticas personales. Esta personalizaci\u00f3n har\u00eda que la alfombrilla fuera m\u00e1s atractiva para programas de bienestar corporativos, gimnasios que buscan reforzar su identidad de marca o particulares que desean una alfombrilla que refleje su estilo personal.<\/p>\n<\/div>\n\n\n\n<div class=\"wp-block-column is-vertically-aligned-center is-layout-flow wp-block-column-is-layout-flow\">\n<div class=\"wp-block-columns is-layout-flex wp-container-core-columns-is-layout-9d6595d7 wp-block-columns-is-layout-flex\">\n<div class=\"wp-block-column is-layout-flow wp-block-column-is-layout-flow\">\n<figure class=\"wp-block-image size-full\"><img loading=\"lazy\" decoding=\"async\" width=\"680\" height=\"600\" src=\"https:\/\/store.evolve-fitness.eu\/wp-content\/uploads\/2023\/09\/EV-TM-NBR-Evolve-NBR-Studio-Mat-2-1.png\" alt=\"\" class=\"wp-image-100306\" srcset=\"https:\/\/store.evolve-fitness.eu\/wp-content\/uploads\/2023\/09\/EV-TM-NBR-Evolve-NBR-Studio-Mat-2-1.png 680w, https:\/\/store.evolve-fitness.eu\/wp-content\/uploads\/2023\/09\/EV-TM-NBR-Evolve-NBR-Studio-Mat-2-1-300x265.png 300w, https:\/\/store.evolve-fitness.eu\/wp-content\/uploads\/2023\/09\/EV-TM-NBR-Evolve-NBR-Studio-Mat-2-1-600x529.png 600w\" sizes=\"auto, (max-width: 680px) 100vw, 680px\" \/><\/figure>\n<\/div>\n<\/div>\n<\/div>\n<\/div>\n<\/section>\n<\/section>\n","protected":false},"excerpt":{"rendered":"<p>Presentamos la alfombrilla Evolve NBR Studio Mat &#8211; 140 cm, la elecci\u00f3n definitiva para tus necesidades de entrenamiento. Esta alfombrilla de fitness de 1 cm de grosor ofrece una comodidad y estabilidad excepcionales, perfecta para yoga, aerobic, pilates, estiramientos y mucho m\u00e1s. Su material de alta densidad garantiza su durabilidad, haci\u00e9ndola resistente al sudor y f\u00e1cil de limpiar. Con caracter\u00edsticas antideslizantes, esquinas redondeadas y una \u00f3ptima absorci\u00f3n de impactos, garantiza la m\u00e1xima seguridad durante tus entrenamientos. Adem\u00e1s, su estructura higi\u00e9nica de c\u00e9lulas cerradas y su impermeabilidad hacen que su mantenimiento sea muy sencillo. Esta alfombrilla de calidad comercial est\u00e1 fabricada para durar, a diferencia de otras del mercado, y viene con ojales integrados para facilitar su almacenamiento. Eleve su rutina de ejercicios con la alfombrilla de fitness Evolve, que pesa s\u00f3lo 1,2 kg. Experimente la longevidad y el confort como nunca antes.<\/p>\n<p>\n","protected":false},"featured_media":16992,"template":"","meta":{"_acf_changed":false,"inline_featured_image":false},"product_cat":[2410,536],"product_tag":[],"class_list":{"0":"post-16979","1":"product","2":"type-product","3":"status-publish","4":"has-post-thumbnail","6":"product_cat-engranaje-hyrox","7":"product_cat-estudio-es","9":"first","10":"instock","11":"sale","12":"shipping-taxable","13":"purchasable","14":"product-type-simple"},"acf":[],"_links":{"self":[{"href":"https:\/\/store.evolve-fitness.eu\/es\/wp-json\/wp\/v2\/product\/16979","targetHints":{"allow":["GET"]}}],"collection":[{"href":"https:\/\/store.evolve-fitness.eu\/es\/wp-json\/wp\/v2\/product"}],"about":[{"href":"https:\/\/store.evolve-fitness.eu\/es\/wp-json\/wp\/v2\/types\/product"}],"wp:featuredmedia":[{"embeddable":true,"href":"https:\/\/store.evolve-fitness.eu\/es\/wp-json\/wp\/v2\/media\/16992"}],"wp:attachment":[{"href":"https:\/\/store.evolve-fitness.eu\/es\/wp-json\/wp\/v2\/media?parent=16979"}],"wp:term":[{"taxonomy":"product_cat","embeddable":true,"href":"https:\/\/store.evolve-fitness.eu\/es\/wp-json\/wp\/v2\/product_cat?post=16979"},{"taxonomy":"product_tag","embeddable":true,"href":"https:\/\/store.evolve-fitness.eu\/es\/wp-json\/wp\/v2\/product_tag?post=16979"}],"curies":[{"name":"wp","href":"https:\/\/api.w.org\/{rel}","templated":true}]}}