{"id":16268,"date":"2024-01-30T15:37:45","date_gmt":"2024-01-30T15:37:45","guid":{"rendered":"https:\/\/store.evolve-fitness.eu\/product\/prensa-pectoral-con-carga-de-placas-evolve-ultra-series\/"},"modified":"2025-10-07T10:46:33","modified_gmt":"2025-10-07T10:46:33","slug":"prensa-pectoral-con-carga-de-placas-evolve-ultra-series","status":"publish","type":"product","link":"https:\/\/store.evolve-fitness.eu\/es\/producto\/prensa-pectoral-con-carga-de-placas-evolve-ultra-series\/","title":{"rendered":"Prensa pectoral con carga de placas Evolve Ultra Series"},"content":{"rendered":"\n<section class=\"wp-block-group alignfull black-content has-white-color has-darkgray-background-color has-text-color has-background is-layout-constrained wp-block-group-is-layout-constrained\" style=\"padding-top:var(--wp--preset--spacing--section-bottom);padding-bottom:var(--wp--preset--spacing--section-bottom)\">\n<section class=\"wp-block-group alignfull black-content has-white-color has-darkgray-background-color has-text-color has-background is-layout-constrained wp-block-group-is-layout-constrained\" style=\"padding-top:var(--wp--preset--spacing--section-bottom);padding-bottom:var(--wp--preset--spacing--section-bottom)\">\n<div class=\"wp-block-columns alignwide mobile-reverse is-layout-flex wp-container-core-columns-is-layout-ca64bf2d wp-block-columns-is-layout-flex\" style=\"margin-bottom:var(--wp--preset--spacing--side-padding)\">\n<div class=\"wp-block-column is-vertically-aligned-center is-layout-flow wp-block-column-is-layout-flow\">\n<h3 class=\"wp-block-heading\" style=\"margin-bottom:var(--wp--preset--spacing--h-3-bottom)\"><strong><strong><strong><strong><strong><strong><strong><strong><strong>Compromiso muscular espec\u00edfico<\/strong><\/strong><\/strong><\/strong><\/strong><\/strong><\/strong><\/strong><\/strong><\/h3>\n\n\n\n<p><strong><em>Grupos musculares afectados<\/em><\/strong><\/p>\n\n\n\n<p>El Evolve Ultra Series Plate Loaded Chest Press est\u00e1 dise\u00f1ado para trabajar los m\u00fasculos del pecho, incluidos los pectorales mayor y menor, los deltoides y los tr\u00edceps. Su dise\u00f1o permite una amplitud de movimiento natural, asegurando que cada repetici\u00f3n comprometa los m\u00fasculos objetivo para un crecimiento y fuerza efectivos.<\/p>\n\n\n\n<p><\/p>\n\n\n\n<h3 class=\"wp-block-heading\" style=\"margin-bottom:var(--wp--preset--spacing--h-3-bottom)\"><strong><strong><strong><strong><strong>Dise\u00f1o c\u00f3modo<\/strong><\/strong><\/strong><\/strong><\/strong><\/h3>\n\n\n\n<p><strong><strong><strong><em>Almohadillas y asas ergon\u00f3micas<\/em><\/strong><\/strong><\/strong><\/p>\n\n\n\n<p style=\"margin-bottom:var(--wp--preset--spacing--tb-section-padding)\">Dise\u00f1ado pensando en la comodidad del usuario, este press de pecho cuenta con almohadillas y empu\u00f1aduras ergon\u00f3micas para una alineaci\u00f3n y apoyo adecuados del cuerpo. El asiento y el respaldo ajustables se adaptan a usuarios de todas las tallas, reduciendo el riesgo de tensiones o lesiones durante los entrenamientos.<\/p>\n<\/div>\n\n\n\n<div class=\"wp-block-column is-vertically-aligned-center is-layout-flow wp-block-column-is-layout-flow\">\n<figure class=\"wp-block-video\"><video autoplay=\"\" controls=\"\" loop=\"\" muted=\"\" src=\"https:\/\/evolve-fitness.eu\/wp-content\/uploads\/2023\/09\/EV-PL-UL-010.mp4\"><\/video><\/figure>\n<\/div>\n<\/div>\n\n\n\n<div class=\"wp-block-columns alignwide mobile-reverse is-layout-flex wp-container-core-columns-is-layout-ca64bf2d wp-block-columns-is-layout-flex\" style=\"margin-bottom:var(--wp--preset--spacing--side-padding)\">\n<div class=\"wp-block-column is-vertically-aligned-center is-layout-flow wp-block-column-is-layout-flow\">\n<figure class=\"wp-block-image size-large\"><img decoding=\"async\" src=\"https:\/\/evolve-fitness.eu\/wp-content\/uploads\/2023\/09\/EV-PL-UL-010-2-683x1024.jpg\" alt=\"EV-PL-UL-010\" class=\"wp-image-166485\"\/><\/figure>\n<\/div>\n\n\n\n<div class=\"wp-block-column is-vertically-aligned-center is-layout-flow wp-block-column-is-layout-flow\">\n<h3 class=\"wp-block-heading\" style=\"margin-bottom:var(--wp--preset--spacing--h-3-bottom)\"><strong><strong><strong><strong><strong><strong><strong><strong><strong>Resistencia ajustable<\/strong><\/strong><\/strong><\/strong><\/strong><\/strong><\/strong><\/strong><\/strong><\/h3>\n\n\n\n<p><strong><em>Platos de pesas personalizables<\/em><\/strong><\/p>\n\n\n\n<p>Puede personalizar sus entrenamientos con esta m\u00e1quina ajustando los platos de peso. Esta caracter\u00edstica lo hace adecuado para usuarios de diferentes niveles de condici\u00f3n f\u00edsica y objetivos de entrenamiento, tanto si se centra en la resistencia, la hipertrofia o el aumento de la fuerza.<\/p>\n<\/div>\n<\/div>\n\n\n\n<div class=\"wp-block-columns alignwide mobile-reverse is-layout-flex wp-container-core-columns-is-layout-ca64bf2d wp-block-columns-is-layout-flex\" style=\"margin-bottom:var(--wp--preset--spacing--side-padding)\">\n<div class=\"wp-block-column is-vertically-aligned-center is-layout-flow wp-block-column-is-layout-flow\">\n<h3 class=\"wp-block-heading\" style=\"margin-bottom:var(--wp--preset--spacing--h-3-bottom)\"><strong><strong><strong><strong><strong><strong><strong><strong><strong>Durabilidad y estabilidad<\/strong><\/strong><\/strong><\/strong><\/strong><\/strong><\/strong><\/strong><\/strong><\/h3>\n\n\n\n<p><strong><em>Construcci\u00f3n de alta calidad<\/em><\/strong><\/p>\n\n\n\n<p>Fabricada con materiales de alta calidad, la prensa pectoral de placas Evolve Ultra Series es duradera y estable, por lo que es adecuada tanto para gimnasios dom\u00e9sticos como comerciales. Su robusto armaz\u00f3n garantiza seguridad y fiabilidad durante los entrenamientos intensos.<\/p>\n<\/div>\n\n\n\n<div class=\"wp-block-column is-vertically-aligned-center is-layout-flow wp-block-column-is-layout-flow\">\n<figure class=\"wp-block-image size-large\"><img decoding=\"async\" src=\"https:\/\/evolve-fitness.eu\/wp-content\/uploads\/2023\/09\/EV-PL-UL-010-1-683x1024.jpg\" alt=\"\" class=\"wp-image-166510\"\/><\/figure>\n<\/div>\n<\/div>\n\n\n\n<div class=\"wp-block-columns alignwide mobile-reverse is-layout-flex wp-container-core-columns-is-layout-ca64bf2d wp-block-columns-is-layout-flex\" style=\"margin-bottom:var(--wp--preset--spacing--side-padding)\">\n<div class=\"wp-block-column is-vertically-aligned-center is-layout-flow wp-block-column-is-layout-flow\">\n<figure class=\"wp-block-image size-large\"><img decoding=\"async\" src=\"https:\/\/evolve-fitness.eu\/wp-content\/uploads\/2023\/09\/EV-PL-UL-010-4-1024x683.jpg\" alt=\"\" class=\"wp-image-166535\"\/><\/figure>\n<\/div>\n\n\n\n<div class=\"wp-block-column is-vertically-aligned-center is-layout-flow wp-block-column-is-layout-flow\">\n<h3 class=\"wp-block-heading\" style=\"margin-bottom:var(--wp--preset--spacing--h-3-bottom)\"><strong><strong><strong><strong><strong><strong><strong><strong>Tama\u00f1o compacto<\/strong><\/strong><\/strong><\/strong><\/strong><\/strong><\/strong><\/strong><\/h3>\n\n\n\n<p><strong><em><strong><strong><strong><strong><strong>Dise\u00f1o compacto<\/strong><\/strong><\/strong><\/strong><\/strong><\/em><\/strong><\/p>\n\n\n\n<p>A pesar de su funcionalidad, esta m\u00e1quina tiene un dise\u00f1o compacto, lo que la hace adecuada para espacios de entrenamiento reducidos. Su elegante dise\u00f1o maximiza la eficiencia sin ocupar demasiado espacio.<\/p>\n<\/div>\n<\/div>\n<\/section>\n<\/section>\n","protected":false},"excerpt":{"rendered":"<p>Eleve la oferta de su gimnasio con la prensa pectoral con carga de placas Evolve Ultra Series UL-010. Dise\u00f1ada para gimnasios comerciales, esta prensa de pecho cuenta con un robusto armaz\u00f3n de acero con protecci\u00f3n contra el \u00f3xido, 6 pinzas de almacenamiento de placas de pesas incorporadas y asas antideslizantes para mayor seguridad. Su dise\u00f1o ergon\u00f3mico, el movimiento unilateral del brazo y los colores personalizables la convierten en la mejor elecci\u00f3n. Con una garant\u00eda de 2 a\u00f1os, es el complemento ideal para los gimnasios que buscan equipos duraderos y de alta calidad. Actualice el equipamiento de fitness de su gimnasio con este excepcional press de pecho.<\/p>\n","protected":false},"featured_media":61614,"template":"","meta":{"_acf_changed":false,"inline_featured_image":false},"product_cat":[432,754,755],"product_tag":[],"class_list":{"0":"post-16268","1":"product","2":"type-product","3":"status-publish","4":"has-post-thumbnail","6":"product_cat-pagina-de-inicio","7":"product_cat-maquinas-de-carga-de-placas","8":"product_cat-ultra-series-placa-cargada","10":"first","11":"instock","12":"shipping-taxable","13":"purchasable","14":"product-type-simple"},"acf":[],"_links":{"self":[{"href":"https:\/\/store.evolve-fitness.eu\/es\/wp-json\/wp\/v2\/product\/16268","targetHints":{"allow":["GET"]}}],"collection":[{"href":"https:\/\/store.evolve-fitness.eu\/es\/wp-json\/wp\/v2\/product"}],"about":[{"href":"https:\/\/store.evolve-fitness.eu\/es\/wp-json\/wp\/v2\/types\/product"}],"wp:featuredmedia":[{"embeddable":true,"href":"https:\/\/store.evolve-fitness.eu\/es\/wp-json\/wp\/v2\/media\/61614"}],"wp:attachment":[{"href":"https:\/\/store.evolve-fitness.eu\/es\/wp-json\/wp\/v2\/media?parent=16268"}],"wp:term":[{"taxonomy":"product_cat","embeddable":true,"href":"https:\/\/store.evolve-fitness.eu\/es\/wp-json\/wp\/v2\/product_cat?post=16268"},{"taxonomy":"product_tag","embeddable":true,"href":"https:\/\/store.evolve-fitness.eu\/es\/wp-json\/wp\/v2\/product_tag?post=16268"}],"curies":[{"name":"wp","href":"https:\/\/api.w.org\/{rel}","templated":true}]}}