{"id":15927,"date":"2024-01-29T07:33:44","date_gmt":"2024-01-29T07:33:44","guid":{"rendered":"https:\/\/store.evolve-fitness.eu\/product\/sistema-evolve-complete-power-rack-230-270-cm-2\/"},"modified":"2025-03-27T07:14:43","modified_gmt":"2025-03-27T07:14:43","slug":"sistema-evolve-complete-power-rack-230-270-cm-2","status":"publish","type":"product","link":"https:\/\/store.evolve-fitness.eu\/es\/producto\/sistema-evolve-complete-power-rack-230-270-cm-2\/","title":{"rendered":"Sistema Evolve Complete Power Rack 230 &#8211; 270 cm"},"content":{"rendered":"","protected":false},"excerpt":{"rendered":"<p>Libere el poder del fitness con el sistema de rack de potencia Evolve totalmente equipado, que cuenta con estantes de almacenamiento integrados para una organizaci\u00f3n perfecta del inventario y los accesorios. Ideal para uso comercial, esta robusta soluci\u00f3n de entrenamiento de fuerza est\u00e1 construida con precisi\u00f3n a partir de acero de 3 mm de grosor. Eleve su experiencia en el gimnasio con la eficacia y el estilo de Evolve.<\/p>\n","protected":false},"featured_media":97316,"template":"","meta":{"_acf_changed":false,"inline_featured_image":false},"product_cat":[690,432,574],"product_tag":[],"class_list":{"0":"post-15927","1":"product","2":"type-product","3":"status-publish","4":"has-post-thumbnail","6":"product_cat-montajes-completos","7":"product_cat-pagina-de-inicio","8":"product_cat-transversal-y-funcional","10":"first","11":"outofstock","12":"taxable","13":"shipping-taxable","14":"purchasable","15":"product-type-variable"},"acf":[],"_links":{"self":[{"href":"https:\/\/store.evolve-fitness.eu\/es\/wp-json\/wp\/v2\/product\/15927","targetHints":{"allow":["GET"]}}],"collection":[{"href":"https:\/\/store.evolve-fitness.eu\/es\/wp-json\/wp\/v2\/product"}],"about":[{"href":"https:\/\/store.evolve-fitness.eu\/es\/wp-json\/wp\/v2\/types\/product"}],"wp:featuredmedia":[{"embeddable":true,"href":"https:\/\/store.evolve-fitness.eu\/es\/wp-json\/wp\/v2\/media\/97316"}],"wp:attachment":[{"href":"https:\/\/store.evolve-fitness.eu\/es\/wp-json\/wp\/v2\/media?parent=15927"}],"wp:term":[{"taxonomy":"product_cat","embeddable":true,"href":"https:\/\/store.evolve-fitness.eu\/es\/wp-json\/wp\/v2\/product_cat?post=15927"},{"taxonomy":"product_tag","embeddable":true,"href":"https:\/\/store.evolve-fitness.eu\/es\/wp-json\/wp\/v2\/product_tag?post=15927"}],"curies":[{"name":"wp","href":"https:\/\/api.w.org\/{rel}","templated":true}]}}