{"id":15681,"date":"2024-01-29T09:05:20","date_gmt":"2024-01-29T09:05:20","guid":{"rendered":"https:\/\/store.evolve-fitness.eu\/product\/cinturon-elevador-evolve\/"},"modified":"2026-03-25T11:59:30","modified_gmt":"2026-03-25T11:59:30","slug":"cinturon-elevador-evolve","status":"publish","type":"product","link":"https:\/\/store.evolve-fitness.eu\/es\/producto\/cinturon-elevador-evolve\/","title":{"rendered":"Cintur\u00f3n elevador Evolve"},"content":{"rendered":"\n<section class=\"wp-block-group alignfull black-content has-white-color has-darkgray-background-color has-text-color has-background is-layout-constrained wp-block-group-is-layout-constrained\" style=\"padding-top:var(--wp--preset--spacing--section-bottom);padding-bottom:var(--wp--preset--spacing--section-bottom)\">\n<div class=\"wp-block-columns alignwide mobile-reverse is-layout-flex wp-container-core-columns-is-layout-ca64bf2d wp-block-columns-is-layout-flex\" style=\"margin-bottom:var(--wp--preset--spacing--side-padding)\">\n<div class=\"wp-block-column is-vertically-aligned-center is-layout-flow wp-block-column-is-layout-flow\">\n<h3 class=\"wp-block-heading\" style=\"margin-bottom:var(--wp--preset--spacing--h-3-bottom)\"><strong>Cintur\u00f3n elevador Evolve<\/strong><\/h3>\n\n\n\n<p><strong><em>Mayor apoyo al entrenamiento de fuerza<\/em><\/strong><\/p>\n\n\n\n<p style=\"margin-bottom:var(--wp--preset--spacing--tb-section-padding)\">El cintur\u00f3n de levantamiento Evolve est\u00e1 dise\u00f1ado para atletas que desean aumentar su rendimiento en el entrenamiento de fuerza y las sesiones de levantamiento. Garantiza un ajuste ce\u00f1ido a diversos tipos de cuerpo, mejorando la seguridad y la eficacia durante los entrenamientos. Tanto si levantas grandes pesos como si realizas entrenamientos intensivos, el Cintur\u00f3n de Elevaci\u00f3n Evolve es un accesorio esencial para ayudarte a conseguir tus objetivos de fitness.<\/p>\n<\/div>\n\n\n\n<div class=\"wp-block-column is-vertically-aligned-center is-layout-flow wp-block-column-is-layout-flow\">\n<figure class=\"wp-block-video\"><video autoplay=\"\" controls=\"\" loop=\"\" muted=\"\" src=\"https:\/\/evolve-fitness.eu\/wp-content\/uploads\/2024\/07\/belt.mp4\"><\/video><\/figure>\n<\/div>\n<\/div>\n\n\n\n<figure class=\"wp-block-image aligncenter size-full\"><img decoding=\"async\" src=\"https:\/\/evolve-fitness.eu\/wp-content\/uploads\/2024\/01\/EV-AC-LB-010-S-1.png\" alt=\"\" class=\"wp-image-150057\"\/><\/figure>\n\n\n\n<figure class=\"wp-block-image aligncenter size-full\"><img decoding=\"async\" src=\"https:\/\/evolve-fitness.eu\/wp-content\/uploads\/2024\/01\/EV-AC-LB-010-M-1.png\" alt=\"\" class=\"wp-image-150082\"\/><\/figure>\n\n\n\n<figure class=\"wp-block-image aligncenter size-full\"><img decoding=\"async\" src=\"https:\/\/evolve-fitness.eu\/wp-content\/uploads\/2024\/01\/EV-AC-LB-010-L-1.png\" alt=\"\" class=\"wp-image-150107\"\/><\/figure>\n<\/section>\n","protected":false},"excerpt":{"rendered":"<p>El cintur\u00f3n de levantamiento Evolve est\u00e1 dise\u00f1ado para atletas que buscan un mayor apoyo durante sus sesiones de entrenamiento de fuerza y levantamiento. Este producto forma parte de la gama de equipos de fitness funcional de Evolve. Disponible en tallas: S, M y L.<\/p>\n","protected":false},"featured_media":93739,"template":"","meta":{"_acf_changed":false,"inline_featured_image":false},"product_cat":[574,576,725],"product_tag":[],"class_list":{"0":"post-15681","1":"product","2":"type-product","3":"status-publish","4":"has-post-thumbnail","6":"product_cat-transversal-y-funcional","7":"product_cat-equipamiento-funcional","8":"product_cat-accesorios-es","10":"first","11":"instock","12":"shipping-taxable","13":"purchasable","14":"product-type-variable"},"acf":[],"_links":{"self":[{"href":"https:\/\/store.evolve-fitness.eu\/es\/wp-json\/wp\/v2\/product\/15681","targetHints":{"allow":["GET"]}}],"collection":[{"href":"https:\/\/store.evolve-fitness.eu\/es\/wp-json\/wp\/v2\/product"}],"about":[{"href":"https:\/\/store.evolve-fitness.eu\/es\/wp-json\/wp\/v2\/types\/product"}],"wp:featuredmedia":[{"embeddable":true,"href":"https:\/\/store.evolve-fitness.eu\/es\/wp-json\/wp\/v2\/media\/93739"}],"wp:attachment":[{"href":"https:\/\/store.evolve-fitness.eu\/es\/wp-json\/wp\/v2\/media?parent=15681"}],"wp:term":[{"taxonomy":"product_cat","embeddable":true,"href":"https:\/\/store.evolve-fitness.eu\/es\/wp-json\/wp\/v2\/product_cat?post=15681"},{"taxonomy":"product_tag","embeddable":true,"href":"https:\/\/store.evolve-fitness.eu\/es\/wp-json\/wp\/v2\/product_tag?post=15681"}],"curies":[{"name":"wp","href":"https:\/\/api.w.org\/{rel}","templated":true}]}}