{"id":15159,"date":"2024-01-26T15:52:11","date_gmt":"2024-01-26T15:52:11","guid":{"rendered":"https:\/\/store.evolve-fitness.eu\/product\/sistema-evolve-complete-power-rack-230-270-cm\/"},"modified":"2025-03-27T07:15:49","modified_gmt":"2025-03-27T07:15:49","slug":"sistema-evolve-complete-power-rack-230-270-cm","status":"publish","type":"product","link":"https:\/\/store.evolve-fitness.eu\/es\/producto\/sistema-evolve-complete-power-rack-230-270-cm\/","title":{"rendered":"Sistema Evolve Complete Power Rack 230 &#8211; 270 cm"},"content":{"rendered":"","protected":false},"excerpt":{"rendered":"<p>Presentamos el sistema de rack el\u00e9ctrico totalmente equipado Evolve, dise\u00f1ado para uso comercial y completo con estantes de almacenamiento para inventario y accesorios. Fabricada con precisi\u00f3n y durabilidad, esta potencia de acero de 3 mm de grosor proporciona una base s\u00f3lida para el entrenamiento de fuerza. Mejore su espacio de fitness con la comodidad de las soluciones de almacenamiento integradas y disfrute de una combinaci\u00f3n perfecta de funcionalidad y estilo. Evolve: donde la innovaci\u00f3n se une al rendimiento en el mundo de los equipos de gimnasio comerciales.<\/p>\n","protected":false},"featured_media":97291,"template":"","meta":{"_acf_changed":false,"inline_featured_image":false},"product_cat":[432,574,690],"product_tag":[],"class_list":{"0":"post-15159","1":"product","2":"type-product","3":"status-publish","4":"has-post-thumbnail","6":"product_cat-pagina-de-inicio","7":"product_cat-transversal-y-funcional","8":"product_cat-montajes-completos","10":"first","11":"outofstock","12":"shipping-taxable","13":"purchasable","14":"product-type-variable"},"acf":[],"_links":{"self":[{"href":"https:\/\/store.evolve-fitness.eu\/es\/wp-json\/wp\/v2\/product\/15159","targetHints":{"allow":["GET"]}}],"collection":[{"href":"https:\/\/store.evolve-fitness.eu\/es\/wp-json\/wp\/v2\/product"}],"about":[{"href":"https:\/\/store.evolve-fitness.eu\/es\/wp-json\/wp\/v2\/types\/product"}],"wp:featuredmedia":[{"embeddable":true,"href":"https:\/\/store.evolve-fitness.eu\/es\/wp-json\/wp\/v2\/media\/97291"}],"wp:attachment":[{"href":"https:\/\/store.evolve-fitness.eu\/es\/wp-json\/wp\/v2\/media?parent=15159"}],"wp:term":[{"taxonomy":"product_cat","embeddable":true,"href":"https:\/\/store.evolve-fitness.eu\/es\/wp-json\/wp\/v2\/product_cat?post=15159"},{"taxonomy":"product_tag","embeddable":true,"href":"https:\/\/store.evolve-fitness.eu\/es\/wp-json\/wp\/v2\/product_tag?post=15159"}],"curies":[{"name":"wp","href":"https:\/\/api.w.org\/{rel}","templated":true}]}}