{"id":14977,"date":"2024-01-26T15:37:35","date_gmt":"2024-01-26T15:37:35","guid":{"rendered":"https:\/\/store.evolve-fitness.eu\/product\/evolve-montantes-para-sistemas-de-almacenamiento-120-190-cm\/"},"modified":"2026-04-29T12:01:53","modified_gmt":"2026-04-29T12:01:53","slug":"evolve-montantes-para-sistemas-de-almacenamiento-120-190-cm","status":"publish","type":"product","link":"https:\/\/store.evolve-fitness.eu\/es\/producto\/evolve-montantes-para-sistemas-de-almacenamiento-120-190-cm\/","title":{"rendered":"Evolve Montantes Para Sistemas De Almacenamiento 120 \/ 190 cm"},"content":{"rendered":"","protected":false},"excerpt":{"rendered":"<p>Optimice su espacio de almacenamiento con los montantes Evolve para sistemas de almacenamiento en alturas de 120 cm y 190 cm. Estos robustos y vers\u00e1tiles montantes est\u00e1n dise\u00f1ados para mejorar la funcionalidad de su sistema de almacenamiento, proporcionando un soporte fiable para estantes y accesorios. Fabricados para durar, los soportes verticales Evolve se integran perfectamente en su entorno de fitness, permiti\u00e9ndole crear un espacio bien organizado y eficiente para su equipo de gimnasio. Eleve sus soluciones de almacenamiento con los soportes verticales Evolve, dise\u00f1ados para satisfacer las exigencias de un espacio de fitness din\u00e1mico y funcional.<\/p>\n","protected":false},"featured_media":15011,"template":"","meta":{"_acf_changed":false,"inline_featured_image":false},"product_cat":[674,648,432,574],"product_tag":[],"class_list":{"0":"post-14977","1":"product","2":"type-product","3":"status-publish","4":"has-post-thumbnail","6":"product_cat-almacenamiento","7":"product_cat-componentes-de-la-plataforma","8":"product_cat-pagina-de-inicio","9":"product_cat-transversal-y-funcional","11":"first","12":"instock","13":"taxable","14":"shipping-taxable","15":"purchasable","16":"product-type-variable"},"acf":[],"_links":{"self":[{"href":"https:\/\/store.evolve-fitness.eu\/es\/wp-json\/wp\/v2\/product\/14977","targetHints":{"allow":["GET"]}}],"collection":[{"href":"https:\/\/store.evolve-fitness.eu\/es\/wp-json\/wp\/v2\/product"}],"about":[{"href":"https:\/\/store.evolve-fitness.eu\/es\/wp-json\/wp\/v2\/types\/product"}],"wp:featuredmedia":[{"embeddable":true,"href":"https:\/\/store.evolve-fitness.eu\/es\/wp-json\/wp\/v2\/media\/15011"}],"wp:attachment":[{"href":"https:\/\/store.evolve-fitness.eu\/es\/wp-json\/wp\/v2\/media?parent=14977"}],"wp:term":[{"taxonomy":"product_cat","embeddable":true,"href":"https:\/\/store.evolve-fitness.eu\/es\/wp-json\/wp\/v2\/product_cat?post=14977"},{"taxonomy":"product_tag","embeddable":true,"href":"https:\/\/store.evolve-fitness.eu\/es\/wp-json\/wp\/v2\/product_tag?post=14977"}],"curies":[{"name":"wp","href":"https:\/\/api.w.org\/{rel}","templated":true}]}}