{"id":14891,"date":"2024-01-26T14:48:26","date_gmt":"2024-01-26T14:48:26","guid":{"rendered":"https:\/\/store.evolve-fitness.eu\/product\/esfera-colgante-evolve-70-100-mm\/"},"modified":"2025-11-07T11:54:22","modified_gmt":"2025-11-07T11:54:22","slug":"esfera-colgante-evolve-70-100-mm","status":"publish","type":"product","link":"https:\/\/store.evolve-fitness.eu\/es\/producto\/esfera-colgante-evolve-70-100-mm\/","title":{"rendered":"Esfera colgante Evolve 70 &#8211; 100 mm"},"content":{"rendered":"","protected":false},"excerpt":{"rendered":"<p>Eleva tu juego de dominadas con el set Evolve Hanging Pull-Up Sphere, que incluye bolas de 70 mm y 100 mm dise\u00f1adas para mejorar el agarre de la mano durante las dominadas. Espec\u00edficamente dise\u00f1adas para deportes que exigen un agarre fuerte, como la escalada y el levantamiento de pesas, estas esferas proporcionan una forma \u00fanica y eficaz de entrenar la fuerza de agarre y ejercitar los m\u00fasculos del antebrazo. Las bandas Evolve, aseguradas con robustos ganchos de hierro, hacen que la fijaci\u00f3n a la barra se realice sin esfuerzo. Al incorporar estas esferas a tu rutina de dominadas, no s\u00f3lo mejoras la fuerza de agarre, sino que tambi\u00e9n te diriges a los antebrazos de una manera distintiva, promoviendo una mayor fuerza y control. Para aquellos que buscan un m\u00e9todo eficaz para potenciar los m\u00fasculos de agarre y antebrazo, la Esfera de Pull-Up Colgante Evolve es la soluci\u00f3n de fitness ideal.<\/p>\n","protected":false},"featured_media":97947,"template":"","meta":{"_acf_changed":false,"inline_featured_image":false},"product_cat":[432,574,648,651],"product_tag":[],"class_list":{"0":"post-14891","1":"product","2":"type-product","3":"status-publish","4":"has-post-thumbnail","6":"product_cat-pagina-de-inicio","7":"product_cat-transversal-y-funcional","8":"product_cat-componentes-de-la-plataforma","9":"product_cat-accesorios","11":"first","12":"outofstock","13":"shipping-taxable","14":"purchasable","15":"product-type-variable"},"acf":[],"_links":{"self":[{"href":"https:\/\/store.evolve-fitness.eu\/es\/wp-json\/wp\/v2\/product\/14891","targetHints":{"allow":["GET"]}}],"collection":[{"href":"https:\/\/store.evolve-fitness.eu\/es\/wp-json\/wp\/v2\/product"}],"about":[{"href":"https:\/\/store.evolve-fitness.eu\/es\/wp-json\/wp\/v2\/types\/product"}],"wp:featuredmedia":[{"embeddable":true,"href":"https:\/\/store.evolve-fitness.eu\/es\/wp-json\/wp\/v2\/media\/97947"}],"wp:attachment":[{"href":"https:\/\/store.evolve-fitness.eu\/es\/wp-json\/wp\/v2\/media?parent=14891"}],"wp:term":[{"taxonomy":"product_cat","embeddable":true,"href":"https:\/\/store.evolve-fitness.eu\/es\/wp-json\/wp\/v2\/product_cat?post=14891"},{"taxonomy":"product_tag","embeddable":true,"href":"https:\/\/store.evolve-fitness.eu\/es\/wp-json\/wp\/v2\/product_tag?post=14891"}],"curies":[{"name":"wp","href":"https:\/\/api.w.org\/{rel}","templated":true}]}}