{"id":14779,"date":"2023-09-21T13:03:11","date_gmt":"2023-09-21T13:03:11","guid":{"rendered":"https:\/\/store.evolve-fitness.eu\/product\/pelota-de-pilates-evolve-25cm\/"},"modified":"2025-03-07T09:40:11","modified_gmt":"2025-03-07T09:40:11","slug":"pelota-de-pilates-evolve-25cm","status":"publish","type":"product","link":"https:\/\/store.evolve-fitness.eu\/es\/producto\/pelota-de-pilates-evolve-25cm\/","title":{"rendered":"Pelota de Pilates Evolve &#8211; 25cm"},"content":{"rendered":"\n<section class=\"wp-block-group alignfull has-lightgray-background-color has-background is-layout-constrained wp-block-group-is-layout-constrained\">\n<div class=\"wp-block-columns alignwide is-layout-flex wp-container-core-columns-is-layout-2edb0647 wp-block-columns-is-layout-flex\" style=\"margin-top:0;margin-bottom:0\">\n<div class=\"wp-block-column is-layout-flow wp-block-column-is-layout-flow\" style=\"flex-basis:33.33%\"><\/div>\n\n\n\n<div class=\"wp-block-column is-layout-flow wp-block-column-is-layout-flow\" style=\"flex-basis:66.66%\"><\/div>\n<\/div>\n<\/section>\n","protected":false},"excerpt":{"rendered":"<p>Eleva tu forma f\u00edsica con la Pelota de Pilates Evolve &#8211; 25 cm. Descubre el compa\u00f1ero de fitness definitivo: nuestra Pelota de Pilates de 25 cm. Fortalece el tronco, mejora el equilibrio y aumenta la flexibilidad. Fabricado con PVC resistente, es perfecto para todos los niveles de forma f\u00edsica. Compacta, vers\u00e1til y dise\u00f1ada para el \u00e9xito. Mejora tus entrenamientos hoy mismo con Evolve.<\/p>\n","protected":false},"featured_media":90225,"template":"","meta":{"_acf_changed":false,"inline_featured_image":false},"product_cat":[536],"product_tag":[],"class_list":{"0":"post-14779","1":"product","2":"type-product","3":"status-publish","4":"has-post-thumbnail","6":"product_cat-estudio-es","8":"first","9":"instock","10":"shipping-taxable","11":"purchasable","12":"product-type-simple"},"acf":[],"_links":{"self":[{"href":"https:\/\/store.evolve-fitness.eu\/es\/wp-json\/wp\/v2\/product\/14779","targetHints":{"allow":["GET"]}}],"collection":[{"href":"https:\/\/store.evolve-fitness.eu\/es\/wp-json\/wp\/v2\/product"}],"about":[{"href":"https:\/\/store.evolve-fitness.eu\/es\/wp-json\/wp\/v2\/types\/product"}],"wp:featuredmedia":[{"embeddable":true,"href":"https:\/\/store.evolve-fitness.eu\/es\/wp-json\/wp\/v2\/media\/90225"}],"wp:attachment":[{"href":"https:\/\/store.evolve-fitness.eu\/es\/wp-json\/wp\/v2\/media?parent=14779"}],"wp:term":[{"taxonomy":"product_cat","embeddable":true,"href":"https:\/\/store.evolve-fitness.eu\/es\/wp-json\/wp\/v2\/product_cat?post=14779"},{"taxonomy":"product_tag","embeddable":true,"href":"https:\/\/store.evolve-fitness.eu\/es\/wp-json\/wp\/v2\/product_tag?post=14779"}],"curies":[{"name":"wp","href":"https:\/\/api.w.org\/{rel}","templated":true}]}}