{"id":14771,"date":"2024-01-26T14:28:04","date_gmt":"2024-01-26T14:28:04","guid":{"rendered":"https:\/\/store.evolve-fitness.eu\/product\/cinturon-de-sentadillas-evolve\/"},"modified":"2024-08-06T12:58:01","modified_gmt":"2024-08-06T12:58:01","slug":"cinturon-de-sentadillas-evolve","status":"publish","type":"product","link":"https:\/\/store.evolve-fitness.eu\/es\/producto\/cinturon-de-sentadillas-evolve\/","title":{"rendered":"Cintur\u00f3n de sentadillas Evolve"},"content":{"rendered":"","protected":false},"excerpt":{"rendered":"<p>Mejora tu rutina de ejercicios con el accesorio para sentadillas del cintur\u00f3n Evolve, dise\u00f1ado para acoplarse sin problemas a cualquier vertical.<br \/>\nExperimenta la facilidad del plegado autom\u00e1tico del soporte al iniciar el ejercicio, seguido de un plegado sin esfuerzo para guardarlo c\u00f3modamente despu\u00e9s del entrenamiento.<br \/>\nEste vers\u00e1til accesorio, compatible con todos los platos de pesas ol\u00edmpicos con un di\u00e1metro de orificio de 50 mm, ofrece una soluci\u00f3n que ahorra espacio para un entrenamiento eficaz en casa o en el gimnasio.<br \/>\nEleva tu forma f\u00edsica con el accesorio para sentadillas Evolve Belt, que combina funcionalidad y sentido pr\u00e1ctico para una experiencia de entrenamiento din\u00e1mica.     <\/p>\n","protected":false},"featured_media":14783,"template":"","meta":{"_acf_changed":false,"inline_featured_image":false},"product_cat":[432,574,648,651],"product_tag":[],"class_list":{"0":"post-14771","1":"product","2":"type-product","3":"status-publish","4":"has-post-thumbnail","6":"product_cat-pagina-de-inicio","7":"product_cat-transversal-y-funcional","8":"product_cat-componentes-de-la-plataforma","9":"product_cat-accesorios","11":"first","12":"instock","13":"shipping-taxable","14":"purchasable","15":"product-type-simple"},"acf":[],"_links":{"self":[{"href":"https:\/\/store.evolve-fitness.eu\/es\/wp-json\/wp\/v2\/product\/14771","targetHints":{"allow":["GET"]}}],"collection":[{"href":"https:\/\/store.evolve-fitness.eu\/es\/wp-json\/wp\/v2\/product"}],"about":[{"href":"https:\/\/store.evolve-fitness.eu\/es\/wp-json\/wp\/v2\/types\/product"}],"wp:featuredmedia":[{"embeddable":true,"href":"https:\/\/store.evolve-fitness.eu\/es\/wp-json\/wp\/v2\/media\/14783"}],"wp:attachment":[{"href":"https:\/\/store.evolve-fitness.eu\/es\/wp-json\/wp\/v2\/media?parent=14771"}],"wp:term":[{"taxonomy":"product_cat","embeddable":true,"href":"https:\/\/store.evolve-fitness.eu\/es\/wp-json\/wp\/v2\/product_cat?post=14771"},{"taxonomy":"product_tag","embeddable":true,"href":"https:\/\/store.evolve-fitness.eu\/es\/wp-json\/wp\/v2\/product_tag?post=14771"}],"curies":[{"name":"wp","href":"https:\/\/api.w.org\/{rel}","templated":true}]}}