{"id":146863,"date":"2025-10-14T14:42:45","date_gmt":"2025-10-14T11:42:45","guid":{"rendered":"https:\/\/store.evolve-fitness.eu\/product\/evolve-econ-series-tira-hacia-abajo-de-piernas-con-placa-ec-050\/"},"modified":"2025-10-14T14:42:45","modified_gmt":"2025-10-14T14:42:45","slug":"evolve-econ-series-tira-hacia-abajo-de-piernas-con-placa-ec-050","status":"publish","type":"product","link":"https:\/\/store.evolve-fitness.eu\/es\/producto\/evolve-econ-series-tira-hacia-abajo-de-piernas-con-placa-ec-050\/","title":{"rendered":"Evolve Econ Series Tira hacia abajo de piernas con placa (EC-050)"},"content":{"rendered":"","protected":false},"excerpt":{"rendered":"<p>La m\u00e1quina Evolve Econ Series Plate Loaded Lat Pulldown est\u00e1 dise\u00f1ada para desarrollar y fortalecer el dorsal ancho, los b\u00edceps y los m\u00fasculos de la parte superior de la espalda con una resistencia suave y constante. Su mecanismo de carga por placas garantiza una f\u00e1cil personalizaci\u00f3n de la carga, mientras que el asiento ergon\u00f3mico y las almohadillas para los muslos proporcionan comodidad y estabilidad durante los entrenamientos intensos. Construida para ofrecer durabilidad y rendimiento, es ideal para espacios de entrenamiento comerciales y profesionales.  <\/p>\n","protected":false},"featured_media":146870,"template":"","meta":{"_acf_changed":false,"inline_featured_image":false},"product_cat":[754,1179],"product_tag":[],"class_list":{"0":"post-146863","1":"product","2":"type-product","3":"status-publish","4":"has-post-thumbnail","6":"product_cat-maquinas-de-carga-de-placas","7":"product_cat-econ-series-placa-cargada","9":"first","10":"instock","11":"shipping-taxable","12":"purchasable","13":"product-type-simple"},"acf":[],"_links":{"self":[{"href":"https:\/\/store.evolve-fitness.eu\/es\/wp-json\/wp\/v2\/product\/146863","targetHints":{"allow":["GET"]}}],"collection":[{"href":"https:\/\/store.evolve-fitness.eu\/es\/wp-json\/wp\/v2\/product"}],"about":[{"href":"https:\/\/store.evolve-fitness.eu\/es\/wp-json\/wp\/v2\/types\/product"}],"wp:featuredmedia":[{"embeddable":true,"href":"https:\/\/store.evolve-fitness.eu\/es\/wp-json\/wp\/v2\/media\/146870"}],"wp:attachment":[{"href":"https:\/\/store.evolve-fitness.eu\/es\/wp-json\/wp\/v2\/media?parent=146863"}],"wp:term":[{"taxonomy":"product_cat","embeddable":true,"href":"https:\/\/store.evolve-fitness.eu\/es\/wp-json\/wp\/v2\/product_cat?post=146863"},{"taxonomy":"product_tag","embeddable":true,"href":"https:\/\/store.evolve-fitness.eu\/es\/wp-json\/wp\/v2\/product_tag?post=146863"}],"curies":[{"name":"wp","href":"https:\/\/api.w.org\/{rel}","templated":true}]}}