{"id":146845,"date":"2025-10-14T14:25:55","date_gmt":"2025-10-14T11:25:55","guid":{"rendered":"https:\/\/store.evolve-fitness.eu\/product\/prensa-pectoral-con-placa-evolve-econ-series-ec-035\/"},"modified":"2025-10-14T14:25:55","modified_gmt":"2025-10-14T14:25:55","slug":"prensa-pectoral-con-placa-evolve-econ-series-ec-035","status":"publish","type":"product","link":"https:\/\/store.evolve-fitness.eu\/es\/producto\/prensa-pectoral-con-placa-evolve-econ-series-ec-035\/","title":{"rendered":"Prensa pectoral con placa Evolve Econ Series (EC-035)"},"content":{"rendered":"","protected":false},"excerpt":{"rendered":"<p>La prensa pectoral de placas Evolve Econ Series est\u00e1 dise\u00f1ada para un entrenamiento eficaz de la fuerza de la parte superior del cuerpo, centr\u00e1ndose en los m\u00fasculos pectorales, tr\u00edceps y hombros. Su dise\u00f1o cargado con placas proporciona un movimiento de prensado suave y natural, mientras que el asiento ergon\u00f3mico y la alineaci\u00f3n de las asas garantizan una comodidad y estabilidad \u00f3ptimas. Dise\u00f1ada para ofrecer durabilidad y un rendimiento constante, es adecuada tanto para uso comercial como en gimnasios dom\u00e9sticos.  <\/p>\n","protected":false},"featured_media":146846,"template":"","meta":{"_acf_changed":false,"inline_featured_image":false},"product_cat":[754,1179],"product_tag":[],"class_list":{"0":"post-146845","1":"product","2":"type-product","3":"status-publish","4":"has-post-thumbnail","6":"product_cat-maquinas-de-carga-de-placas","7":"product_cat-econ-series-placa-cargada","9":"first","10":"instock","11":"shipping-taxable","12":"purchasable","13":"product-type-simple"},"acf":[],"_links":{"self":[{"href":"https:\/\/store.evolve-fitness.eu\/es\/wp-json\/wp\/v2\/product\/146845","targetHints":{"allow":["GET"]}}],"collection":[{"href":"https:\/\/store.evolve-fitness.eu\/es\/wp-json\/wp\/v2\/product"}],"about":[{"href":"https:\/\/store.evolve-fitness.eu\/es\/wp-json\/wp\/v2\/types\/product"}],"wp:featuredmedia":[{"embeddable":true,"href":"https:\/\/store.evolve-fitness.eu\/es\/wp-json\/wp\/v2\/media\/146846"}],"wp:attachment":[{"href":"https:\/\/store.evolve-fitness.eu\/es\/wp-json\/wp\/v2\/media?parent=146845"}],"wp:term":[{"taxonomy":"product_cat","embeddable":true,"href":"https:\/\/store.evolve-fitness.eu\/es\/wp-json\/wp\/v2\/product_cat?post=146845"},{"taxonomy":"product_tag","embeddable":true,"href":"https:\/\/store.evolve-fitness.eu\/es\/wp-json\/wp\/v2\/product_tag?post=146845"}],"curies":[{"name":"wp","href":"https:\/\/api.w.org\/{rel}","templated":true}]}}