{"id":146700,"date":"2025-10-13T11:25:30","date_gmt":"2025-10-13T11:25:30","guid":{"rendered":"https:\/\/store.evolve-fitness.eu\/product\/evolve-body-pump-rack-20-uds-pr-250\/"},"modified":"2026-03-11T12:00:54","modified_gmt":"2026-03-11T12:00:54","slug":"evolve-body-pump-rack-20-uds-pr-250","status":"publish","type":"product","link":"https:\/\/store.evolve-fitness.eu\/es\/producto\/evolve-body-pump-rack-20-uds-pr-250\/","title":{"rendered":"Evolve Body-Pump Rack &#8211; 20 uds (PR-250)"},"content":{"rendered":"\n<section class=\"wp-block-group alignfull black-content has-white-color has-darkgray-background-color has-text-color has-background is-layout-constrained wp-block-group-is-layout-constrained\" style=\"padding-top:var(--wp--preset--spacing--section-bottom);padding-bottom:var(--wp--preset--spacing--section-bottom)\">\n<div class=\"wp-block-columns alignwide mobile-reverse is-layout-flex wp-container-core-columns-is-layout-ca64bf2d wp-block-columns-is-layout-flex\" style=\"margin-bottom:var(--wp--preset--spacing--side-padding)\">\n<div class=\"wp-block-column is-vertically-aligned-center is-layout-flow wp-block-column-is-layout-flow\">\n<h3 class=\"wp-block-heading\" style=\"margin-bottom:var(--wp--preset--spacing--h-3-bottom)\"><strong><strong><strong><strong><strong><strong><strong><strong><strong>Objetivo y funci\u00f3n<\/strong><\/strong><\/strong><\/strong><\/strong><\/strong><\/strong><\/strong><\/strong><\/h3>\n\n\n\n<p>La estanter\u00eda Evolve Body-Pump est\u00e1 dise\u00f1ada para almacenar y organizar hasta <strong>20 conjuntos completos de Body Pump<\/strong> (barras con placas de pesas). Garantiza un entorno de entrenamiento ordenado y eficaz, permitiendo a los usuarios acceder r\u00e1pidamente al equipo durante las clases de fitness en grupo. <\/p>\n<\/div>\n\n\n\n<div class=\"wp-block-column is-vertically-aligned-center is-layout-flow wp-block-column-is-layout-flow\">\n<figure class=\"wp-block-image size-full is-resized\"><img decoding=\"async\" src=\"https:\/\/evolve-fitness.eu\/wp-content\/uploads\/2025\/10\/EV-SC-PR-250.png\" alt=\"\" class=\"wp-image-211103\" style=\"width:660px;height:auto\"\/><\/figure>\n<\/div>\n<\/div>\n\n\n\n<div class=\"wp-block-columns alignwide is-layout-flex wp-container-core-columns-is-layout-c45ee707 wp-block-columns-is-layout-flex\" style=\"margin-bottom:var(--wp--preset--spacing--side-padding);padding-top:var(--wp--preset--spacing--side-padding)\">\n<div class=\"wp-block-column is-vertically-aligned-center is-layout-flow wp-block-column-is-layout-flow\">\n<figure class=\"wp-block-image size-full\"><img decoding=\"async\" src=\"https:\/\/evolve-fitness.eu\/wp-content\/uploads\/2025\/10\/Heading-5-1.png\" alt=\"\" class=\"wp-image-211130\"\/><\/figure>\n<\/div>\n\n\n\n<div class=\"wp-block-column is-vertically-aligned-center is-layout-constrained wp-block-column-is-layout-constrained\">\n<h3 class=\"wp-block-heading\" style=\"margin-bottom:var(--wp--preset--spacing--h-3-bottom)\"><strong><strong><strong><strong><strong><strong><strong><strong><strong><strong>Construcci\u00f3n y materiales<\/strong><\/strong><\/strong><\/strong><\/strong><\/strong><\/strong><\/strong><\/strong><\/strong><\/h3>\n\n\n\n<p>La estanter\u00eda est\u00e1 construida con <strong>acero duradero<\/strong>, que proporciona una excelente estabilidad y resistencia a largo plazo.<br\/>Todos los elementos de conexi\u00f3n est\u00e1n reforzados para un rendimiento fiable, mientras que el <strong>acabado con recubrimiento de polvo<\/strong> protege contra la corrosi\u00f3n y el desgaste.<br\/>Los soportes laterales y las barras de apoyo est\u00e1n cuidadosamente colocados para mantener las barras y las placas firmemente en su sitio.<\/p>\n<\/div>\n<\/div>\n\n\n\n<p class=\"has-text-align-center has-medium-2-font-size\" style=\"padding-top:var(--wp--preset--spacing--tb-padding);padding-bottom:var(--wp--preset--spacing--tb-padding)\"><\/p>\n<\/section>\n","protected":false},"excerpt":{"rendered":"<p>La estanter\u00eda Evolve Body-Pump &#8211; 20 unidades es una soluci\u00f3n de almacenamiento profesional dise\u00f1ada para organizar hasta veinte conjuntos completos de Body Pump, incluidas barras y placas de pesas. Fabricado en acero duradero con un acabado de pintura en polvo resistente a la corrosi\u00f3n, garantiza una estabilidad y fiabilidad duraderas tanto en entornos comerciales como de entrenamiento en grupo. La estanter\u00eda cuenta con soportes bien espaciados que permiten un acceso r\u00e1pido y f\u00e1cil a cada conjunto, manteniendo al mismo tiempo una zona de entrenamiento limpia y organizada. Con su robusta construcci\u00f3n y su elegante dise\u00f1o, el soporte para Body-Pump Evolve maximiza la eficiencia del espacio, mejora la seguridad y a\u00f1ade un aspecto profesional a cualquier gimnasio.   <\/p>\n<p>\n","protected":false},"featured_media":146703,"template":"","meta":{"_acf_changed":false,"inline_featured_image":false},"product_cat":[983,984],"product_tag":[2396,2397],"class_list":{"0":"post-146700","1":"product","2":"type-product","3":"status-publish","4":"has-post-thumbnail","6":"product_cat-pesos-libres","7":"product_cat-estanterias-y-soluciones-de-almacenamiento","8":"product_tag-bastidor","9":"product_tag-estanteria-20-uds","11":"first","12":"instock","13":"shipping-taxable","14":"purchasable","15":"product-type-simple"},"acf":[],"_links":{"self":[{"href":"https:\/\/store.evolve-fitness.eu\/es\/wp-json\/wp\/v2\/product\/146700","targetHints":{"allow":["GET"]}}],"collection":[{"href":"https:\/\/store.evolve-fitness.eu\/es\/wp-json\/wp\/v2\/product"}],"about":[{"href":"https:\/\/store.evolve-fitness.eu\/es\/wp-json\/wp\/v2\/types\/product"}],"wp:featuredmedia":[{"embeddable":true,"href":"https:\/\/store.evolve-fitness.eu\/es\/wp-json\/wp\/v2\/media\/146703"}],"wp:attachment":[{"href":"https:\/\/store.evolve-fitness.eu\/es\/wp-json\/wp\/v2\/media?parent=146700"}],"wp:term":[{"taxonomy":"product_cat","embeddable":true,"href":"https:\/\/store.evolve-fitness.eu\/es\/wp-json\/wp\/v2\/product_cat?post=146700"},{"taxonomy":"product_tag","embeddable":true,"href":"https:\/\/store.evolve-fitness.eu\/es\/wp-json\/wp\/v2\/product_tag?post=146700"}],"curies":[{"name":"wp","href":"https:\/\/api.w.org\/{rel}","templated":true}]}}