{"id":146635,"date":"2025-10-14T16:12:42","date_gmt":"2025-10-14T13:12:42","guid":{"rendered":"https:\/\/store.evolve-fitness.eu\/product\/empuje-de-cadera-con-placa-evolve-serie-econ-ec-130\/"},"modified":"2025-10-14T16:12:42","modified_gmt":"2025-10-14T16:12:42","slug":"empuje-de-cadera-con-placa-evolve-serie-econ-ec-130","status":"publish","type":"product","link":"https:\/\/store.evolve-fitness.eu\/es\/producto\/empuje-de-cadera-con-placa-evolve-serie-econ-ec-130\/","title":{"rendered":"Empuje de cadera con placa Evolve Serie Econ (EC-130)"},"content":{"rendered":"","protected":false},"excerpt":{"rendered":"<p>La serie Evolve Econ de empuje de cadera con carga de placas est\u00e1 dise\u00f1ada para trabajar y fortalecer eficazmente los gl\u00fateos, los isquiotibiales y el tronco mediante un movimiento de elevaci\u00f3n seguro y controlado. Su sistema de resistencia con placas permite un ajuste suave de la carga, mientras que la plataforma ergon\u00f3mica acolchada y la colocaci\u00f3n ajustable de los pies garantizan comodidad y estabilidad. Construida para ofrecer durabilidad y un rendimiento constante, es ideal para entornos de entrenamiento de fuerza profesionales y comerciales.  <\/p>\n<p>\n","protected":false},"featured_media":146655,"template":"","meta":{"_acf_changed":false,"inline_featured_image":false},"product_cat":[754,1179],"product_tag":[],"class_list":{"0":"post-146635","1":"product","2":"type-product","3":"status-publish","4":"has-post-thumbnail","6":"product_cat-maquinas-de-carga-de-placas","7":"product_cat-econ-series-placa-cargada","9":"first","10":"instock","11":"shipping-taxable","12":"purchasable","13":"product-type-simple"},"acf":[],"_links":{"self":[{"href":"https:\/\/store.evolve-fitness.eu\/es\/wp-json\/wp\/v2\/product\/146635","targetHints":{"allow":["GET"]}}],"collection":[{"href":"https:\/\/store.evolve-fitness.eu\/es\/wp-json\/wp\/v2\/product"}],"about":[{"href":"https:\/\/store.evolve-fitness.eu\/es\/wp-json\/wp\/v2\/types\/product"}],"wp:featuredmedia":[{"embeddable":true,"href":"https:\/\/store.evolve-fitness.eu\/es\/wp-json\/wp\/v2\/media\/146655"}],"wp:attachment":[{"href":"https:\/\/store.evolve-fitness.eu\/es\/wp-json\/wp\/v2\/media?parent=146635"}],"wp:term":[{"taxonomy":"product_cat","embeddable":true,"href":"https:\/\/store.evolve-fitness.eu\/es\/wp-json\/wp\/v2\/product_cat?post=146635"},{"taxonomy":"product_tag","embeddable":true,"href":"https:\/\/store.evolve-fitness.eu\/es\/wp-json\/wp\/v2\/product_tag?post=146635"}],"curies":[{"name":"wp","href":"https:\/\/api.w.org\/{rel}","templated":true}]}}