{"id":146609,"date":"2025-10-14T16:23:16","date_gmt":"2025-10-14T13:23:16","guid":{"rendered":"https:\/\/store.evolve-fitness.eu\/product\/sentadilla-con-cinturon-y-placa-evolve-econ-series-ec-140\/"},"modified":"2025-10-14T16:23:16","modified_gmt":"2025-10-14T16:23:16","slug":"sentadilla-con-cinturon-y-placa-evolve-econ-series-ec-140","status":"publish","type":"product","link":"https:\/\/store.evolve-fitness.eu\/es\/producto\/sentadilla-con-cinturon-y-placa-evolve-econ-series-ec-140\/","title":{"rendered":"Sentadilla con cintur\u00f3n y placa Evolve Econ Series (EC-140)"},"content":{"rendered":"","protected":false},"excerpt":{"rendered":"<p>La Sentadilla con Cintur\u00f3n Cargado con Placa Evolve Econ Series est\u00e1 dise\u00f1ada para desarrollar la fuerza de la parte inferior del cuerpo minimizando la carga sobre la columna vertebral. Su sistema de placas proporciona una resistencia suave y ajustable, que permite a los usuarios trabajar eficazmente los cu\u00e1driceps, isquiotibiales y gl\u00fateos. Con una plataforma estable y un sistema de cintur\u00f3n ergon\u00f3mico, garantiza comodidad, seguridad y un rendimiento constante, por lo que es ideal para entornos de entrenamiento comerciales y profesionales.  <\/p>\n<p>\n","protected":false},"featured_media":146629,"template":"","meta":{"_acf_changed":false,"inline_featured_image":false},"product_cat":[754,1179],"product_tag":[],"class_list":{"0":"post-146609","1":"product","2":"type-product","3":"status-publish","4":"has-post-thumbnail","6":"product_cat-maquinas-de-carga-de-placas","7":"product_cat-econ-series-placa-cargada","9":"first","10":"instock","11":"shipping-taxable","12":"purchasable","13":"product-type-simple"},"acf":[],"_links":{"self":[{"href":"https:\/\/store.evolve-fitness.eu\/es\/wp-json\/wp\/v2\/product\/146609","targetHints":{"allow":["GET"]}}],"collection":[{"href":"https:\/\/store.evolve-fitness.eu\/es\/wp-json\/wp\/v2\/product"}],"about":[{"href":"https:\/\/store.evolve-fitness.eu\/es\/wp-json\/wp\/v2\/types\/product"}],"wp:featuredmedia":[{"embeddable":true,"href":"https:\/\/store.evolve-fitness.eu\/es\/wp-json\/wp\/v2\/media\/146629"}],"wp:attachment":[{"href":"https:\/\/store.evolve-fitness.eu\/es\/wp-json\/wp\/v2\/media?parent=146609"}],"wp:term":[{"taxonomy":"product_cat","embeddable":true,"href":"https:\/\/store.evolve-fitness.eu\/es\/wp-json\/wp\/v2\/product_cat?post=146609"},{"taxonomy":"product_tag","embeddable":true,"href":"https:\/\/store.evolve-fitness.eu\/es\/wp-json\/wp\/v2\/product_tag?post=146609"}],"curies":[{"name":"wp","href":"https:\/\/api.w.org\/{rel}","templated":true}]}}