{"id":146511,"date":"2025-10-14T16:05:36","date_gmt":"2025-10-14T13:05:36","guid":{"rendered":"https:\/\/store.evolve-fitness.eu\/product\/prensa-vertical-de-piernas-con-placas-evolve-econ-series-ec-120\/"},"modified":"2025-10-14T16:05:36","modified_gmt":"2025-10-14T16:05:36","slug":"prensa-vertical-de-piernas-con-placas-evolve-econ-series-ec-120","status":"publish","type":"product","link":"https:\/\/store.evolve-fitness.eu\/es\/producto\/prensa-vertical-de-piernas-con-placas-evolve-econ-series-ec-120\/","title":{"rendered":"Prensa vertical de piernas con placas Evolve Econ Series (EC-120)"},"content":{"rendered":"","protected":false},"excerpt":{"rendered":"<p>La prensa de piernas vertical con carga de placas Evolve Econ Series est\u00e1 dise\u00f1ada para maximizar la fuerza de la parte inferior del cuerpo, centr\u00e1ndose en los cu\u00e1driceps, isquiotibiales y gl\u00fateos. Su dise\u00f1o vertical proporciona un movimiento de prensado natural y eficaz con una distribuci\u00f3n \u00f3ptima de la carga, mientras que el sistema de placas garantiza un ajuste suave de la resistencia. Construido con materiales resistentes para mayor durabilidad y estabilidad, es ideal para entornos de gimnasio comerciales y profesionales.  <\/p>\n<p>\n","protected":false},"featured_media":146513,"template":"","meta":{"_acf_changed":false,"inline_featured_image":false},"product_cat":[754,1179],"product_tag":[],"class_list":{"0":"post-146511","1":"product","2":"type-product","3":"status-publish","4":"has-post-thumbnail","6":"product_cat-maquinas-de-carga-de-placas","7":"product_cat-econ-series-placa-cargada","9":"first","10":"instock","11":"shipping-taxable","12":"purchasable","13":"product-type-simple"},"acf":[],"_links":{"self":[{"href":"https:\/\/store.evolve-fitness.eu\/es\/wp-json\/wp\/v2\/product\/146511","targetHints":{"allow":["GET"]}}],"collection":[{"href":"https:\/\/store.evolve-fitness.eu\/es\/wp-json\/wp\/v2\/product"}],"about":[{"href":"https:\/\/store.evolve-fitness.eu\/es\/wp-json\/wp\/v2\/types\/product"}],"wp:featuredmedia":[{"embeddable":true,"href":"https:\/\/store.evolve-fitness.eu\/es\/wp-json\/wp\/v2\/media\/146513"}],"wp:attachment":[{"href":"https:\/\/store.evolve-fitness.eu\/es\/wp-json\/wp\/v2\/media?parent=146511"}],"wp:term":[{"taxonomy":"product_cat","embeddable":true,"href":"https:\/\/store.evolve-fitness.eu\/es\/wp-json\/wp\/v2\/product_cat?post=146511"},{"taxonomy":"product_tag","embeddable":true,"href":"https:\/\/store.evolve-fitness.eu\/es\/wp-json\/wp\/v2\/product_tag?post=146511"}],"curies":[{"name":"wp","href":"https:\/\/api.w.org\/{rel}","templated":true}]}}