{"id":146474,"date":"2025-10-14T15:43:43","date_gmt":"2025-10-14T12:43:43","guid":{"rendered":"https:\/\/store.evolve-fitness.eu\/product\/extension-de-piernas-en-posicion-sentada-evolve-econ-series-ec-100\/"},"modified":"2025-10-14T15:43:43","modified_gmt":"2025-10-14T15:43:43","slug":"extension-de-piernas-en-posicion-sentada-evolve-econ-series-ec-100","status":"publish","type":"product","link":"https:\/\/store.evolve-fitness.eu\/es\/producto\/extension-de-piernas-en-posicion-sentada-evolve-econ-series-ec-100\/","title":{"rendered":"Extensi\u00f3n de piernas en posici\u00f3n sentada Evolve Econ Series (EC-100)"},"content":{"rendered":"","protected":false},"excerpt":{"rendered":"<p>La Extensi\u00f3n de Pierna Sentada con Placa de la Serie Evolve Econ est\u00e1 dise\u00f1ada para aislar y fortalecer los cu\u00e1driceps con un movimiento de elevaci\u00f3n suave y controlado. Su sistema de resistencia con placas garantiza un ajuste preciso de la carga, mientras que el asiento ergon\u00f3mico y las almohadillas para las piernas proporcionan una comodidad y un apoyo \u00f3ptimos. Fabricada para ofrecer durabilidad y un rendimiento constante, es una opci\u00f3n fiable para gimnasios comerciales y profesionales.  <\/p>\n","protected":false},"featured_media":146475,"template":"","meta":{"_acf_changed":false,"inline_featured_image":false},"product_cat":[754,1179],"product_tag":[],"class_list":{"0":"post-146474","1":"product","2":"type-product","3":"status-publish","4":"has-post-thumbnail","6":"product_cat-maquinas-de-carga-de-placas","7":"product_cat-econ-series-placa-cargada","9":"first","10":"instock","11":"shipping-taxable","12":"purchasable","13":"product-type-simple"},"acf":[],"_links":{"self":[{"href":"https:\/\/store.evolve-fitness.eu\/es\/wp-json\/wp\/v2\/product\/146474","targetHints":{"allow":["GET"]}}],"collection":[{"href":"https:\/\/store.evolve-fitness.eu\/es\/wp-json\/wp\/v2\/product"}],"about":[{"href":"https:\/\/store.evolve-fitness.eu\/es\/wp-json\/wp\/v2\/types\/product"}],"wp:featuredmedia":[{"embeddable":true,"href":"https:\/\/store.evolve-fitness.eu\/es\/wp-json\/wp\/v2\/media\/146475"}],"wp:attachment":[{"href":"https:\/\/store.evolve-fitness.eu\/es\/wp-json\/wp\/v2\/media?parent=146474"}],"wp:term":[{"taxonomy":"product_cat","embeddable":true,"href":"https:\/\/store.evolve-fitness.eu\/es\/wp-json\/wp\/v2\/product_cat?post=146474"},{"taxonomy":"product_tag","embeddable":true,"href":"https:\/\/store.evolve-fitness.eu\/es\/wp-json\/wp\/v2\/product_tag?post=146474"}],"curies":[{"name":"wp","href":"https:\/\/api.w.org\/{rel}","templated":true}]}}