{"id":146352,"date":"2025-10-14T15:15:24","date_gmt":"2025-10-14T12:15:24","guid":{"rendered":"https:\/\/store.evolve-fitness.eu\/product\/remo-con-barra-en-t-cargado-con-placas-evolve-serie-econ-ec-070\/"},"modified":"2025-10-14T15:15:24","modified_gmt":"2025-10-14T15:15:24","slug":"remo-con-barra-en-t-cargado-con-placas-evolve-serie-econ-ec-070","status":"publish","type":"product","link":"https:\/\/store.evolve-fitness.eu\/es\/producto\/remo-con-barra-en-t-cargado-con-placas-evolve-serie-econ-ec-070\/","title":{"rendered":"Remo con barra en T cargado con placas Evolve Serie Econ (EC-070)"},"content":{"rendered":"","protected":false},"excerpt":{"rendered":"<p>El remo con barra en T cargado con placas de la serie Evolve Econ est\u00e1 dise\u00f1ado para desarrollar la espalda, los hombros y los brazos mediante un movimiento de remo potente y controlado. Su sistema de placas garantiza un ajuste suave de la resistencia, mientras que las opciones de agarre ancho y neutro promueven una activaci\u00f3n muscular equilibrada. Su construcci\u00f3n duradera y su dise\u00f1o ergon\u00f3mico lo hacen ideal para entornos de entrenamiento de fuerza tanto comerciales como profesionales.  <\/p>\n","protected":false},"featured_media":146359,"template":"","meta":{"_acf_changed":false,"inline_featured_image":false},"product_cat":[754,1179],"product_tag":[],"class_list":{"0":"post-146352","1":"product","2":"type-product","3":"status-publish","4":"has-post-thumbnail","6":"product_cat-maquinas-de-carga-de-placas","7":"product_cat-econ-series-placa-cargada","9":"first","10":"instock","11":"shipping-taxable","12":"purchasable","13":"product-type-simple"},"acf":[],"_links":{"self":[{"href":"https:\/\/store.evolve-fitness.eu\/es\/wp-json\/wp\/v2\/product\/146352","targetHints":{"allow":["GET"]}}],"collection":[{"href":"https:\/\/store.evolve-fitness.eu\/es\/wp-json\/wp\/v2\/product"}],"about":[{"href":"https:\/\/store.evolve-fitness.eu\/es\/wp-json\/wp\/v2\/types\/product"}],"wp:featuredmedia":[{"embeddable":true,"href":"https:\/\/store.evolve-fitness.eu\/es\/wp-json\/wp\/v2\/media\/146359"}],"wp:attachment":[{"href":"https:\/\/store.evolve-fitness.eu\/es\/wp-json\/wp\/v2\/media?parent=146352"}],"wp:term":[{"taxonomy":"product_cat","embeddable":true,"href":"https:\/\/store.evolve-fitness.eu\/es\/wp-json\/wp\/v2\/product_cat?post=146352"},{"taxonomy":"product_tag","embeddable":true,"href":"https:\/\/store.evolve-fitness.eu\/es\/wp-json\/wp\/v2\/product_tag?post=146352"}],"curies":[{"name":"wp","href":"https:\/\/api.w.org\/{rel}","templated":true}]}}