{"id":146267,"date":"2025-10-14T14:53:47","date_gmt":"2025-10-14T11:53:47","guid":{"rendered":"https:\/\/store.evolve-fitness.eu\/product\/evolve-serie-econ-fila-sentada-con-placa-ec-060\/"},"modified":"2025-10-14T14:53:47","modified_gmt":"2025-10-14T14:53:47","slug":"evolve-serie-econ-fila-sentada-con-placa-ec-060","status":"publish","type":"product","link":"https:\/\/store.evolve-fitness.eu\/es\/producto\/evolve-serie-econ-fila-sentada-con-placa-ec-060\/","title":{"rendered":"Evolve Serie Econ Fila sentada con placa (EC-060)"},"content":{"rendered":"","protected":false},"excerpt":{"rendered":"<p>El Remo Sentado con Placa de la Serie Evolve Econ est\u00e1 dise\u00f1ado para trabajar los m\u00fasculos superiores y medios de la espalda con un movimiento de tracci\u00f3n suave y controlado. Su sistema de resistencia con placas permite ajustar f\u00e1cilmente el peso, mientras que el asiento ergon\u00f3mico y el soporte pectoral garantizan una postura correcta y comodidad. Fabricada para ofrecer un rendimiento duradero, es una opci\u00f3n fiable para gimnasios comerciales y entornos de entrenamiento profesional.  <\/p>\n","protected":false},"featured_media":146268,"template":"","meta":{"_acf_changed":false,"inline_featured_image":false},"product_cat":[754,1179],"product_tag":[],"class_list":{"0":"post-146267","1":"product","2":"type-product","3":"status-publish","4":"has-post-thumbnail","6":"product_cat-maquinas-de-carga-de-placas","7":"product_cat-econ-series-placa-cargada","9":"first","10":"instock","11":"shipping-taxable","12":"purchasable","13":"product-type-simple"},"acf":[],"_links":{"self":[{"href":"https:\/\/store.evolve-fitness.eu\/es\/wp-json\/wp\/v2\/product\/146267","targetHints":{"allow":["GET"]}}],"collection":[{"href":"https:\/\/store.evolve-fitness.eu\/es\/wp-json\/wp\/v2\/product"}],"about":[{"href":"https:\/\/store.evolve-fitness.eu\/es\/wp-json\/wp\/v2\/types\/product"}],"wp:featuredmedia":[{"embeddable":true,"href":"https:\/\/store.evolve-fitness.eu\/es\/wp-json\/wp\/v2\/media\/146268"}],"wp:attachment":[{"href":"https:\/\/store.evolve-fitness.eu\/es\/wp-json\/wp\/v2\/media?parent=146267"}],"wp:term":[{"taxonomy":"product_cat","embeddable":true,"href":"https:\/\/store.evolve-fitness.eu\/es\/wp-json\/wp\/v2\/product_cat?post=146267"},{"taxonomy":"product_tag","embeddable":true,"href":"https:\/\/store.evolve-fitness.eu\/es\/wp-json\/wp\/v2\/product_tag?post=146267"}],"curies":[{"name":"wp","href":"https:\/\/api.w.org\/{rel}","templated":true}]}}