{"id":146222,"date":"2025-10-14T14:37:37","date_gmt":"2025-10-14T11:37:37","guid":{"rendered":"https:\/\/store.evolve-fitness.eu\/product\/evolve-econ-series-mosca-de-pecho-de-pie-con-placa-ec-040\/"},"modified":"2025-10-14T14:37:37","modified_gmt":"2025-10-14T14:37:37","slug":"evolve-econ-series-mosca-de-pecho-de-pie-con-placa-ec-040","status":"publish","type":"product","link":"https:\/\/store.evolve-fitness.eu\/es\/producto\/evolve-econ-series-mosca-de-pecho-de-pie-con-placa-ec-040\/","title":{"rendered":"Evolve Econ Series Mosca de Pecho de Pie con Placa (EC-040)"},"content":{"rendered":"","protected":false},"excerpt":{"rendered":"<p>El ejercicio pectoral de pie con placas de la serie Evolve Econ est\u00e1 dise\u00f1ado para aislar y desarrollar eficazmente los m\u00fasculos pectorales mediante un movimiento de pie controlado y natural. Su sistema de placas proporciona un ajuste suave de la resistencia, mientras que el dise\u00f1o ergon\u00f3mico del brazo garantiza un movimiento y un compromiso muscular adecuados. Fabricado con materiales duraderos, ofrece un rendimiento fiable tanto en gimnasios profesionales como comerciales.  <\/p>\n","protected":false},"featured_media":146223,"template":"","meta":{"_acf_changed":false,"inline_featured_image":false},"product_cat":[754,1179],"product_tag":[],"class_list":{"0":"post-146222","1":"product","2":"type-product","3":"status-publish","4":"has-post-thumbnail","6":"product_cat-maquinas-de-carga-de-placas","7":"product_cat-econ-series-placa-cargada","9":"first","10":"instock","11":"shipping-taxable","12":"purchasable","13":"product-type-simple"},"acf":[],"_links":{"self":[{"href":"https:\/\/store.evolve-fitness.eu\/es\/wp-json\/wp\/v2\/product\/146222","targetHints":{"allow":["GET"]}}],"collection":[{"href":"https:\/\/store.evolve-fitness.eu\/es\/wp-json\/wp\/v2\/product"}],"about":[{"href":"https:\/\/store.evolve-fitness.eu\/es\/wp-json\/wp\/v2\/types\/product"}],"wp:featuredmedia":[{"embeddable":true,"href":"https:\/\/store.evolve-fitness.eu\/es\/wp-json\/wp\/v2\/media\/146223"}],"wp:attachment":[{"href":"https:\/\/store.evolve-fitness.eu\/es\/wp-json\/wp\/v2\/media?parent=146222"}],"wp:term":[{"taxonomy":"product_cat","embeddable":true,"href":"https:\/\/store.evolve-fitness.eu\/es\/wp-json\/wp\/v2\/product_cat?post=146222"},{"taxonomy":"product_tag","embeddable":true,"href":"https:\/\/store.evolve-fitness.eu\/es\/wp-json\/wp\/v2\/product_tag?post=146222"}],"curies":[{"name":"wp","href":"https:\/\/api.w.org\/{rel}","templated":true}]}}