{"id":146009,"date":"2025-10-20T15:15:53","date_gmt":"2025-10-20T12:15:53","guid":{"rendered":"https:\/\/store.evolve-fitness.eu\/product\/adaptador-de-cable-evolve-ca-010\/"},"modified":"2026-03-13T12:01:56","modified_gmt":"2026-03-13T12:01:56","slug":"adaptador-de-cable-evolve-ca-010","status":"publish","type":"product","link":"https:\/\/store.evolve-fitness.eu\/es\/producto\/adaptador-de-cable-evolve-ca-010\/","title":{"rendered":"Adaptador de cable Evolve (CA-010)"},"content":{"rendered":"","protected":false},"excerpt":{"rendered":"<p>El accesorio de cable Evolve es un accesorio duradero y ergon\u00f3mico dise\u00f1ado para un entrenamiento de fuerza vers\u00e1til. Compatible con todas las m\u00e1quinas de cable est\u00e1ndar, permite un movimiento suave y controlado para ejercicios como flexiones de tr\u00edceps, curl de b\u00edceps y remo. Construido para ofrecer comodidad y precisi\u00f3n, es ideal tanto para gimnasios dom\u00e9sticos como comerciales.  <\/p>\n","protected":false},"featured_media":146010,"template":"","meta":{"_acf_changed":false,"inline_featured_image":false},"product_cat":[648,651],"product_tag":[],"class_list":{"0":"post-146009","1":"product","2":"type-product","3":"status-publish","4":"has-post-thumbnail","6":"product_cat-componentes-de-la-plataforma","7":"product_cat-accesorios","9":"first","10":"outofstock","11":"shipping-taxable","12":"purchasable","13":"product-type-simple"},"acf":[],"_links":{"self":[{"href":"https:\/\/store.evolve-fitness.eu\/es\/wp-json\/wp\/v2\/product\/146009","targetHints":{"allow":["GET"]}}],"collection":[{"href":"https:\/\/store.evolve-fitness.eu\/es\/wp-json\/wp\/v2\/product"}],"about":[{"href":"https:\/\/store.evolve-fitness.eu\/es\/wp-json\/wp\/v2\/types\/product"}],"wp:featuredmedia":[{"embeddable":true,"href":"https:\/\/store.evolve-fitness.eu\/es\/wp-json\/wp\/v2\/media\/146010"}],"wp:attachment":[{"href":"https:\/\/store.evolve-fitness.eu\/es\/wp-json\/wp\/v2\/media?parent=146009"}],"wp:term":[{"taxonomy":"product_cat","embeddable":true,"href":"https:\/\/store.evolve-fitness.eu\/es\/wp-json\/wp\/v2\/product_cat?post=146009"},{"taxonomy":"product_tag","embeddable":true,"href":"https:\/\/store.evolve-fitness.eu\/es\/wp-json\/wp\/v2\/product_tag?post=146009"}],"curies":[{"name":"wp","href":"https:\/\/api.w.org\/{rel}","templated":true}]}}