{"id":145980,"date":"2025-10-15T09:23:03","date_gmt":"2025-10-15T06:23:03","guid":{"rendered":"https:\/\/store.evolve-fitness.eu\/product\/levantamiento-de-pantorrilla-sentado-con-placa-evolve-econ-series-ec-190\/"},"modified":"2025-11-07T11:31:08","modified_gmt":"2025-11-07T11:31:08","slug":"levantamiento-de-pantorrilla-sentado-con-placa-evolve-econ-series-ec-190","status":"publish","type":"product","link":"https:\/\/store.evolve-fitness.eu\/es\/producto\/levantamiento-de-pantorrilla-sentado-con-placa-evolve-econ-series-ec-190\/","title":{"rendered":"Levantamiento de pantorrilla sentado con placa Evolve Econ Series (EC-190)"},"content":{"rendered":"","protected":false},"excerpt":{"rendered":"<p>La Pantorrillera Sentada con Placa de la Serie Evolve Econ est\u00e1 dise\u00f1ada para desarrollar y fortalecer los m\u00fasculos de la pantorrilla mediante un movimiento de elevaci\u00f3n suave y controlado. Su sistema de placas permite ajustar f\u00e1cilmente la resistencia, mientras que el asiento ergon\u00f3mico y los soportes acolchados para las piernas garantizan la comodidad y una posici\u00f3n adecuada. Construido con materiales duraderos para una fiabilidad a largo plazo, es un excelente complemento para las instalaciones de entrenamiento de fuerza tanto comerciales como profesionales.  <\/p>\n","protected":false},"featured_media":145993,"template":"","meta":{"_acf_changed":false,"inline_featured_image":false},"product_cat":[754,1179],"product_tag":[],"class_list":{"0":"post-145980","1":"product","2":"type-product","3":"status-publish","4":"has-post-thumbnail","6":"product_cat-maquinas-de-carga-de-placas","7":"product_cat-econ-series-placa-cargada","9":"first","10":"instock","11":"shipping-taxable","12":"purchasable","13":"product-type-simple"},"acf":[],"_links":{"self":[{"href":"https:\/\/store.evolve-fitness.eu\/es\/wp-json\/wp\/v2\/product\/145980","targetHints":{"allow":["GET"]}}],"collection":[{"href":"https:\/\/store.evolve-fitness.eu\/es\/wp-json\/wp\/v2\/product"}],"about":[{"href":"https:\/\/store.evolve-fitness.eu\/es\/wp-json\/wp\/v2\/types\/product"}],"wp:featuredmedia":[{"embeddable":true,"href":"https:\/\/store.evolve-fitness.eu\/es\/wp-json\/wp\/v2\/media\/145993"}],"wp:attachment":[{"href":"https:\/\/store.evolve-fitness.eu\/es\/wp-json\/wp\/v2\/media?parent=145980"}],"wp:term":[{"taxonomy":"product_cat","embeddable":true,"href":"https:\/\/store.evolve-fitness.eu\/es\/wp-json\/wp\/v2\/product_cat?post=145980"},{"taxonomy":"product_tag","embeddable":true,"href":"https:\/\/store.evolve-fitness.eu\/es\/wp-json\/wp\/v2\/product_tag?post=145980"}],"curies":[{"name":"wp","href":"https:\/\/api.w.org\/{rel}","templated":true}]}}