{"id":145937,"date":"2025-10-15T09:15:55","date_gmt":"2025-10-15T06:15:55","guid":{"rendered":"https:\/\/store.evolve-fitness.eu\/product\/abductor-de-cadera-en-bipedestacion-evolve-econ-series-con-placa-ec-180\/"},"modified":"2025-10-15T09:15:55","modified_gmt":"2025-10-15T09:15:55","slug":"abductor-de-cadera-en-bipedestacion-evolve-econ-series-con-placa-ec-180","status":"publish","type":"product","link":"https:\/\/store.evolve-fitness.eu\/es\/producto\/abductor-de-cadera-en-bipedestacion-evolve-econ-series-con-placa-ec-180\/","title":{"rendered":"Abductor de cadera en bipedestaci\u00f3n Evolve Econ Series con placa (EC-180)"},"content":{"rendered":"","protected":false},"excerpt":{"rendered":"<p>El Abductor de Cadera de Pie con Placa de Carga Evolve Econ Series est\u00e1 dise\u00f1ado para fortalecer y tonificar eficazmente la parte externa del muslo y los m\u00fasculos de los gl\u00fateos mediante un movimiento controlado de pie. Su sistema de resistencia con placas permite un ajuste suave y preciso de la carga, mientras que las almohadillas de apoyo ergon\u00f3micas garantizan comodidad y estabilidad. Construido para ofrecer durabilidad y rendimiento duraderos, es ideal para entornos de gimnasio comerciales y profesionales.  <\/p>\n","protected":false},"featured_media":145938,"template":"","meta":{"_acf_changed":false,"inline_featured_image":false},"product_cat":[754,1179],"product_tag":[],"class_list":{"0":"post-145937","1":"product","2":"type-product","3":"status-publish","4":"has-post-thumbnail","6":"product_cat-maquinas-de-carga-de-placas","7":"product_cat-econ-series-placa-cargada","9":"first","10":"instock","11":"shipping-taxable","12":"purchasable","13":"product-type-simple"},"acf":[],"_links":{"self":[{"href":"https:\/\/store.evolve-fitness.eu\/es\/wp-json\/wp\/v2\/product\/145937","targetHints":{"allow":["GET"]}}],"collection":[{"href":"https:\/\/store.evolve-fitness.eu\/es\/wp-json\/wp\/v2\/product"}],"about":[{"href":"https:\/\/store.evolve-fitness.eu\/es\/wp-json\/wp\/v2\/types\/product"}],"wp:featuredmedia":[{"embeddable":true,"href":"https:\/\/store.evolve-fitness.eu\/es\/wp-json\/wp\/v2\/media\/145938"}],"wp:attachment":[{"href":"https:\/\/store.evolve-fitness.eu\/es\/wp-json\/wp\/v2\/media?parent=145937"}],"wp:term":[{"taxonomy":"product_cat","embeddable":true,"href":"https:\/\/store.evolve-fitness.eu\/es\/wp-json\/wp\/v2\/product_cat?post=145937"},{"taxonomy":"product_tag","embeddable":true,"href":"https:\/\/store.evolve-fitness.eu\/es\/wp-json\/wp\/v2\/product_tag?post=145937"}],"curies":[{"name":"wp","href":"https:\/\/api.w.org\/{rel}","templated":true}]}}