{"id":145848,"date":"2025-10-15T08:36:34","date_gmt":"2025-10-15T05:36:34","guid":{"rendered":"https:\/\/store.evolve-fitness.eu\/product\/evolve-econ-series-empuje-vertical-de-cadera-con-placa-ec-150\/"},"modified":"2025-10-15T08:36:34","modified_gmt":"2025-10-15T08:36:34","slug":"evolve-econ-series-empuje-vertical-de-cadera-con-placa-ec-150","status":"publish","type":"product","link":"https:\/\/store.evolve-fitness.eu\/es\/producto\/evolve-econ-series-empuje-vertical-de-cadera-con-placa-ec-150\/","title":{"rendered":"Evolve Econ Series Empuje Vertical de Cadera con Placa (EC-150)"},"content":{"rendered":"","protected":false},"excerpt":{"rendered":"<p>El empuje vertical de cadera cargado con placas Evolve Econ Series est\u00e1 dise\u00f1ado para aislar y fortalecer los gl\u00fateos y los isquiotibiales mediante un potente movimiento de empuje vertical. Su sistema de resistencia con placas garantiza una carga suave y ajustable, mientras que la plataforma acolchada y la base estable proporcionan comodidad y seguridad durante el entrenamiento. Fabricado para ofrecer durabilidad y un rendimiento constante, es una opci\u00f3n excelente para instalaciones de entrenamiento de fuerza comerciales y profesionales.  <\/p>\n","protected":false},"featured_media":145849,"template":"","meta":{"_acf_changed":false,"inline_featured_image":false},"product_cat":[754,1179],"product_tag":[],"class_list":{"0":"post-145848","1":"product","2":"type-product","3":"status-publish","4":"has-post-thumbnail","6":"product_cat-maquinas-de-carga-de-placas","7":"product_cat-econ-series-placa-cargada","9":"first","10":"instock","11":"shipping-taxable","12":"purchasable","13":"product-type-simple"},"acf":[],"_links":{"self":[{"href":"https:\/\/store.evolve-fitness.eu\/es\/wp-json\/wp\/v2\/product\/145848","targetHints":{"allow":["GET"]}}],"collection":[{"href":"https:\/\/store.evolve-fitness.eu\/es\/wp-json\/wp\/v2\/product"}],"about":[{"href":"https:\/\/store.evolve-fitness.eu\/es\/wp-json\/wp\/v2\/types\/product"}],"wp:featuredmedia":[{"embeddable":true,"href":"https:\/\/store.evolve-fitness.eu\/es\/wp-json\/wp\/v2\/media\/145849"}],"wp:attachment":[{"href":"https:\/\/store.evolve-fitness.eu\/es\/wp-json\/wp\/v2\/media?parent=145848"}],"wp:term":[{"taxonomy":"product_cat","embeddable":true,"href":"https:\/\/store.evolve-fitness.eu\/es\/wp-json\/wp\/v2\/product_cat?post=145848"},{"taxonomy":"product_tag","embeddable":true,"href":"https:\/\/store.evolve-fitness.eu\/es\/wp-json\/wp\/v2\/product_tag?post=145848"}],"curies":[{"name":"wp","href":"https:\/\/api.w.org\/{rel}","templated":true}]}}