{"id":145799,"date":"2025-10-21T14:58:29","date_gmt":"2025-10-21T11:58:29","guid":{"rendered":"https:\/\/store.evolve-fitness.eu\/product\/cuerda-larga-para-triceps-evolve-gh-090\/"},"modified":"2026-03-27T12:00:51","modified_gmt":"2026-03-27T12:00:51","slug":"cuerda-larga-para-triceps-evolve-gh-090","status":"publish","type":"product","link":"https:\/\/store.evolve-fitness.eu\/es\/producto\/cuerda-larga-para-triceps-evolve-gh-090\/","title":{"rendered":"Cuerda larga para tr\u00edceps Evolve (GH-090)"},"content":{"rendered":"","protected":false},"excerpt":{"rendered":"<p>La cuerda larga para tr\u00edceps Evolve Econ Series (EV-AC-GH-090) es un accesorio de cable duradero y ergon\u00f3mico dise\u00f1ado para entrenamientos eficaces de la parte superior del cuerpo. Sus 140 cm de longitud proporcionan una mayor amplitud de movimiento para flexiones de tr\u00edceps, estiramientos faciales y otros ejercicios con cable. <\/p>\n<p>Fabricado con resistente nylon trenzado y extremos de acero reforzado, garantiza comodidad, agarre y larga duraci\u00f3n. Compatible con todas las m\u00e1quinas de cable est\u00e1ndar, es ideal tanto para uso dom\u00e9stico como en gimnasios comerciales, ayud\u00e1ndote a fortalecer y definir los brazos con precisi\u00f3n y control. <\/p>\n","protected":false},"featured_media":145804,"template":"","meta":{"_acf_changed":false,"inline_featured_image":false},"product_cat":[1139,725],"product_tag":[],"class_list":{"0":"post-145799","1":"product","2":"type-product","3":"status-publish","4":"has-post-thumbnail","6":"product_cat-maquinas-selectorizadas","7":"product_cat-accesorios-es","9":"first","10":"instock","11":"shipping-taxable","12":"purchasable","13":"product-type-simple"},"acf":[],"_links":{"self":[{"href":"https:\/\/store.evolve-fitness.eu\/es\/wp-json\/wp\/v2\/product\/145799","targetHints":{"allow":["GET"]}}],"collection":[{"href":"https:\/\/store.evolve-fitness.eu\/es\/wp-json\/wp\/v2\/product"}],"about":[{"href":"https:\/\/store.evolve-fitness.eu\/es\/wp-json\/wp\/v2\/types\/product"}],"wp:featuredmedia":[{"embeddable":true,"href":"https:\/\/store.evolve-fitness.eu\/es\/wp-json\/wp\/v2\/media\/145804"}],"wp:attachment":[{"href":"https:\/\/store.evolve-fitness.eu\/es\/wp-json\/wp\/v2\/media?parent=145799"}],"wp:term":[{"taxonomy":"product_cat","embeddable":true,"href":"https:\/\/store.evolve-fitness.eu\/es\/wp-json\/wp\/v2\/product_cat?post=145799"},{"taxonomy":"product_tag","embeddable":true,"href":"https:\/\/store.evolve-fitness.eu\/es\/wp-json\/wp\/v2\/product_tag?post=145799"}],"curies":[{"name":"wp","href":"https:\/\/api.w.org\/{rel}","templated":true}]}}